

{"id":14832,"date":"2022-03-18T22:53:34","date_gmt":"2022-03-18T21:53:34","guid":{"rendered":"https:\/\/www.fo-gamapa.de\/unsere-leistungen-family-office-duesseldorf\/"},"modified":"2026-01-22T14:13:47","modified_gmt":"2026-01-22T13:13:47","slug":"ouer-services","status":"publish","type":"page","link":"https:\/\/www.fo-gamapa.de\/en\/ouer-services\/","title":{"rendered":"Our services as your independent private secretary"},"content":{"rendered":"\n<div class=\"wp-block-columns inhalt is-layout-flex wp-container-core-columns-is-layout-9d6595d7 wp-block-columns-is-layout-flex\">\n<div class=\"wp-block-column is-layout-flow wp-block-column-is-layout-flow\">\n<p>We create time and transparency for you:<\/p>\n\n\n\n<div class=\"wp-block-pb-accordion-item c-accordion__item js-accordion-item no-js\" data-initially-open=\"false\" data-click-to-close=\"true\" data-auto-close=\"true\" data-scroll=\"false\" data-scroll-offset=\"0\"><h2 id=\"at-148320\" class=\"c-accordion__title js-accordion-controller\" role=\"button\">Asset coordination<\/h2><div id=\"ac-148320\" class=\"c-accordion__content\">\n<ul class=\"wp-block-list\">\n<li><strong>Strategic asset allocation <\/strong>\n<ul class=\"wp-block-list\">\n<li>Structuring of assets by asset class<\/li>\n\n\n\n<li>Focus on return and risk<\/li>\n\n\n\n<li>Target\/actual comparison and regular exchange<\/li>\n<\/ul>\n<\/li>\n\n\n\n<li><strong>Administrative management<\/strong>\n<ul class=\"wp-block-list\">\n<li>Supplementary office management<\/li>\n<\/ul>\n<\/li>\n\n\n\n<li><strong>Emergency planning<\/strong><\/li>\n\n\n\n<li><strong>Family governance<\/strong><\/li>\n\n\n\n<li><strong>Generational transition<\/strong><\/li>\n<\/ul>\n<\/div><\/div>\n\n\n\n<p><\/p>\n\n\n\n<div class=\"wp-block-pb-accordion-item c-accordion__item js-accordion-item no-js\" data-initially-open=\"false\" data-click-to-close=\"true\" data-auto-close=\"true\" data-scroll=\"false\" data-scroll-offset=\"0\"><h2 id=\"at-148321\" class=\"c-accordion__title js-accordion-controller\" role=\"button\">Reporting and Controlling <\/h2><div id=\"ac-148321\" class=\"c-accordion__content\">\n<p><strong>Digital and analog<\/strong>.<\/p>\n\n\n\n<p>Everything here revolves around figures, data and facts: Using state-of-the-art technology, we provide you with an overview of your assets that can be called up at any time in order to highlight risks and the potential for change in your assets. This allows decisions made to be adjusted and planned decisions to be weighed up and prepared. <\/p>\n\n\n\n<figure class=\"wp-block-image size-full\"><img decoding=\"async\" src=\"https:\/\/www.fo-gamapa.de\/wp-content\/uploads\/2022\/03\/Grafik-Family-Office.jpg\" alt=\"\" class=\"wp-image-12640\"\/><\/figure>\n\n\n\n<p><\/p>\n\n\n\n<p>The reporting evaluations are presented by us at the intervals you require and are addressed to your family and &#8211; if desired &#8211; to your advisors and\/or external asset managers.<\/p>\n\n\n\n<p><strong>We create transparency.<\/strong><\/p>\n<\/div><\/div>\n\n\n\n<div style=\"height:20px\" aria-hidden=\"true\" class=\"wp-block-spacer\"><\/div>\n\n\n\n<div class=\"wp-block-pb-accordion-item c-accordion__item js-accordion-item no-js\" data-initially-open=\"false\" data-click-to-close=\"true\" data-auto-close=\"true\" data-scroll=\"false\" data-scroll-offset=\"0\"><h2 id=\"at-148322\" class=\"c-accordion__title js-accordion-controller\" role=\"button\">Manager selection<\/h2><div id=\"ac-148322\" class=\"c-accordion__content\">\n<ul class=\"wp-block-list\">\n<li><strong>Selection of managers for liquid and illiquid assets<\/strong>\n<ul class=\"wp-block-list\">\n<li>Access<\/li>\n\n\n\n<li>Overview of conditions<\/li>\n\n\n\n<li>Transparency<\/li>\n<\/ul>\n<\/li>\n<\/ul>\n<\/div><\/div>\n\n\n\n<p><\/p>\n\n\n\n<div class=\"wp-block-pb-accordion-item c-accordion__item js-accordion-item no-js\" data-initially-open=\"false\" data-click-to-close=\"true\" data-auto-close=\"true\" data-scroll=\"false\" data-scroll-offset=\"0\"><h2 id=\"at-148323\" class=\"c-accordion__title js-accordion-controller\" role=\"button\">Real estate management<\/h2><div id=\"ac-148323\" class=\"c-accordion__content\">\n<ul class=\"wp-block-list\">\n<li><strong>Support at all levels:<\/strong>\n<ul class=\"wp-block-list\">\n<li>\u00a0 Cash flow management<\/li>\n\n\n\n<li>\u00a0 Contract management<\/li>\n\n\n\n<li>\u00a0 Link to property management<\/li>\n\n\n\n<li>\u00a0 Intermediary services<\/li>\n<\/ul>\n<\/li>\n<\/ul>\n<\/div><\/div>\n\n\n\n<p><\/p>\n\n\n\n<div class=\"wp-block-pb-accordion-item c-accordion__item js-accordion-item no-js\" data-initially-open=\"false\" data-click-to-close=\"true\" data-auto-close=\"true\" data-scroll=\"false\" data-scroll-offset=\"0\"><h2 id=\"at-148324\" class=\"c-accordion__title js-accordion-controller\" role=\"button\">Alternative Investments<\/h2><div id=\"ac-148324\" class=\"c-accordion__content\">\n<p><strong>Managed account model for high net worth individuals.<\/strong><\/p>\n\n\n\n<ul class=\"wp-block-list\">\n<li><strong>Cash flow and portfolio simulation<\/strong><\/li>\n\n\n\n<li><strong>Inclusion of existing portfolio<\/strong><\/li>\n\n\n\n<li><strong>Target allocation and target TVPI \u00a0 <\/strong><\/li>\n\n\n\n<li><strong>Annual subscription amounts<\/strong><\/li>\n<\/ul>\n<\/div><\/div>\n\n\n\n<p><\/p>\n\n\n\n<div class=\"wp-block-pb-accordion-item c-accordion__item js-accordion-item no-js\" data-initially-open=\"false\" data-click-to-close=\"true\" data-auto-close=\"true\" data-scroll=\"false\" data-scroll-offset=\"0\"><h2 id=\"at-148325\" class=\"c-accordion__title js-accordion-controller\" role=\"button\">Law firm expertise<\/h2><div id=\"ac-148325\" class=\"c-accordion__content\">\n<ul class=\"wp-block-list\">\n<li><strong>Tax and legal advice<\/strong><\/li>\n\n\n\n<li><strong>M&amp;A<\/strong><\/li>\n\n\n\n<li><strong>Art consultancy \u00a0 <\/strong><\/li>\n\n\n\n<li><strong>Foundation consultancy<\/strong><\/li>\n<\/ul>\n<\/div><\/div>\n\n\n\n<div style=\"height:20px\" aria-hidden=\"true\" class=\"wp-block-spacer\"><\/div>\n\n\n\n<div style=\"height:20px\" aria-hidden=\"true\" class=\"wp-block-spacer\"><\/div>\n\n\n\n<div style=\"height:20px\" aria-hidden=\"true\" class=\"wp-block-spacer\"><\/div>\n\n\n\n<div class=\"wp-block-buttons inhalt is-content-justification-right is-layout-flex wp-container-core-buttons-is-layout-765c4724 wp-block-buttons-is-layout-flex\">\n<div class=\"wp-block-button zurueck lee is-style-fill\"><a class=\"wp-block-button__link wp-element-button\" href=\"https:\/\/www.fo-gamapa.de\/en\/contact-family-office-duesseldorf\/\">Contact<\/a><\/div>\n<\/div>\n\n\n\n<p><\/p>\n\n\n\n<p><\/p>\n<\/div>\n<\/div>\n","protected":false},"excerpt":{"rendered":"<p>We create time and transparency for you:<\/p>\n","protected":false},"author":1,"featured_media":14687,"parent":0,"menu_order":5,"comment_status":"closed","ping_status":"closed","template":"templates\/template-full-width.php","meta":{"_acf_changed":false,"_uag_custom_page_level_css":"","footnotes":""},"class_list":["post-14832","page","type-page","status-publish","has-post-thumbnail","hentry"],"acf":[],"yoast_head":"<!-- This site is optimized with the Yoast SEO plugin v27.2 - https:\/\/yoast.com\/product\/yoast-seo-wordpress\/ -->\n<title>Our services as your independent private secretary - GANTEF\u00dcHRER Family Office<\/title>\n<meta name=\"description\" content=\"Gantef\u00fchrer Family Office \u2013 unsere Leistungen: Administration Ihres Verm\u00f6gens, Verm\u00f6gensaggregation, -controlling und -reporting, Unterst\u00fctzung bei der Auswahl von Verm\u00f6gens- und Immobilienverwaltern, Immobilienmanagement, Begleitung steuerlicher und rechtlicher Themen\" \/>\n<meta name=\"robots\" content=\"index, follow, max-snippet:-1, max-image-preview:large, max-video-preview:-1\" \/>\n<link rel=\"canonical\" href=\"https:\/\/www.fo-gamapa.de\/en\/ouer-services\/\" \/>\n<meta property=\"og:locale\" content=\"en_US\" \/>\n<meta property=\"og:type\" content=\"article\" \/>\n<meta property=\"og:title\" content=\"Our services as your independent private secretary - GANTEF\u00dcHRER Family Office\" \/>\n<meta property=\"og:description\" content=\"Gantef\u00fchrer Family Office \u2013 unsere Leistungen: Administration Ihres Verm\u00f6gens, Verm\u00f6gensaggregation, -controlling und -reporting, Unterst\u00fctzung bei der Auswahl von Verm\u00f6gens- und Immobilienverwaltern, Immobilienmanagement, Begleitung steuerlicher und rechtlicher Themen\" \/>\n<meta property=\"og:url\" content=\"https:\/\/www.fo-gamapa.de\/en\/ouer-services\/\" \/>\n<meta property=\"og:site_name\" content=\"GANTEF\u00dcHRER Family Office\" \/>\n<meta property=\"article:modified_time\" content=\"2026-01-22T13:13:47+00:00\" \/>\n<meta property=\"og:image\" content=\"https:\/\/www.fo-gamapa.de\/wp-content\/uploads\/2023\/04\/Header-Leistungen-scaled-1.jpg\" \/>\n\t<meta property=\"og:image:width\" content=\"2560\" \/>\n\t<meta property=\"og:image:height\" content=\"764\" \/>\n\t<meta property=\"og:image:type\" content=\"image\/jpeg\" \/>\n<meta name=\"twitter:card\" content=\"summary_large_image\" \/>\n<meta name=\"twitter:label1\" content=\"Est. reading time\" \/>\n\t<meta name=\"twitter:data1\" content=\"2 minutes\" \/>\n<script type=\"application\/ld+json\" class=\"yoast-schema-graph\">{\"@context\":\"https:\/\/schema.org\",\"@graph\":[{\"@type\":\"WebPage\",\"@id\":\"https:\/\/www.fo-gamapa.de\/en\/ouer-services\/\",\"url\":\"https:\/\/www.fo-gamapa.de\/en\/ouer-services\/\",\"name\":\"Our services as your independent private secretary - GANTEF\u00dcHRER Family Office\",\"isPartOf\":{\"@id\":\"https:\/\/www.fo-gamapa.de\/en\/#website\"},\"primaryImageOfPage\":{\"@id\":\"https:\/\/www.fo-gamapa.de\/en\/ouer-services\/#primaryimage\"},\"image\":{\"@id\":\"https:\/\/www.fo-gamapa.de\/en\/ouer-services\/#primaryimage\"},\"thumbnailUrl\":\"https:\/\/www.fo-gamapa.de\/wp-content\/uploads\/2023\/04\/Header-Leistungen-scaled-1.jpg\",\"datePublished\":\"2022-03-18T21:53:34+00:00\",\"dateModified\":\"2026-01-22T13:13:47+00:00\",\"description\":\"Gantef\u00fchrer Family Office \u2013 unsere Leistungen: Administration Ihres Verm\u00f6gens, Verm\u00f6gensaggregation, -controlling und -reporting, Unterst\u00fctzung bei der Auswahl von Verm\u00f6gens- und Immobilienverwaltern, Immobilienmanagement, Begleitung steuerlicher und rechtlicher Themen\",\"inLanguage\":\"en-US\",\"potentialAction\":[{\"@type\":\"ReadAction\",\"target\":[\"https:\/\/www.fo-gamapa.de\/en\/ouer-services\/\"]}]},{\"@type\":\"ImageObject\",\"inLanguage\":\"en-US\",\"@id\":\"https:\/\/www.fo-gamapa.de\/en\/ouer-services\/#primaryimage\",\"url\":\"https:\/\/www.fo-gamapa.de\/wp-content\/uploads\/2023\/04\/Header-Leistungen-scaled-1.jpg\",\"contentUrl\":\"https:\/\/www.fo-gamapa.de\/wp-content\/uploads\/2023\/04\/Header-Leistungen-scaled-1.jpg\",\"width\":2560,\"height\":764,\"caption\":\"Multi Family Office D\u00fcsseldorf Leistungen\"},{\"@type\":\"WebSite\",\"@id\":\"https:\/\/www.fo-gamapa.de\/en\/#website\",\"url\":\"https:\/\/www.fo-gamapa.de\/en\/\",\"name\":\"GANTEF\u00dcHRER Family Office\",\"description\":\"unabh\u00e4ngiges Multi-Family Office in D\u00fcsseldorf\",\"publisher\":{\"@id\":\"https:\/\/www.fo-gamapa.de\/en\/#organization\"},\"potentialAction\":[{\"@type\":\"SearchAction\",\"target\":{\"@type\":\"EntryPoint\",\"urlTemplate\":\"https:\/\/www.fo-gamapa.de\/en\/?s={search_term_string}\"},\"query-input\":{\"@type\":\"PropertyValueSpecification\",\"valueRequired\":true,\"valueName\":\"search_term_string\"}}],\"inLanguage\":\"en-US\"},{\"@type\":\"Organization\",\"@id\":\"https:\/\/www.fo-gamapa.de\/en\/#organization\",\"name\":\"GANTEF\u00dcHRER Family Office\",\"url\":\"https:\/\/www.fo-gamapa.de\/en\/\",\"logo\":{\"@type\":\"ImageObject\",\"inLanguage\":\"en-US\",\"@id\":\"https:\/\/www.fo-gamapa.de\/en\/#\/schema\/logo\/image\/\",\"url\":\"https:\/\/www.fo-gamapa.de\/wp-content\/uploads\/2023\/04\/Logo-Gantefuehrer-Famiy-Offices.png\",\"contentUrl\":\"https:\/\/www.fo-gamapa.de\/wp-content\/uploads\/2023\/04\/Logo-Gantefuehrer-Famiy-Offices.png\",\"width\":767,\"height\":156,\"caption\":\"GANTEF\u00dcHRER Family Office\"},\"image\":{\"@id\":\"https:\/\/www.fo-gamapa.de\/en\/#\/schema\/logo\/image\/\"}}]}<\/script>\n<!-- \/ Yoast SEO plugin. -->","yoast_head_json":{"title":"Our services as your independent private secretary - GANTEF\u00dcHRER Family Office","description":"Gantef\u00fchrer Family Office \u2013 unsere Leistungen: Administration Ihres Verm\u00f6gens, Verm\u00f6gensaggregation, -controlling und -reporting, Unterst\u00fctzung bei der Auswahl von Verm\u00f6gens- und Immobilienverwaltern, Immobilienmanagement, Begleitung steuerlicher und rechtlicher Themen","robots":{"index":"index","follow":"follow","max-snippet":"max-snippet:-1","max-image-preview":"max-image-preview:large","max-video-preview":"max-video-preview:-1"},"canonical":"https:\/\/www.fo-gamapa.de\/en\/ouer-services\/","og_locale":"en_US","og_type":"article","og_title":"Our services as your independent private secretary - GANTEF\u00dcHRER Family Office","og_description":"Gantef\u00fchrer Family Office \u2013 unsere Leistungen: Administration Ihres Verm\u00f6gens, Verm\u00f6gensaggregation, -controlling und -reporting, Unterst\u00fctzung bei der Auswahl von Verm\u00f6gens- und Immobilienverwaltern, Immobilienmanagement, Begleitung steuerlicher und rechtlicher Themen","og_url":"https:\/\/www.fo-gamapa.de\/en\/ouer-services\/","og_site_name":"GANTEF\u00dcHRER Family Office","article_modified_time":"2026-01-22T13:13:47+00:00","og_image":[{"width":2560,"height":764,"url":"https:\/\/www.fo-gamapa.de\/wp-content\/uploads\/2023\/04\/Header-Leistungen-scaled-1.jpg","type":"image\/jpeg"}],"twitter_card":"summary_large_image","twitter_misc":{"Est. reading time":"2 minutes"},"schema":{"@context":"https:\/\/schema.org","@graph":[{"@type":"WebPage","@id":"https:\/\/www.fo-gamapa.de\/en\/ouer-services\/","url":"https:\/\/www.fo-gamapa.de\/en\/ouer-services\/","name":"Our services as your independent private secretary - GANTEF\u00dcHRER Family Office","isPartOf":{"@id":"https:\/\/www.fo-gamapa.de\/en\/#website"},"primaryImageOfPage":{"@id":"https:\/\/www.fo-gamapa.de\/en\/ouer-services\/#primaryimage"},"image":{"@id":"https:\/\/www.fo-gamapa.de\/en\/ouer-services\/#primaryimage"},"thumbnailUrl":"https:\/\/www.fo-gamapa.de\/wp-content\/uploads\/2023\/04\/Header-Leistungen-scaled-1.jpg","datePublished":"2022-03-18T21:53:34+00:00","dateModified":"2026-01-22T13:13:47+00:00","description":"Gantef\u00fchrer Family Office \u2013 unsere Leistungen: Administration Ihres Verm\u00f6gens, Verm\u00f6gensaggregation, -controlling und -reporting, Unterst\u00fctzung bei der Auswahl von Verm\u00f6gens- und Immobilienverwaltern, Immobilienmanagement, Begleitung steuerlicher und rechtlicher Themen","inLanguage":"en-US","potentialAction":[{"@type":"ReadAction","target":["https:\/\/www.fo-gamapa.de\/en\/ouer-services\/"]}]},{"@type":"ImageObject","inLanguage":"en-US","@id":"https:\/\/www.fo-gamapa.de\/en\/ouer-services\/#primaryimage","url":"https:\/\/www.fo-gamapa.de\/wp-content\/uploads\/2023\/04\/Header-Leistungen-scaled-1.jpg","contentUrl":"https:\/\/www.fo-gamapa.de\/wp-content\/uploads\/2023\/04\/Header-Leistungen-scaled-1.jpg","width":2560,"height":764,"caption":"Multi Family Office D\u00fcsseldorf Leistungen"},{"@type":"WebSite","@id":"https:\/\/www.fo-gamapa.de\/en\/#website","url":"https:\/\/www.fo-gamapa.de\/en\/","name":"GANTEF\u00dcHRER Family Office","description":"unabh\u00e4ngiges Multi-Family Office in D\u00fcsseldorf","publisher":{"@id":"https:\/\/www.fo-gamapa.de\/en\/#organization"},"potentialAction":[{"@type":"SearchAction","target":{"@type":"EntryPoint","urlTemplate":"https:\/\/www.fo-gamapa.de\/en\/?s={search_term_string}"},"query-input":{"@type":"PropertyValueSpecification","valueRequired":true,"valueName":"search_term_string"}}],"inLanguage":"en-US"},{"@type":"Organization","@id":"https:\/\/www.fo-gamapa.de\/en\/#organization","name":"GANTEF\u00dcHRER Family Office","url":"https:\/\/www.fo-gamapa.de\/en\/","logo":{"@type":"ImageObject","inLanguage":"en-US","@id":"https:\/\/www.fo-gamapa.de\/en\/#\/schema\/logo\/image\/","url":"https:\/\/www.fo-gamapa.de\/wp-content\/uploads\/2023\/04\/Logo-Gantefuehrer-Famiy-Offices.png","contentUrl":"https:\/\/www.fo-gamapa.de\/wp-content\/uploads\/2023\/04\/Logo-Gantefuehrer-Famiy-Offices.png","width":767,"height":156,"caption":"GANTEF\u00dcHRER Family Office"},"image":{"@id":"https:\/\/www.fo-gamapa.de\/en\/#\/schema\/logo\/image\/"}}]}},"uagb_featured_image_src":{"full":["https:\/\/www.fo-gamapa.de\/wp-content\/uploads\/2023\/04\/Header-Leistungen-scaled-1.jpg",2560,764,false],"thumbnail":["https:\/\/www.fo-gamapa.de\/wp-content\/uploads\/2023\/04\/Header-Leistungen-scaled-1-150x150.jpg",150,150,true],"medium":["https:\/\/www.fo-gamapa.de\/wp-content\/uploads\/2023\/04\/Header-Leistungen-scaled-1-600x179.jpg",600,179,true],"medium_large":["https:\/\/www.fo-gamapa.de\/wp-content\/uploads\/2023\/04\/Header-Leistungen-scaled-1-768x229.jpg",580,173,true],"large":["https:\/\/www.fo-gamapa.de\/wp-content\/uploads\/2023\/04\/Header-Leistungen-scaled-1.jpg",580,173,false],"1536x1536":["https:\/\/www.fo-gamapa.de\/wp-content\/uploads\/2023\/04\/Header-Leistungen-scaled-1-1536x458.jpg",1536,458,true],"2048x2048":["https:\/\/www.fo-gamapa.de\/wp-content\/uploads\/2023\/04\/Header-Leistungen-scaled-1-2048x611.jpg",2048,611,true],"post-thumbnail":["https:\/\/www.fo-gamapa.de\/wp-content\/uploads\/2023\/04\/Header-Leistungen-scaled-1.jpg",2560,764,false],"twentytwenty-fullscreen":["https:\/\/www.fo-gamapa.de\/wp-content\/uploads\/2023\/04\/Header-Leistungen-scaled-1.jpg",2560,764,false],"theme-slug-single-post":["https:\/\/www.fo-gamapa.de\/wp-content\/uploads\/2023\/04\/Header-Leistungen-scaled-1-1600x400.jpg",1600,400,true]},"uagb_author_info":{"display_name":"linda","author_link":"https:\/\/www.fo-gamapa.de\/en\/author\/linda\/"},"uagb_comment_info":0,"uagb_excerpt":"We create time and transparency for you:","_links":{"self":[{"href":"https:\/\/www.fo-gamapa.de\/en\/wp-json\/wp\/v2\/pages\/14832","targetHints":{"allow":["GET"]}}],"collection":[{"href":"https:\/\/www.fo-gamapa.de\/en\/wp-json\/wp\/v2\/pages"}],"about":[{"href":"https:\/\/www.fo-gamapa.de\/en\/wp-json\/wp\/v2\/types\/page"}],"author":[{"embeddable":true,"href":"https:\/\/www.fo-gamapa.de\/en\/wp-json\/wp\/v2\/users\/1"}],"replies":[{"embeddable":true,"href":"https:\/\/www.fo-gamapa.de\/en\/wp-json\/wp\/v2\/comments?post=14832"}],"version-history":[{"count":16,"href":"https:\/\/www.fo-gamapa.de\/en\/wp-json\/wp\/v2\/pages\/14832\/revisions"}],"predecessor-version":[{"id":15238,"href":"https:\/\/www.fo-gamapa.de\/en\/wp-json\/wp\/v2\/pages\/14832\/revisions\/15238"}],"wp:featuredmedia":[{"embeddable":true,"href":"https:\/\/www.fo-gamapa.de\/en\/wp-json\/wp\/v2\/media\/14687"}],"wp:attachment":[{"href":"https:\/\/www.fo-gamapa.de\/en\/wp-json\/wp\/v2\/media?parent=14832"}],"curies":[{"name":"wp","href":"https:\/\/api.w.org\/{rel}","templated":true}]}}