

{"id":14852,"date":"2022-03-20T15:56:10","date_gmt":"2022-03-20T14:56:10","guid":{"rendered":"https:\/\/www.fo-gamapa.de\/kontakt-family-office-duesseldorf\/"},"modified":"2026-01-22T14:13:47","modified_gmt":"2026-01-22T13:13:47","slug":"contact-family-office-duesseldorf","status":"publish","type":"page","link":"https:\/\/www.fo-gamapa.de\/en\/contact-family-office-duesseldorf\/","title":{"rendered":"Contact"},"content":{"rendered":"\n<div class=\"wp-block-group bre is-layout-constrained wp-block-group-is-layout-constrained\">\n<div class=\"wp-block-columns halb2 is-layout-flex wp-container-core-columns-is-layout-9d6595d7 wp-block-columns-is-layout-flex\">\n<div class=\"wp-block-column is-layout-flow wp-block-column-is-layout-flow\">\n<figure class=\"wp-block-image size-full bii\"><a href=\"https:\/\/www.fo-gamapa.de\/en\/patrick-heidemanns\/\"><img loading=\"lazy\" decoding=\"async\" width=\"850\" height=\"575\" src=\"https:\/\/www.fo-gamapa.de\/wp-content\/uploads\/2026\/01\/Heidemanns-FO.jpg\" alt=\"Patrick Heidemanns\" class=\"wp-image-15415\" srcset=\"https:\/\/www.fo-gamapa.de\/wp-content\/uploads\/2026\/01\/Heidemanns-FO.jpg 850w, https:\/\/www.fo-gamapa.de\/wp-content\/uploads\/2026\/01\/Heidemanns-FO-600x406.jpg 600w, https:\/\/www.fo-gamapa.de\/wp-content\/uploads\/2026\/01\/Heidemanns-FO-768x520.jpg 768w\" sizes=\"auto, (max-width: 850px) 100vw, 850px\" \/><\/a><\/figure>\n<\/div>\n\n\n\n<div class=\"wp-block-column hall is-layout-flow wp-block-column-is-layout-flow\">\n<p class=\"blau blu\"><strong>Patrick Heidemanns<\/strong><\/p>\n\n\n\n<ul style=\"margin-left:0px!important; margin-top:0px!important; margin-bottom:0px!important\"><li>\tHead of Family Office<\/li><\/ul>\n\n\n\n<p><\/p>\n\n\n\n<p class=\"emai\">E-Mail:&nbsp;<a href=\"mailto:heidemanns@fo-gamapa.de\">heidemanns@fo-gamapa.de<\/a><br>Tel.: +49 211 8989-113<br>Fax: +49 211 8989-150<\/p>\n\n\n\n<p><\/p>\n<\/div>\n<\/div>\n\n\n\n<div class=\"wp-block-columns halb2 is-layout-flex wp-container-core-columns-is-layout-9d6595d7 wp-block-columns-is-layout-flex\">\n<div class=\"wp-block-column is-layout-flow wp-block-column-is-layout-flow\">\n<figure class=\"wp-block-image size-full bii\"><a href=\"https:\/\/www.fo-gamapa.de\/en\/martin-vennedey\/\"><img loading=\"lazy\" decoding=\"async\" width=\"850\" height=\"575\" src=\"https:\/\/www.fo-gamapa.de\/wp-content\/uploads\/2026\/01\/Vennedey-FO.jpg\" alt=\"Martin Vennedey\" class=\"wp-image-15420\" srcset=\"https:\/\/www.fo-gamapa.de\/wp-content\/uploads\/2026\/01\/Vennedey-FO.jpg 850w, https:\/\/www.fo-gamapa.de\/wp-content\/uploads\/2026\/01\/Vennedey-FO-600x406.jpg 600w, https:\/\/www.fo-gamapa.de\/wp-content\/uploads\/2026\/01\/Vennedey-FO-768x520.jpg 768w\" sizes=\"auto, (max-width: 850px) 100vw, 850px\" \/><\/a><\/figure>\n<\/div>\n\n\n\n<div class=\"wp-block-column hall is-layout-flow wp-block-column-is-layout-flow\">\n<p class=\"blau blu\"><strong>Martin Vennedey<\/strong><\/p>\n\n\n\n<ul style=\"margin-left:0px!important; margin-top:0px!important; margin-bottom:0px!important\"><li>\tSenior Family Officer<\/li><\/ul>\n\n\n\n<p><\/p>\n\n\n\n<p class=\"emai\">E-Mail:&nbsp;<a href=\"mailto:vennedey@fo-gamapa.de\" target=\"_blank\" rel=\"noreferrer noopener\">vennedey@fo-gamapa.de<\/a><br>Tel.: +49 211 8989-221<br>Fax: +49 211 8989-150<\/p>\n\n\n\n<p><\/p>\n<\/div>\n<\/div>\n\n\n\n<div class=\"wp-block-columns halb2 is-layout-flex wp-container-core-columns-is-layout-9d6595d7 wp-block-columns-is-layout-flex\">\n<div class=\"wp-block-column is-layout-flow wp-block-column-is-layout-flow\">\n<figure class=\"wp-block-image size-full bii\"><a href=\"https:\/\/www.fo-gamapa.de\/en\/sarah-nellessen\/\"><img loading=\"lazy\" decoding=\"async\" width=\"600\" height=\"389\" src=\"https:\/\/www.fo-gamapa.de\/wp-content\/uploads\/2024\/09\/Nellessen_1neu.jpg\" alt=\"\" class=\"wp-image-15101\"\/><\/a><\/figure>\n<\/div>\n\n\n\n<div class=\"wp-block-column hall is-layout-flow wp-block-column-is-layout-flow\">\n<p class=\"blau blu\"><strong><mark style=\"background-color:rgba(0, 0, 0, 0)\" class=\"has-inline-color has-dunkelblau-color\"><a href=\"https:\/\/www.fo-gamapa.de\/en\/sarah-nellessen\/\">Sarah Nelle\u00dfen<\/a><\/mark><\/strong><\/p>\n\n\n\n<ul style=\"margin-left:0px!important; margin-top:0px!important; margin-bottom:0px!important\"><li>\tOffice Manager at Gantef\u00fchrer Family Office<\/li><li>Legal assistant<\/li><\/ul>\n\n\n\n<p><\/p>\n\n\n\n<p class=\"emai\">E-Mail:&nbsp;<a href=\"mailto:nellessen@fo-gamapa.de\">nellessen@fo-gamapa.<\/a><a href=\"mailto:nellessen@gamapa.de\">de<\/a><br>Tel.: +49 211 8989-197<br>Fax: +49 211 8989-150<\/p>\n\n\n\n<p><\/p>\n<\/div>\n<\/div>\n\n\n\n<div class=\"wp-block-columns halb is-layout-flex wp-container-core-columns-is-layout-9d6595d7 wp-block-columns-is-layout-flex\">\n<div class=\"wp-block-column is-layout-flow wp-block-column-is-layout-flow\">\n<figure class=\"wp-block-image size-full bii\"><a href=\"https:\/\/www.fo-gamapa.de\/en\/anja-scheren-picken\/\"><img loading=\"lazy\" decoding=\"async\" width=\"600\" height=\"389\" src=\"https:\/\/www.fo-gamapa.de\/wp-content\/uploads\/2024\/09\/ScherenPicken_bear.jpg\" alt=\"\" class=\"wp-image-15131\"\/><\/a><\/figure>\n<\/div>\n\n\n\n<div class=\"wp-block-column hall is-layout-flow wp-block-column-is-layout-flow\">\n<p><strong><a href=\"https:\/\/www.fo-gamapa.de\/en\/anja-scheren-picken\/\">Anja Scheren-Picken<\/a><\/strong><\/p>\n\n\n\n<ul style=\"margin-left:0px!important; margin-top:0px!important; margin-bottom:0px!important\"><li>Accountant<\/li><li>Private office<\/li><\/ul>\n\n\n\n<p class=\"has-text-align-left emai\">E-Mail: <a href=\"mailto:scheren@fo-gamapa.de\">scheren@fo-gamapa.de<\/a><br>Tel.: +49 211 8989-133<br>Fax: +49 211 8989-150<\/p>\n\n\n\n<p><\/p>\n<\/div>\n<\/div>\n\n\n\n<div class=\"wp-block-columns halb is-layout-flex wp-container-core-columns-is-layout-9d6595d7 wp-block-columns-is-layout-flex\">\n<div class=\"wp-block-column is-layout-flow wp-block-column-is-layout-flow\">\n<figure class=\"wp-block-image size-full bii\"><a href=\"https:\/\/www.fo-gamapa.de\/en\/nicole-wittinghofer-vermoegenscontrollerin\/\"><img loading=\"lazy\" decoding=\"async\" width=\"600\" height=\"389\" src=\"https:\/\/www.fo-gamapa.de\/wp-content\/uploads\/2024\/09\/Wittinghofer_1neu.jpg\" alt=\"\" class=\"wp-image-15111\"\/><\/a><\/figure>\n<\/div>\n\n\n\n<div class=\"wp-block-column hall is-layout-flow wp-block-column-is-layout-flow\">\n<p><a href=\"https:\/\/www.fo-gamapa.de\/en\/nicole-wittinghofer-vermoegenscontrollerin\/\"><strong>Nicole Wittinghofer<\/strong><\/a><\/p>\n\n\n\n<ul style=\"margin-left:0px!important; margin-top:0px!important; margin-bottom:0px!important\"><li>Asset controller<\/li><ul><\/ul><\/ul>\n\n\n\n<p class=\"has-text-align-left emai\">E-Mail: <a href=\"mailto:wittinghofer@fo-gamapa.de\">wittinghofer@fo-gamapa.de<\/a><br>Tel.: +49 211 8989-246<br>Fax: +49 211 8989-150<\/p>\n\n\n\n<p><\/p>\n<\/div>\n<\/div>\n\n\n\n<div class=\"wp-block-columns halb is-layout-flex wp-container-core-columns-is-layout-9d6595d7 wp-block-columns-is-layout-flex\">\n<div class=\"wp-block-column is-layout-flow wp-block-column-is-layout-flow\">\n<figure class=\"wp-block-image size-full bii\"><a href=\"https:\/\/www.fo-gamapa.de\/en\/vera-niedermeyer-lawyer-mediator\/\"><img loading=\"lazy\" decoding=\"async\" width=\"600\" height=\"389\" src=\"https:\/\/www.fo-gamapa.de\/wp-content\/uploads\/2020\/08\/Niedermeyer-600x389-1.jpg\" alt=\"\" class=\"wp-image-8135\"\/><\/a><\/figure>\n<\/div>\n\n\n\n<div class=\"wp-block-column hall is-layout-flow wp-block-column-is-layout-flow\">\n<p><strong><strong><a href=\"https:\/\/www.fo-gamapa.de\/en\/vera-niedermeyer-lawyer-mediator\/\">Vera Niedermeyer<\/a><\/strong><\/strong><\/p>\n\n\n\n<ul style=\"margin-left:0px!important; margin-top:0px!important; margin-bottom:0px!important\"><li>Lawyer<\/li><li>Mediator<\/li><li>Partner<\/li><\/ul>\n\n\n\n<p><\/p>\n\n\n\n<p class=\"emai\">E-Mail:&nbsp;<a href=\"mailto:niedermeyer@fo-gamapa.de\">niedermeyer@fo-gamapa.de<\/a><br>Tel.: +49 211 8989-270<br>Fax: +49 211 8989-150<\/p>\n\n\n\n<p><\/p>\n<\/div>\n<\/div>\n\n\n\n<div class=\"wp-block-columns halb2 is-layout-flex wp-container-core-columns-is-layout-9d6595d7 wp-block-columns-is-layout-flex\">\n<div class=\"wp-block-column is-layout-flow wp-block-column-is-layout-flow\">\n<figure class=\"wp-block-image size-full bii\"><a href=\"https:\/\/www.fo-gamapa.de\/en\/bernd-ruehland\/\"><img loading=\"lazy\" decoding=\"async\" width=\"600\" height=\"389\" src=\"https:\/\/www.fo-gamapa.de\/wp-content\/uploads\/2023\/04\/Ruehland-1-600x389-1.jpg\" alt=\"\" class=\"wp-image-14481\"\/><\/a><\/figure>\n<\/div>\n\n\n\n<div class=\"wp-block-column hall is-layout-flow wp-block-column-is-layout-flow\">\n<p><strong><a href=\"https:\/\/www.fo-gamapa.de\/en\/bernd-ruehland\/\">Bernd R\u00fchland, LL.M<\/a><\/strong><\/p>\n\n\n\n<ul style=\"margin-left:0px!important; margin-top:0px!important; margin-bottom:0px!important\"><li>Lawyer<\/li><li>Tax advisor<\/li><li>Specialist lawyer for tax law<\/li><li>Partner<\/li><ul><\/ul><\/ul>\n\n\n\n<p class=\"has-text-align-left\">E-Mail: <a href=\"mailto:ruehland@fo-gamapa.de\" target=\"_blank\" rel=\"noreferrer noopener\">ruehland@fo-gamapa.de<\/a><br>Tel.: +49 211 8989-225<br>Fax: +49 211 8989-150<\/p>\n\n\n\n<p><\/p>\n<\/div>\n<\/div>\n<\/div>\n\n\n\n<div style=\"height:30px\" aria-hidden=\"true\" class=\"wp-block-spacer spo\"><\/div>\n\n\n\n<h2 class=\"wp-block-heading\">We look forward to meeting you!<\/h2>\n\n\n\n<p><\/p>\n\n\n\n<p><strong>Gantef\u00fchrer Family Office GmbH<\/strong><br>Alte K\u00e4mmerei | Marktplatz 6<br>40213 D\u00fcsseldorf<br><br>Tel: + 49 211 8989-222<br>Fax: + 49 211 8989-150<br>E-Mail: <a href=\"mailto:info@fo-gamapa.de\">info@fo-gamapa.de<\/a><\/p>\n\n\n\n<p class=\"ganz\"><\/p>\n\n\n\n<div style=\"height:20px\" aria-hidden=\"true\" class=\"wp-block-spacer\"><\/div>\n","protected":false},"excerpt":{"rendered":"<p>Patrick Heidemanns Head of Family Office E-Mail:&nbsp;heidemanns@fo-gamapa.deTel.: +49 211 8989-113Fax: +49 211 8989-150 Martin Vennedey Senior Family Officer E-Mail:&nbsp;vennedey@fo-gamapa.deTel.: +49 211 8989-221Fax: +49 211 8989-150 Sarah Nelle\u00dfen Office Manager at Gantef\u00fchrer Family Office Legal assistant E-Mail:&nbsp;nellessen@fo-gamapa.deTel.: +49 211 8989-197Fax: +49 211 8989-150 Anja Scheren-Picken Accountant Private office E-Mail: scheren@fo-gamapa.deTel.: +49 211 8989-133Fax: +49 211 8989-150 <a href=\"https:\/\/www.fo-gamapa.de\/en\/contact-family-office-duesseldorf\/\">[\u2026]<\/a><\/p>\n","protected":false},"author":1,"featured_media":14443,"parent":0,"menu_order":11,"comment_status":"closed","ping_status":"closed","template":"templates\/template-full-width.php","meta":{"_acf_changed":false,"_uag_custom_page_level_css":"","footnotes":""},"class_list":["post-14852","page","type-page","status-publish","has-post-thumbnail","hentry"],"acf":[],"yoast_head":"<!-- This site is optimized with the Yoast SEO plugin v27.2 - https:\/\/yoast.com\/product\/yoast-seo-wordpress\/ -->\n<title>Contact - GANTEF\u00dcHRER Family Office<\/title>\n<meta name=\"robots\" content=\"index, follow, max-snippet:-1, max-image-preview:large, max-video-preview:-1\" \/>\n<link rel=\"canonical\" href=\"https:\/\/www.fo-gamapa.de\/en\/contact-family-office-duesseldorf\/\" \/>\n<meta property=\"og:locale\" content=\"en_US\" \/>\n<meta property=\"og:type\" content=\"article\" \/>\n<meta property=\"og:title\" content=\"Contact - GANTEF\u00dcHRER Family Office\" \/>\n<meta property=\"og:description\" content=\"Patrick Heidemanns Head of Family Office E-Mail:&nbsp;heidemanns@fo-gamapa.deTel.: +49 211 8989-113Fax: +49 211 8989-150 Martin Vennedey Senior Family Officer E-Mail:&nbsp;vennedey@fo-gamapa.deTel.: +49 211 8989-221Fax: +49 211 8989-150 Sarah Nelle\u00dfen Office Manager at Gantef\u00fchrer Family Office Legal assistant E-Mail:&nbsp;nellessen@fo-gamapa.deTel.: +49 211 8989-197Fax: +49 211 8989-150 Anja Scheren-Picken Accountant Private office E-Mail: scheren@fo-gamapa.deTel.: +49 211 8989-133Fax: +49 211 8989-150 [\u2026]\" \/>\n<meta property=\"og:url\" content=\"https:\/\/www.fo-gamapa.de\/en\/contact-family-office-duesseldorf\/\" \/>\n<meta property=\"og:site_name\" content=\"GANTEF\u00dcHRER Family Office\" \/>\n<meta property=\"article:modified_time\" content=\"2026-01-22T13:13:47+00:00\" \/>\n<meta property=\"og:image\" content=\"https:\/\/www.fo-gamapa.de\/wp-content\/uploads\/2023\/03\/Beratungsfelder.jpg\" \/>\n\t<meta property=\"og:image:width\" content=\"2560\" \/>\n\t<meta property=\"og:image:height\" content=\"764\" \/>\n\t<meta property=\"og:image:type\" content=\"image\/jpeg\" \/>\n<meta name=\"twitter:card\" content=\"summary_large_image\" \/>\n<meta name=\"twitter:label1\" content=\"Est. reading time\" \/>\n\t<meta name=\"twitter:data1\" content=\"3 minutes\" \/>\n<script type=\"application\/ld+json\" class=\"yoast-schema-graph\">{\"@context\":\"https:\/\/schema.org\",\"@graph\":[{\"@type\":\"WebPage\",\"@id\":\"https:\/\/www.fo-gamapa.de\/en\/contact-family-office-duesseldorf\/\",\"url\":\"https:\/\/www.fo-gamapa.de\/en\/contact-family-office-duesseldorf\/\",\"name\":\"Contact - GANTEF\u00dcHRER Family Office\",\"isPartOf\":{\"@id\":\"https:\/\/www.fo-gamapa.de\/en\/#website\"},\"primaryImageOfPage\":{\"@id\":\"https:\/\/www.fo-gamapa.de\/en\/contact-family-office-duesseldorf\/#primaryimage\"},\"image\":{\"@id\":\"https:\/\/www.fo-gamapa.de\/en\/contact-family-office-duesseldorf\/#primaryimage\"},\"thumbnailUrl\":\"https:\/\/www.fo-gamapa.de\/wp-content\/uploads\/2023\/03\/Beratungsfelder.jpg\",\"datePublished\":\"2022-03-20T14:56:10+00:00\",\"dateModified\":\"2026-01-22T13:13:47+00:00\",\"inLanguage\":\"en-US\",\"potentialAction\":[{\"@type\":\"ReadAction\",\"target\":[\"https:\/\/www.fo-gamapa.de\/en\/contact-family-office-duesseldorf\/\"]}]},{\"@type\":\"ImageObject\",\"inLanguage\":\"en-US\",\"@id\":\"https:\/\/www.fo-gamapa.de\/en\/contact-family-office-duesseldorf\/#primaryimage\",\"url\":\"https:\/\/www.fo-gamapa.de\/wp-content\/uploads\/2023\/03\/Beratungsfelder.jpg\",\"contentUrl\":\"https:\/\/www.fo-gamapa.de\/wp-content\/uploads\/2023\/03\/Beratungsfelder.jpg\",\"width\":2560,\"height\":764,\"caption\":\"Gantef\u00fchrer Multi-Family Office D\u00fcseldorf\"},{\"@type\":\"WebSite\",\"@id\":\"https:\/\/www.fo-gamapa.de\/en\/#website\",\"url\":\"https:\/\/www.fo-gamapa.de\/en\/\",\"name\":\"GANTEF\u00dcHRER Family Office\",\"description\":\"unabh\u00e4ngiges Multi-Family Office in D\u00fcsseldorf\",\"publisher\":{\"@id\":\"https:\/\/www.fo-gamapa.de\/en\/#organization\"},\"potentialAction\":[{\"@type\":\"SearchAction\",\"target\":{\"@type\":\"EntryPoint\",\"urlTemplate\":\"https:\/\/www.fo-gamapa.de\/en\/?s={search_term_string}\"},\"query-input\":{\"@type\":\"PropertyValueSpecification\",\"valueRequired\":true,\"valueName\":\"search_term_string\"}}],\"inLanguage\":\"en-US\"},{\"@type\":\"Organization\",\"@id\":\"https:\/\/www.fo-gamapa.de\/en\/#organization\",\"name\":\"GANTEF\u00dcHRER Family Office\",\"url\":\"https:\/\/www.fo-gamapa.de\/en\/\",\"logo\":{\"@type\":\"ImageObject\",\"inLanguage\":\"en-US\",\"@id\":\"https:\/\/www.fo-gamapa.de\/en\/#\/schema\/logo\/image\/\",\"url\":\"https:\/\/www.fo-gamapa.de\/wp-content\/uploads\/2023\/04\/Logo-Gantefuehrer-Famiy-Offices.png\",\"contentUrl\":\"https:\/\/www.fo-gamapa.de\/wp-content\/uploads\/2023\/04\/Logo-Gantefuehrer-Famiy-Offices.png\",\"width\":767,\"height\":156,\"caption\":\"GANTEF\u00dcHRER Family Office\"},\"image\":{\"@id\":\"https:\/\/www.fo-gamapa.de\/en\/#\/schema\/logo\/image\/\"}}]}<\/script>\n<!-- \/ Yoast SEO plugin. -->","yoast_head_json":{"title":"Contact - GANTEF\u00dcHRER Family Office","robots":{"index":"index","follow":"follow","max-snippet":"max-snippet:-1","max-image-preview":"max-image-preview:large","max-video-preview":"max-video-preview:-1"},"canonical":"https:\/\/www.fo-gamapa.de\/en\/contact-family-office-duesseldorf\/","og_locale":"en_US","og_type":"article","og_title":"Contact - GANTEF\u00dcHRER Family Office","og_description":"Patrick Heidemanns Head of Family Office E-Mail:&nbsp;heidemanns@fo-gamapa.deTel.: +49 211 8989-113Fax: +49 211 8989-150 Martin Vennedey Senior Family Officer E-Mail:&nbsp;vennedey@fo-gamapa.deTel.: +49 211 8989-221Fax: +49 211 8989-150 Sarah Nelle\u00dfen Office Manager at Gantef\u00fchrer Family Office Legal assistant E-Mail:&nbsp;nellessen@fo-gamapa.deTel.: +49 211 8989-197Fax: +49 211 8989-150 Anja Scheren-Picken Accountant Private office E-Mail: scheren@fo-gamapa.deTel.: +49 211 8989-133Fax: +49 211 8989-150 [\u2026]","og_url":"https:\/\/www.fo-gamapa.de\/en\/contact-family-office-duesseldorf\/","og_site_name":"GANTEF\u00dcHRER Family Office","article_modified_time":"2026-01-22T13:13:47+00:00","og_image":[{"width":2560,"height":764,"url":"https:\/\/www.fo-gamapa.de\/wp-content\/uploads\/2023\/03\/Beratungsfelder.jpg","type":"image\/jpeg"}],"twitter_card":"summary_large_image","twitter_misc":{"Est. reading time":"3 minutes"},"schema":{"@context":"https:\/\/schema.org","@graph":[{"@type":"WebPage","@id":"https:\/\/www.fo-gamapa.de\/en\/contact-family-office-duesseldorf\/","url":"https:\/\/www.fo-gamapa.de\/en\/contact-family-office-duesseldorf\/","name":"Contact - GANTEF\u00dcHRER Family Office","isPartOf":{"@id":"https:\/\/www.fo-gamapa.de\/en\/#website"},"primaryImageOfPage":{"@id":"https:\/\/www.fo-gamapa.de\/en\/contact-family-office-duesseldorf\/#primaryimage"},"image":{"@id":"https:\/\/www.fo-gamapa.de\/en\/contact-family-office-duesseldorf\/#primaryimage"},"thumbnailUrl":"https:\/\/www.fo-gamapa.de\/wp-content\/uploads\/2023\/03\/Beratungsfelder.jpg","datePublished":"2022-03-20T14:56:10+00:00","dateModified":"2026-01-22T13:13:47+00:00","inLanguage":"en-US","potentialAction":[{"@type":"ReadAction","target":["https:\/\/www.fo-gamapa.de\/en\/contact-family-office-duesseldorf\/"]}]},{"@type":"ImageObject","inLanguage":"en-US","@id":"https:\/\/www.fo-gamapa.de\/en\/contact-family-office-duesseldorf\/#primaryimage","url":"https:\/\/www.fo-gamapa.de\/wp-content\/uploads\/2023\/03\/Beratungsfelder.jpg","contentUrl":"https:\/\/www.fo-gamapa.de\/wp-content\/uploads\/2023\/03\/Beratungsfelder.jpg","width":2560,"height":764,"caption":"Gantef\u00fchrer Multi-Family Office D\u00fcseldorf"},{"@type":"WebSite","@id":"https:\/\/www.fo-gamapa.de\/en\/#website","url":"https:\/\/www.fo-gamapa.de\/en\/","name":"GANTEF\u00dcHRER Family Office","description":"unabh\u00e4ngiges Multi-Family Office in D\u00fcsseldorf","publisher":{"@id":"https:\/\/www.fo-gamapa.de\/en\/#organization"},"potentialAction":[{"@type":"SearchAction","target":{"@type":"EntryPoint","urlTemplate":"https:\/\/www.fo-gamapa.de\/en\/?s={search_term_string}"},"query-input":{"@type":"PropertyValueSpecification","valueRequired":true,"valueName":"search_term_string"}}],"inLanguage":"en-US"},{"@type":"Organization","@id":"https:\/\/www.fo-gamapa.de\/en\/#organization","name":"GANTEF\u00dcHRER Family Office","url":"https:\/\/www.fo-gamapa.de\/en\/","logo":{"@type":"ImageObject","inLanguage":"en-US","@id":"https:\/\/www.fo-gamapa.de\/en\/#\/schema\/logo\/image\/","url":"https:\/\/www.fo-gamapa.de\/wp-content\/uploads\/2023\/04\/Logo-Gantefuehrer-Famiy-Offices.png","contentUrl":"https:\/\/www.fo-gamapa.de\/wp-content\/uploads\/2023\/04\/Logo-Gantefuehrer-Famiy-Offices.png","width":767,"height":156,"caption":"GANTEF\u00dcHRER Family Office"},"image":{"@id":"https:\/\/www.fo-gamapa.de\/en\/#\/schema\/logo\/image\/"}}]}},"uagb_featured_image_src":{"full":["https:\/\/www.fo-gamapa.de\/wp-content\/uploads\/2023\/03\/Beratungsfelder.jpg",2560,764,false],"thumbnail":["https:\/\/www.fo-gamapa.de\/wp-content\/uploads\/2023\/03\/Beratungsfelder-150x150.jpg",150,150,true],"medium":["https:\/\/www.fo-gamapa.de\/wp-content\/uploads\/2023\/03\/Beratungsfelder-600x179.jpg",600,179,true],"medium_large":["https:\/\/www.fo-gamapa.de\/wp-content\/uploads\/2023\/03\/Beratungsfelder-768x229.jpg",580,173,true],"large":["https:\/\/www.fo-gamapa.de\/wp-content\/uploads\/2023\/03\/Beratungsfelder.jpg",580,173,false],"1536x1536":["https:\/\/www.fo-gamapa.de\/wp-content\/uploads\/2023\/03\/Beratungsfelder-1536x458.jpg",1536,458,true],"2048x2048":["https:\/\/www.fo-gamapa.de\/wp-content\/uploads\/2023\/03\/Beratungsfelder-2048x611.jpg",2048,611,true],"post-thumbnail":["https:\/\/www.fo-gamapa.de\/wp-content\/uploads\/2023\/03\/Beratungsfelder.jpg",2560,764,false],"twentytwenty-fullscreen":["https:\/\/www.fo-gamapa.de\/wp-content\/uploads\/2023\/03\/Beratungsfelder.jpg",2560,764,false],"theme-slug-single-post":["https:\/\/www.fo-gamapa.de\/wp-content\/uploads\/2023\/03\/Beratungsfelder-1600x400.jpg",1600,400,true]},"uagb_author_info":{"display_name":"linda","author_link":"https:\/\/www.fo-gamapa.de\/en\/author\/linda\/"},"uagb_comment_info":0,"uagb_excerpt":"Patrick Heidemanns Head of Family Office E-Mail:&nbsp;heidemanns@fo-gamapa.deTel.: +49 211 8989-113Fax: +49 211 8989-150 Martin Vennedey Senior Family Officer E-Mail:&nbsp;vennedey@fo-gamapa.deTel.: +49 211 8989-221Fax: +49 211 8989-150 Sarah Nelle\u00dfen Office Manager at Gantef\u00fchrer Family Office Legal assistant E-Mail:&nbsp;nellessen@fo-gamapa.deTel.: +49 211 8989-197Fax: +49 211 8989-150 Anja Scheren-Picken Accountant Private office E-Mail: scheren@fo-gamapa.deTel.: +49 211 8989-133Fax: +49 211 8989-150&hellip;","_links":{"self":[{"href":"https:\/\/www.fo-gamapa.de\/en\/wp-json\/wp\/v2\/pages\/14852","targetHints":{"allow":["GET"]}}],"collection":[{"href":"https:\/\/www.fo-gamapa.de\/en\/wp-json\/wp\/v2\/pages"}],"about":[{"href":"https:\/\/www.fo-gamapa.de\/en\/wp-json\/wp\/v2\/types\/page"}],"author":[{"embeddable":true,"href":"https:\/\/www.fo-gamapa.de\/en\/wp-json\/wp\/v2\/users\/1"}],"replies":[{"embeddable":true,"href":"https:\/\/www.fo-gamapa.de\/en\/wp-json\/wp\/v2\/comments?post=14852"}],"version-history":[{"count":34,"href":"https:\/\/www.fo-gamapa.de\/en\/wp-json\/wp\/v2\/pages\/14852\/revisions"}],"predecessor-version":[{"id":15479,"href":"https:\/\/www.fo-gamapa.de\/en\/wp-json\/wp\/v2\/pages\/14852\/revisions\/15479"}],"wp:featuredmedia":[{"embeddable":true,"href":"https:\/\/www.fo-gamapa.de\/en\/wp-json\/wp\/v2\/media\/14443"}],"wp:attachment":[{"href":"https:\/\/www.fo-gamapa.de\/en\/wp-json\/wp\/v2\/media?parent=14852"}],"curies":[{"name":"wp","href":"https:\/\/api.w.org\/{rel}","templated":true}]}}