

{"id":14854,"date":"2022-03-18T22:43:09","date_gmt":"2022-03-18T21:43:09","guid":{"rendered":"https:\/\/www.fo-gamapa.de\/unsere-werte-family-office-duesseldorf\/"},"modified":"2026-01-22T14:13:47","modified_gmt":"2026-01-22T13:13:47","slug":"unsere-werte-family-office-duesseldorf","status":"publish","type":"page","link":"https:\/\/www.fo-gamapa.de\/en\/unsere-werte-family-office-duesseldorf\/","title":{"rendered":"Our values"},"content":{"rendered":"\n<div class=\"wp-block-columns inhalt is-layout-flex wp-container-core-columns-is-layout-9d6595d7 wp-block-columns-is-layout-flex\">\n<div class=\"wp-block-column inhalt is-layout-flow wp-block-column-is-layout-flow\">\n<h3 class=\"wp-block-heading\">Independence<\/h3>\n\n\n\n<p>We work completely independently with your current banks, tax advisors, lawyers, business consultants and property specialists and are committed only to you and your family. Your interests are our top priority and your existing network remains intact.<\/p>\n\n\n\n<p>We have deliberately not applied for a bank\/Bafin license so that, unlike most other family offices, we can also provide completely independent advice in the area of capital investment.<\/p>\n\n\n\n<h3 class=\"wp-block-heading\">Discretion<\/h3>\n\n\n\n<p>Trust is the basis for our cooperation. We treat our clients honestly, transparently and fair. The discreet handling of your personal data and family structures is a matter of course.<\/p>\n\n\n\n<h3 class=\"wp-block-heading\">Innovation<\/h3>\n\n\n\n<p>Nothing is more constant than change, and this also applies to the management of your assets. We combine the innovations and advantages that the digital age brings with it, with proven expertise and are also available to answer questions on current topics such as tokenization or NFT art.<\/p>\n\n\n\n<h3 class=\"wp-block-heading\">Reliability<\/h3>\n\n\n\n<p>Diligence, a sense of responsibility, conscientiousness and security. These are not just empty phrases for us, but the foundation of our activities. We guarantee you the highest level of professionalism and reliability in the provision of our Family Office services<\/p>\n\n\n\n<h3 class=\"wp-block-heading\">Customer satisfaction<\/h3>\n\n\n\n<p>Your satisfaction is our driving force and our motivation. We focus on an honest, constructive and trusting exchange so that you and your family feel that you are in good hands with us in the long term.<\/p>\n\n\n\n<p><\/p>\n\n\n\n<div class=\"wp-block-buttons inhalt is-content-justification-right is-layout-flex wp-container-core-buttons-is-layout-765c4724 wp-block-buttons-is-layout-flex\">\n<div class=\"wp-block-button zurueck lee\"><a class=\"wp-block-button__link wp-element-button\" href=\"https:\/\/www.fo-gamapa.de\/en\/contact-family-office-duesseldorf\/\">Contact<\/a><\/div>\n<\/div>\n\n\n\n<p><\/p>\n\n\n\n<p><\/p>\n<\/div>\n<\/div>\n","protected":false},"excerpt":{"rendered":"<p>Independence We work completely independently with your current banks, tax advisors, lawyers, business consultants and property specialists and are committed only to you and your family. Your interests are our top priority and your existing network remains intact. We have deliberately not applied for a bank\/Bafin license so that, unlike most other family offices, we <a href=\"https:\/\/www.fo-gamapa.de\/en\/unsere-werte-family-office-duesseldorf\/\">[\u2026]<\/a><\/p>\n","protected":false},"author":1,"featured_media":15391,"parent":0,"menu_order":7,"comment_status":"closed","ping_status":"closed","template":"templates\/template-full-width.php","meta":{"_acf_changed":false,"_uag_custom_page_level_css":"","footnotes":""},"class_list":["post-14854","page","type-page","status-publish","has-post-thumbnail","hentry"],"acf":[],"yoast_head":"<!-- This site is optimized with the Yoast SEO plugin v27.2 - https:\/\/yoast.com\/product\/yoast-seo-wordpress\/ -->\n<title>Our values - GANTEF\u00dcHRER Family Office<\/title>\n<meta name=\"description\" content=\"Gantefhrer Family Office \u2013 Unsere Werte: Unabh\u00e4ngigkeit, Diskretion, Innovation, Zuverl\u00e4ssigkeit, Kundenzufriedenheit.\" \/>\n<meta name=\"robots\" content=\"index, follow, max-snippet:-1, max-image-preview:large, max-video-preview:-1\" \/>\n<link rel=\"canonical\" href=\"https:\/\/www.fo-gamapa.de\/en\/unsere-werte-family-office-duesseldorf\/\" \/>\n<meta property=\"og:locale\" content=\"en_US\" \/>\n<meta property=\"og:type\" content=\"article\" \/>\n<meta property=\"og:title\" content=\"Our values - GANTEF\u00dcHRER Family Office\" \/>\n<meta property=\"og:description\" content=\"Gantefhrer Family Office \u2013 Unsere Werte: Unabh\u00e4ngigkeit, Diskretion, Innovation, Zuverl\u00e4ssigkeit, Kundenzufriedenheit.\" \/>\n<meta property=\"og:url\" content=\"https:\/\/www.fo-gamapa.de\/en\/unsere-werte-family-office-duesseldorf\/\" \/>\n<meta property=\"og:site_name\" content=\"GANTEF\u00dcHRER Family Office\" \/>\n<meta property=\"article:modified_time\" content=\"2026-01-22T13:13:47+00:00\" \/>\n<meta property=\"og:image\" content=\"https:\/\/www.fo-gamapa.de\/wp-content\/uploads\/2025\/12\/alter-konferenzraum-seitlich-schmal-hell-scaled-1.jpg\" \/>\n\t<meta property=\"og:image:width\" content=\"2560\" \/>\n\t<meta property=\"og:image:height\" content=\"764\" \/>\n\t<meta property=\"og:image:type\" content=\"image\/jpeg\" \/>\n<meta name=\"twitter:card\" content=\"summary_large_image\" \/>\n<meta name=\"twitter:label1\" content=\"Est. reading time\" \/>\n\t<meta name=\"twitter:data1\" content=\"2 minutes\" \/>\n<script type=\"application\/ld+json\" class=\"yoast-schema-graph\">{\"@context\":\"https:\/\/schema.org\",\"@graph\":[{\"@type\":\"WebPage\",\"@id\":\"https:\/\/www.fo-gamapa.de\/en\/unsere-werte-family-office-duesseldorf\/\",\"url\":\"https:\/\/www.fo-gamapa.de\/en\/unsere-werte-family-office-duesseldorf\/\",\"name\":\"Our values - GANTEF\u00dcHRER Family Office\",\"isPartOf\":{\"@id\":\"https:\/\/www.fo-gamapa.de\/en\/#website\"},\"primaryImageOfPage\":{\"@id\":\"https:\/\/www.fo-gamapa.de\/en\/unsere-werte-family-office-duesseldorf\/#primaryimage\"},\"image\":{\"@id\":\"https:\/\/www.fo-gamapa.de\/en\/unsere-werte-family-office-duesseldorf\/#primaryimage\"},\"thumbnailUrl\":\"https:\/\/www.fo-gamapa.de\/wp-content\/uploads\/2025\/12\/alter-konferenzraum-seitlich-schmal-hell-scaled-1.jpg\",\"datePublished\":\"2022-03-18T21:43:09+00:00\",\"dateModified\":\"2026-01-22T13:13:47+00:00\",\"description\":\"Gantefhrer Family Office \u2013 Unsere Werte: Unabh\u00e4ngigkeit, Diskretion, Innovation, Zuverl\u00e4ssigkeit, Kundenzufriedenheit.\",\"inLanguage\":\"en-US\",\"potentialAction\":[{\"@type\":\"ReadAction\",\"target\":[\"https:\/\/www.fo-gamapa.de\/en\/unsere-werte-family-office-duesseldorf\/\"]}]},{\"@type\":\"ImageObject\",\"inLanguage\":\"en-US\",\"@id\":\"https:\/\/www.fo-gamapa.de\/en\/unsere-werte-family-office-duesseldorf\/#primaryimage\",\"url\":\"https:\/\/www.fo-gamapa.de\/wp-content\/uploads\/2025\/12\/alter-konferenzraum-seitlich-schmal-hell-scaled-1.jpg\",\"contentUrl\":\"https:\/\/www.fo-gamapa.de\/wp-content\/uploads\/2025\/12\/alter-konferenzraum-seitlich-schmal-hell-scaled-1.jpg\",\"width\":2560,\"height\":764,\"caption\":\"gro\u00dfer Konferenzraum des Gantef\u00fchrer Family Offices in der laten K\u00e4mmerei D\u00fcsseldorf\"},{\"@type\":\"WebSite\",\"@id\":\"https:\/\/www.fo-gamapa.de\/en\/#website\",\"url\":\"https:\/\/www.fo-gamapa.de\/en\/\",\"name\":\"GANTEF\u00dcHRER Family Office\",\"description\":\"unabh\u00e4ngiges Multi-Family Office in D\u00fcsseldorf\",\"publisher\":{\"@id\":\"https:\/\/www.fo-gamapa.de\/en\/#organization\"},\"potentialAction\":[{\"@type\":\"SearchAction\",\"target\":{\"@type\":\"EntryPoint\",\"urlTemplate\":\"https:\/\/www.fo-gamapa.de\/en\/?s={search_term_string}\"},\"query-input\":{\"@type\":\"PropertyValueSpecification\",\"valueRequired\":true,\"valueName\":\"search_term_string\"}}],\"inLanguage\":\"en-US\"},{\"@type\":\"Organization\",\"@id\":\"https:\/\/www.fo-gamapa.de\/en\/#organization\",\"name\":\"GANTEF\u00dcHRER Family Office\",\"url\":\"https:\/\/www.fo-gamapa.de\/en\/\",\"logo\":{\"@type\":\"ImageObject\",\"inLanguage\":\"en-US\",\"@id\":\"https:\/\/www.fo-gamapa.de\/en\/#\/schema\/logo\/image\/\",\"url\":\"https:\/\/www.fo-gamapa.de\/wp-content\/uploads\/2023\/04\/Logo-Gantefuehrer-Famiy-Offices.png\",\"contentUrl\":\"https:\/\/www.fo-gamapa.de\/wp-content\/uploads\/2023\/04\/Logo-Gantefuehrer-Famiy-Offices.png\",\"width\":767,\"height\":156,\"caption\":\"GANTEF\u00dcHRER Family Office\"},\"image\":{\"@id\":\"https:\/\/www.fo-gamapa.de\/en\/#\/schema\/logo\/image\/\"}}]}<\/script>\n<!-- \/ Yoast SEO plugin. -->","yoast_head_json":{"title":"Our values - GANTEF\u00dcHRER Family Office","description":"Gantefhrer Family Office \u2013 Unsere Werte: Unabh\u00e4ngigkeit, Diskretion, Innovation, Zuverl\u00e4ssigkeit, Kundenzufriedenheit.","robots":{"index":"index","follow":"follow","max-snippet":"max-snippet:-1","max-image-preview":"max-image-preview:large","max-video-preview":"max-video-preview:-1"},"canonical":"https:\/\/www.fo-gamapa.de\/en\/unsere-werte-family-office-duesseldorf\/","og_locale":"en_US","og_type":"article","og_title":"Our values - GANTEF\u00dcHRER Family Office","og_description":"Gantefhrer Family Office \u2013 Unsere Werte: Unabh\u00e4ngigkeit, Diskretion, Innovation, Zuverl\u00e4ssigkeit, Kundenzufriedenheit.","og_url":"https:\/\/www.fo-gamapa.de\/en\/unsere-werte-family-office-duesseldorf\/","og_site_name":"GANTEF\u00dcHRER Family Office","article_modified_time":"2026-01-22T13:13:47+00:00","og_image":[{"width":2560,"height":764,"url":"https:\/\/www.fo-gamapa.de\/wp-content\/uploads\/2025\/12\/alter-konferenzraum-seitlich-schmal-hell-scaled-1.jpg","type":"image\/jpeg"}],"twitter_card":"summary_large_image","twitter_misc":{"Est. reading time":"2 minutes"},"schema":{"@context":"https:\/\/schema.org","@graph":[{"@type":"WebPage","@id":"https:\/\/www.fo-gamapa.de\/en\/unsere-werte-family-office-duesseldorf\/","url":"https:\/\/www.fo-gamapa.de\/en\/unsere-werte-family-office-duesseldorf\/","name":"Our values - GANTEF\u00dcHRER Family Office","isPartOf":{"@id":"https:\/\/www.fo-gamapa.de\/en\/#website"},"primaryImageOfPage":{"@id":"https:\/\/www.fo-gamapa.de\/en\/unsere-werte-family-office-duesseldorf\/#primaryimage"},"image":{"@id":"https:\/\/www.fo-gamapa.de\/en\/unsere-werte-family-office-duesseldorf\/#primaryimage"},"thumbnailUrl":"https:\/\/www.fo-gamapa.de\/wp-content\/uploads\/2025\/12\/alter-konferenzraum-seitlich-schmal-hell-scaled-1.jpg","datePublished":"2022-03-18T21:43:09+00:00","dateModified":"2026-01-22T13:13:47+00:00","description":"Gantefhrer Family Office \u2013 Unsere Werte: Unabh\u00e4ngigkeit, Diskretion, Innovation, Zuverl\u00e4ssigkeit, Kundenzufriedenheit.","inLanguage":"en-US","potentialAction":[{"@type":"ReadAction","target":["https:\/\/www.fo-gamapa.de\/en\/unsere-werte-family-office-duesseldorf\/"]}]},{"@type":"ImageObject","inLanguage":"en-US","@id":"https:\/\/www.fo-gamapa.de\/en\/unsere-werte-family-office-duesseldorf\/#primaryimage","url":"https:\/\/www.fo-gamapa.de\/wp-content\/uploads\/2025\/12\/alter-konferenzraum-seitlich-schmal-hell-scaled-1.jpg","contentUrl":"https:\/\/www.fo-gamapa.de\/wp-content\/uploads\/2025\/12\/alter-konferenzraum-seitlich-schmal-hell-scaled-1.jpg","width":2560,"height":764,"caption":"gro\u00dfer Konferenzraum des Gantef\u00fchrer Family Offices in der laten K\u00e4mmerei D\u00fcsseldorf"},{"@type":"WebSite","@id":"https:\/\/www.fo-gamapa.de\/en\/#website","url":"https:\/\/www.fo-gamapa.de\/en\/","name":"GANTEF\u00dcHRER Family Office","description":"unabh\u00e4ngiges Multi-Family Office in D\u00fcsseldorf","publisher":{"@id":"https:\/\/www.fo-gamapa.de\/en\/#organization"},"potentialAction":[{"@type":"SearchAction","target":{"@type":"EntryPoint","urlTemplate":"https:\/\/www.fo-gamapa.de\/en\/?s={search_term_string}"},"query-input":{"@type":"PropertyValueSpecification","valueRequired":true,"valueName":"search_term_string"}}],"inLanguage":"en-US"},{"@type":"Organization","@id":"https:\/\/www.fo-gamapa.de\/en\/#organization","name":"GANTEF\u00dcHRER Family Office","url":"https:\/\/www.fo-gamapa.de\/en\/","logo":{"@type":"ImageObject","inLanguage":"en-US","@id":"https:\/\/www.fo-gamapa.de\/en\/#\/schema\/logo\/image\/","url":"https:\/\/www.fo-gamapa.de\/wp-content\/uploads\/2023\/04\/Logo-Gantefuehrer-Famiy-Offices.png","contentUrl":"https:\/\/www.fo-gamapa.de\/wp-content\/uploads\/2023\/04\/Logo-Gantefuehrer-Famiy-Offices.png","width":767,"height":156,"caption":"GANTEF\u00dcHRER Family Office"},"image":{"@id":"https:\/\/www.fo-gamapa.de\/en\/#\/schema\/logo\/image\/"}}]}},"uagb_featured_image_src":{"full":["https:\/\/www.fo-gamapa.de\/wp-content\/uploads\/2025\/12\/alter-konferenzraum-seitlich-schmal-hell-scaled-1.jpg",2560,764,false],"thumbnail":["https:\/\/www.fo-gamapa.de\/wp-content\/uploads\/2025\/12\/alter-konferenzraum-seitlich-schmal-hell-scaled-1-150x150.jpg",150,150,true],"medium":["https:\/\/www.fo-gamapa.de\/wp-content\/uploads\/2025\/12\/alter-konferenzraum-seitlich-schmal-hell-scaled-1-600x179.jpg",600,179,true],"medium_large":["https:\/\/www.fo-gamapa.de\/wp-content\/uploads\/2025\/12\/alter-konferenzraum-seitlich-schmal-hell-scaled-1-768x229.jpg",580,173,true],"large":["https:\/\/www.fo-gamapa.de\/wp-content\/uploads\/2025\/12\/alter-konferenzraum-seitlich-schmal-hell-scaled-1.jpg",580,173,false],"1536x1536":["https:\/\/www.fo-gamapa.de\/wp-content\/uploads\/2025\/12\/alter-konferenzraum-seitlich-schmal-hell-scaled-1-1536x458.jpg",1536,458,true],"2048x2048":["https:\/\/www.fo-gamapa.de\/wp-content\/uploads\/2025\/12\/alter-konferenzraum-seitlich-schmal-hell-scaled-1-2048x611.jpg",2048,611,true],"post-thumbnail":["https:\/\/www.fo-gamapa.de\/wp-content\/uploads\/2025\/12\/alter-konferenzraum-seitlich-schmal-hell-scaled-1.jpg",2560,764,false],"twentytwenty-fullscreen":["https:\/\/www.fo-gamapa.de\/wp-content\/uploads\/2025\/12\/alter-konferenzraum-seitlich-schmal-hell-scaled-1.jpg",2560,764,false],"theme-slug-single-post":["https:\/\/www.fo-gamapa.de\/wp-content\/uploads\/2025\/12\/alter-konferenzraum-seitlich-schmal-hell-scaled-1-1600x400.jpg",1600,400,true]},"uagb_author_info":{"display_name":"linda","author_link":"https:\/\/www.fo-gamapa.de\/en\/author\/linda\/"},"uagb_comment_info":0,"uagb_excerpt":"Independence We work completely independently with your current banks, tax advisors, lawyers, business consultants and property specialists and are committed only to you and your family. Your interests are our top priority and your existing network remains intact. We have deliberately not applied for a bank\/Bafin license so that, unlike most other family offices, we&hellip;","_links":{"self":[{"href":"https:\/\/www.fo-gamapa.de\/en\/wp-json\/wp\/v2\/pages\/14854","targetHints":{"allow":["GET"]}}],"collection":[{"href":"https:\/\/www.fo-gamapa.de\/en\/wp-json\/wp\/v2\/pages"}],"about":[{"href":"https:\/\/www.fo-gamapa.de\/en\/wp-json\/wp\/v2\/types\/page"}],"author":[{"embeddable":true,"href":"https:\/\/www.fo-gamapa.de\/en\/wp-json\/wp\/v2\/users\/1"}],"replies":[{"embeddable":true,"href":"https:\/\/www.fo-gamapa.de\/en\/wp-json\/wp\/v2\/comments?post=14854"}],"version-history":[{"count":3,"href":"https:\/\/www.fo-gamapa.de\/en\/wp-json\/wp\/v2\/pages\/14854\/revisions"}],"predecessor-version":[{"id":15033,"href":"https:\/\/www.fo-gamapa.de\/en\/wp-json\/wp\/v2\/pages\/14854\/revisions\/15033"}],"wp:featuredmedia":[{"embeddable":true,"href":"https:\/\/www.fo-gamapa.de\/en\/wp-json\/wp\/v2\/media\/15391"}],"wp:attachment":[{"href":"https:\/\/www.fo-gamapa.de\/en\/wp-json\/wp\/v2\/media?parent=14854"}],"curies":[{"name":"wp","href":"https:\/\/api.w.org\/{rel}","templated":true}]}}