

{"id":14919,"date":"2023-03-24T14:50:56","date_gmt":"2023-03-24T13:50:56","guid":{"rendered":"https:\/\/www.fo-gamapa.de\/nicole-wittinghofer-vermoegenscontrollerin\/"},"modified":"2026-01-22T14:13:41","modified_gmt":"2026-01-22T13:13:41","slug":"nicole-wittinghofer-vermoegenscontrollerin","status":"publish","type":"page","link":"https:\/\/www.fo-gamapa.de\/en\/nicole-wittinghofer-vermoegenscontrollerin\/","title":{"rendered":"Nicole Wittinghofer"},"content":{"rendered":"\n<h2 class=\"wp-block-heading\">Main fields of activity<\/h2>\n\n\n\n<ul class=\"wp-block-list\">\n<li>Asset controlling<\/li>\n<\/ul>\n\n\n\n<h2 class=\"wp-block-heading\">Career<\/h2>\n\n\n\n<figure class=\"wp-block-table tablist\"><table><tbody><tr><td>1995-1998<\/td><td>Training as a bank clerk<\/td><\/tr><tr><td>1998-2000<\/td><td>Customer advisor at a cooperative bank<\/td><\/tr><tr><td>2000-2017<\/td><td>Department Director \/ Senior Relationship Manager at a renowned private bank in D\u00fcsseldorf<\/td><\/tr><tr><td>2018-2019<\/td><td>Customer advisor at an independent asset manager<\/td><\/tr><tr><td>2020-2022<\/td><td>Relationship manager at a major German bank<\/td><\/tr><tr><td>since 2000<\/td><td>Banking specialist<\/td><\/tr><tr><td>since 2003<\/td><td>Financial planner (hfB)<\/td><\/tr><tr><td>since 2008<\/td><td>Private wealth manager (ebs)<\/td><\/tr><tr><td>since 2022<\/td><td>Asset controller at Gantef\u00fchrer Family Office<\/td><\/tr><\/tbody><\/table><\/figure>\n\n\n\n<h2 class=\"wp-block-heading\"><\/h2>\n\n\n\n<div class=\"wp-block-button zurueck\"><a class=\"wp-block-button__link wp-element-button\" href=\"https:\/\/www.fo-gamapa.de\/kontakt-family-office\/\">back<\/a><\/div>\n\n\n\n<p><\/p>\n","protected":false},"excerpt":{"rendered":"<p>Main fields of activity Career 1995-1998 Training as a bank clerk 1998-2000 Customer advisor at a cooperative bank 2000-2017 Department Director \/ Senior Relationship Manager at a renowned private bank in D\u00fcsseldorf 2018-2019 Customer advisor at an independent asset manager 2020-2022 Relationship manager at a major German bank since 2000 Banking specialist since 2003 Financial <a href=\"https:\/\/www.fo-gamapa.de\/en\/nicole-wittinghofer-vermoegenscontrollerin\/\">[\u2026]<\/a><\/p>\n","protected":false},"author":1,"featured_media":14407,"parent":0,"menu_order":17,"comment_status":"closed","ping_status":"closed","template":"templates\/template-Profil.php","meta":{"_acf_changed":false,"_uag_custom_page_level_css":"","footnotes":""},"class_list":["post-14919","page","type-page","status-publish","has-post-thumbnail","hentry"],"acf":[],"yoast_head":"<!-- This site is optimized with the Yoast SEO plugin v27.2 - https:\/\/yoast.com\/product\/yoast-seo-wordpress\/ -->\n<title>Nicole Wittinghofer | Gantef\u00fchrer Family Office<\/title>\n<meta name=\"description\" content=\"Nicole Wittinghofer - Asset controller at Gantef\u00fchrer Family Office\" \/>\n<meta name=\"robots\" content=\"index, follow, max-snippet:-1, max-image-preview:large, max-video-preview:-1\" \/>\n<link rel=\"canonical\" href=\"https:\/\/www.fo-gamapa.de\/en\/nicole-wittinghofer-vermoegenscontrollerin\/\" \/>\n<meta property=\"og:locale\" content=\"en_US\" \/>\n<meta property=\"og:type\" content=\"article\" \/>\n<meta property=\"og:title\" content=\"Nicole Wittinghofer | Gantef\u00fchrer Family Office\" \/>\n<meta property=\"og:description\" content=\"Nicole Wittinghofer - Asset controller at Gantef\u00fchrer Family Office\" \/>\n<meta property=\"og:url\" content=\"https:\/\/www.fo-gamapa.de\/en\/nicole-wittinghofer-vermoegenscontrollerin\/\" \/>\n<meta property=\"og:site_name\" content=\"GANTEF\u00dcHRER Family Office\" \/>\n<meta property=\"article:modified_time\" content=\"2026-01-22T13:13:41+00:00\" \/>\n<meta property=\"og:image\" content=\"https:\/\/www.fo-gamapa.de\/wp-content\/uploads\/2023\/03\/Wittinghofer_2.jpg\" \/>\n\t<meta property=\"og:image:width\" content=\"1440\" \/>\n\t<meta property=\"og:image:height\" content=\"859\" \/>\n\t<meta property=\"og:image:type\" content=\"image\/jpeg\" \/>\n<meta name=\"twitter:card\" content=\"summary_large_image\" \/>\n<meta name=\"twitter:label1\" content=\"Est. reading time\" \/>\n\t<meta name=\"twitter:data1\" content=\"1 minute\" \/>\n<script type=\"application\/ld+json\" class=\"yoast-schema-graph\">{\"@context\":\"https:\/\/schema.org\",\"@graph\":[{\"@type\":\"WebPage\",\"@id\":\"https:\/\/www.fo-gamapa.de\/en\/nicole-wittinghofer-vermoegenscontrollerin\/\",\"url\":\"https:\/\/www.fo-gamapa.de\/en\/nicole-wittinghofer-vermoegenscontrollerin\/\",\"name\":\"Nicole Wittinghofer | Gantef\u00fchrer Family Office\",\"isPartOf\":{\"@id\":\"https:\/\/www.fo-gamapa.de\/en\/#website\"},\"primaryImageOfPage\":{\"@id\":\"https:\/\/www.fo-gamapa.de\/en\/nicole-wittinghofer-vermoegenscontrollerin\/#primaryimage\"},\"image\":{\"@id\":\"https:\/\/www.fo-gamapa.de\/en\/nicole-wittinghofer-vermoegenscontrollerin\/#primaryimage\"},\"thumbnailUrl\":\"https:\/\/www.fo-gamapa.de\/wp-content\/uploads\/2023\/03\/Wittinghofer_2.jpg\",\"datePublished\":\"2023-03-24T13:50:56+00:00\",\"dateModified\":\"2026-01-22T13:13:41+00:00\",\"description\":\"Nicole Wittinghofer - Asset controller at Gantef\u00fchrer Family Office\",\"inLanguage\":\"en-US\",\"potentialAction\":[{\"@type\":\"ReadAction\",\"target\":[\"https:\/\/www.fo-gamapa.de\/en\/nicole-wittinghofer-vermoegenscontrollerin\/\"]}]},{\"@type\":\"ImageObject\",\"inLanguage\":\"en-US\",\"@id\":\"https:\/\/www.fo-gamapa.de\/en\/nicole-wittinghofer-vermoegenscontrollerin\/#primaryimage\",\"url\":\"https:\/\/www.fo-gamapa.de\/wp-content\/uploads\/2023\/03\/Wittinghofer_2.jpg\",\"contentUrl\":\"https:\/\/www.fo-gamapa.de\/wp-content\/uploads\/2023\/03\/Wittinghofer_2.jpg\",\"width\":1440,\"height\":859,\"caption\":\"Wittinghofer\"},{\"@type\":\"WebSite\",\"@id\":\"https:\/\/www.fo-gamapa.de\/en\/#website\",\"url\":\"https:\/\/www.fo-gamapa.de\/en\/\",\"name\":\"GANTEF\u00dcHRER Family Office\",\"description\":\"unabh\u00e4ngiges Multi-Family Office in D\u00fcsseldorf\",\"publisher\":{\"@id\":\"https:\/\/www.fo-gamapa.de\/en\/#organization\"},\"potentialAction\":[{\"@type\":\"SearchAction\",\"target\":{\"@type\":\"EntryPoint\",\"urlTemplate\":\"https:\/\/www.fo-gamapa.de\/en\/?s={search_term_string}\"},\"query-input\":{\"@type\":\"PropertyValueSpecification\",\"valueRequired\":true,\"valueName\":\"search_term_string\"}}],\"inLanguage\":\"en-US\"},{\"@type\":\"Organization\",\"@id\":\"https:\/\/www.fo-gamapa.de\/en\/#organization\",\"name\":\"GANTEF\u00dcHRER Family Office\",\"url\":\"https:\/\/www.fo-gamapa.de\/en\/\",\"logo\":{\"@type\":\"ImageObject\",\"inLanguage\":\"en-US\",\"@id\":\"https:\/\/www.fo-gamapa.de\/en\/#\/schema\/logo\/image\/\",\"url\":\"https:\/\/www.fo-gamapa.de\/wp-content\/uploads\/2023\/04\/Logo-Gantefuehrer-Famiy-Offices.png\",\"contentUrl\":\"https:\/\/www.fo-gamapa.de\/wp-content\/uploads\/2023\/04\/Logo-Gantefuehrer-Famiy-Offices.png\",\"width\":767,\"height\":156,\"caption\":\"GANTEF\u00dcHRER Family Office\"},\"image\":{\"@id\":\"https:\/\/www.fo-gamapa.de\/en\/#\/schema\/logo\/image\/\"}}]}<\/script>\n<!-- \/ Yoast SEO plugin. -->","yoast_head_json":{"title":"Nicole Wittinghofer | Gantef\u00fchrer Family Office","description":"Nicole Wittinghofer - Asset controller at Gantef\u00fchrer Family Office","robots":{"index":"index","follow":"follow","max-snippet":"max-snippet:-1","max-image-preview":"max-image-preview:large","max-video-preview":"max-video-preview:-1"},"canonical":"https:\/\/www.fo-gamapa.de\/en\/nicole-wittinghofer-vermoegenscontrollerin\/","og_locale":"en_US","og_type":"article","og_title":"Nicole Wittinghofer | Gantef\u00fchrer Family Office","og_description":"Nicole Wittinghofer - Asset controller at Gantef\u00fchrer Family Office","og_url":"https:\/\/www.fo-gamapa.de\/en\/nicole-wittinghofer-vermoegenscontrollerin\/","og_site_name":"GANTEF\u00dcHRER Family Office","article_modified_time":"2026-01-22T13:13:41+00:00","og_image":[{"width":1440,"height":859,"url":"https:\/\/www.fo-gamapa.de\/wp-content\/uploads\/2023\/03\/Wittinghofer_2.jpg","type":"image\/jpeg"}],"twitter_card":"summary_large_image","twitter_misc":{"Est. reading time":"1 minute"},"schema":{"@context":"https:\/\/schema.org","@graph":[{"@type":"WebPage","@id":"https:\/\/www.fo-gamapa.de\/en\/nicole-wittinghofer-vermoegenscontrollerin\/","url":"https:\/\/www.fo-gamapa.de\/en\/nicole-wittinghofer-vermoegenscontrollerin\/","name":"Nicole Wittinghofer | Gantef\u00fchrer Family Office","isPartOf":{"@id":"https:\/\/www.fo-gamapa.de\/en\/#website"},"primaryImageOfPage":{"@id":"https:\/\/www.fo-gamapa.de\/en\/nicole-wittinghofer-vermoegenscontrollerin\/#primaryimage"},"image":{"@id":"https:\/\/www.fo-gamapa.de\/en\/nicole-wittinghofer-vermoegenscontrollerin\/#primaryimage"},"thumbnailUrl":"https:\/\/www.fo-gamapa.de\/wp-content\/uploads\/2023\/03\/Wittinghofer_2.jpg","datePublished":"2023-03-24T13:50:56+00:00","dateModified":"2026-01-22T13:13:41+00:00","description":"Nicole Wittinghofer - Asset controller at Gantef\u00fchrer Family Office","inLanguage":"en-US","potentialAction":[{"@type":"ReadAction","target":["https:\/\/www.fo-gamapa.de\/en\/nicole-wittinghofer-vermoegenscontrollerin\/"]}]},{"@type":"ImageObject","inLanguage":"en-US","@id":"https:\/\/www.fo-gamapa.de\/en\/nicole-wittinghofer-vermoegenscontrollerin\/#primaryimage","url":"https:\/\/www.fo-gamapa.de\/wp-content\/uploads\/2023\/03\/Wittinghofer_2.jpg","contentUrl":"https:\/\/www.fo-gamapa.de\/wp-content\/uploads\/2023\/03\/Wittinghofer_2.jpg","width":1440,"height":859,"caption":"Wittinghofer"},{"@type":"WebSite","@id":"https:\/\/www.fo-gamapa.de\/en\/#website","url":"https:\/\/www.fo-gamapa.de\/en\/","name":"GANTEF\u00dcHRER Family Office","description":"unabh\u00e4ngiges Multi-Family Office in D\u00fcsseldorf","publisher":{"@id":"https:\/\/www.fo-gamapa.de\/en\/#organization"},"potentialAction":[{"@type":"SearchAction","target":{"@type":"EntryPoint","urlTemplate":"https:\/\/www.fo-gamapa.de\/en\/?s={search_term_string}"},"query-input":{"@type":"PropertyValueSpecification","valueRequired":true,"valueName":"search_term_string"}}],"inLanguage":"en-US"},{"@type":"Organization","@id":"https:\/\/www.fo-gamapa.de\/en\/#organization","name":"GANTEF\u00dcHRER Family Office","url":"https:\/\/www.fo-gamapa.de\/en\/","logo":{"@type":"ImageObject","inLanguage":"en-US","@id":"https:\/\/www.fo-gamapa.de\/en\/#\/schema\/logo\/image\/","url":"https:\/\/www.fo-gamapa.de\/wp-content\/uploads\/2023\/04\/Logo-Gantefuehrer-Famiy-Offices.png","contentUrl":"https:\/\/www.fo-gamapa.de\/wp-content\/uploads\/2023\/04\/Logo-Gantefuehrer-Famiy-Offices.png","width":767,"height":156,"caption":"GANTEF\u00dcHRER Family Office"},"image":{"@id":"https:\/\/www.fo-gamapa.de\/en\/#\/schema\/logo\/image\/"}}]}},"uagb_featured_image_src":{"full":["https:\/\/www.fo-gamapa.de\/wp-content\/uploads\/2023\/03\/Wittinghofer_2.jpg",1440,859,false],"thumbnail":["https:\/\/www.fo-gamapa.de\/wp-content\/uploads\/2023\/03\/Wittinghofer_2-150x150.jpg",150,150,true],"medium":["https:\/\/www.fo-gamapa.de\/wp-content\/uploads\/2023\/03\/Wittinghofer_2-600x358.jpg",600,358,true],"medium_large":["https:\/\/www.fo-gamapa.de\/wp-content\/uploads\/2023\/03\/Wittinghofer_2-768x458.jpg",580,346,true],"large":["https:\/\/www.fo-gamapa.de\/wp-content\/uploads\/2023\/03\/Wittinghofer_2.jpg",580,346,false],"1536x1536":["https:\/\/www.fo-gamapa.de\/wp-content\/uploads\/2023\/03\/Wittinghofer_2.jpg",1440,859,false],"2048x2048":["https:\/\/www.fo-gamapa.de\/wp-content\/uploads\/2023\/03\/Wittinghofer_2.jpg",1440,859,false],"post-thumbnail":["https:\/\/www.fo-gamapa.de\/wp-content\/uploads\/2023\/03\/Wittinghofer_2.jpg",1440,859,false],"twentytwenty-fullscreen":["https:\/\/www.fo-gamapa.de\/wp-content\/uploads\/2023\/03\/Wittinghofer_2.jpg",1440,859,false],"theme-slug-single-post":["https:\/\/www.fo-gamapa.de\/wp-content\/uploads\/2023\/03\/Wittinghofer_2-1440x400.jpg",1440,400,true]},"uagb_author_info":{"display_name":"linda","author_link":"https:\/\/www.fo-gamapa.de\/en\/author\/linda\/"},"uagb_comment_info":0,"uagb_excerpt":"Main fields of activity Career 1995-1998 Training as a bank clerk 1998-2000 Customer advisor at a cooperative bank 2000-2017 Department Director \/ Senior Relationship Manager at a renowned private bank in D\u00fcsseldorf 2018-2019 Customer advisor at an independent asset manager 2020-2022 Relationship manager at a major German bank since 2000 Banking specialist since 2003 Financial&hellip;","_links":{"self":[{"href":"https:\/\/www.fo-gamapa.de\/en\/wp-json\/wp\/v2\/pages\/14919","targetHints":{"allow":["GET"]}}],"collection":[{"href":"https:\/\/www.fo-gamapa.de\/en\/wp-json\/wp\/v2\/pages"}],"about":[{"href":"https:\/\/www.fo-gamapa.de\/en\/wp-json\/wp\/v2\/types\/page"}],"author":[{"embeddable":true,"href":"https:\/\/www.fo-gamapa.de\/en\/wp-json\/wp\/v2\/users\/1"}],"replies":[{"embeddable":true,"href":"https:\/\/www.fo-gamapa.de\/en\/wp-json\/wp\/v2\/comments?post=14919"}],"version-history":[{"count":3,"href":"https:\/\/www.fo-gamapa.de\/en\/wp-json\/wp\/v2\/pages\/14919\/revisions"}],"predecessor-version":[{"id":15478,"href":"https:\/\/www.fo-gamapa.de\/en\/wp-json\/wp\/v2\/pages\/14919\/revisions\/15478"}],"wp:featuredmedia":[{"embeddable":true,"href":"https:\/\/www.fo-gamapa.de\/en\/wp-json\/wp\/v2\/media\/14407"}],"wp:attachment":[{"href":"https:\/\/www.fo-gamapa.de\/en\/wp-json\/wp\/v2\/media?parent=14919"}],"curies":[{"name":"wp","href":"https:\/\/api.w.org\/{rel}","templated":true}]}}