

{"id":14924,"date":"2023-04-11T21:46:01","date_gmt":"2023-04-11T19:46:01","guid":{"rendered":"https:\/\/www.fo-gamapa.de\/vera-niedermeyer-mediatorin\/"},"modified":"2026-01-22T14:13:42","modified_gmt":"2026-01-22T13:13:42","slug":"vera-niedermeyer-lawyer-mediator","status":"publish","type":"page","link":"https:\/\/www.fo-gamapa.de\/en\/vera-niedermeyer-lawyer-mediator\/","title":{"rendered":"Vera Niedermeyer"},"content":{"rendered":"\n<h3 class=\"wp-block-heading\">Main fields of activity<\/h3>\n\n\n\n<ul class=\"wp-block-list\">\n<li>Asset and business succession consulting<\/li>\n\n\n\n<li>Commercial and corporate law, foundation law<\/li>\n\n\n\n<li>Art law<\/li>\n\n\n\n<li>Mediation<\/li>\n\n\n\n<li>Banking supervisory law<\/li>\n<\/ul>\n\n\n\n<h3 class=\"wp-block-heading\">Career<\/h3>\n\n\n\n<figure class=\"wp-block-table tablist\"><table><tbody><tr><td>2002-2007<\/td><td>Studied law at the University of Konstanz<\/td><\/tr><tr><td>2008-2008<\/td><td>Intern at UBS Investment Bank, Zurich<\/td><\/tr><tr><td>2009-2011&nbsp;<\/td><td>Legal clerkship at the Higher Regional Court of Frankfurt am Main<\/td><\/tr><tr><td>2011-2016<\/td><td>Lawyer and salaried partner at Heuking K\u00fchn L\u00fcer Wojtek, Zurich<\/td><\/tr><tr><td>2016-2021<\/td><td>Lawyer and partner at Pontinova AG, Zurich<\/td><\/tr><tr><td>since 2020<\/td><td>Certified mediator<\/td><\/tr><tr><td>since 2021<\/td><td>Lawyer at Dr. Gantef\u00fchrer, Marquardt &amp; Partner<\/td><\/tr><tr><td>since 2022<\/td><td>Partner at Dr. Gantef\u00fchrer, Marquardt &amp; Partner<\/td><\/tr><\/tbody><\/table><\/figure>\n\n\n\n<h3 class=\"wp-block-heading\">Industries<\/h3>\n\n\n\n<ul class=\"wp-block-list\">\n<li>Medium-sized companies and entrepreneurial families<\/li>\n\n\n\n<li>Private clients<\/li>\n\n\n\n<li>Banks and asset managers<\/li>\n\n\n\n<li>Family offices<\/li>\n\n\n\n<li>Foundations<\/li>\n<\/ul>\n\n\n\n<h3 class=\"wp-block-heading\">Ver\u00f6ffentlichungen<\/h3>\n\n\n\n<ul class=\"wp-block-list\">\n<li>12\/2019 Ladies Drive \u2013 The business magazine for ladies: Out of the crisis<\/li>\n\n\n\n<li>03\/2016 die bank: Swiss banks \u2013 The road to Germany<\/li>\n\n\n\n<li>07\/2014\u00a0<a href=\"http:\/\/www.familymattersonline.info\/\">www.familymattersonline.info<\/a>: Statutory succession or last will &#8211; what is what? (with Dirk W. Kolvenbach)<\/li>\n\n\n\n<li>09\/2013\u00a0<a href=\"http:\/\/www.familymattersonline.info\/\">www.familymattersonline.info<\/a>: Accrual of inheritance involving assets abroad \u2013 complexity frequently underestimated<\/li>\n\n\n\n<li>09\/2012 ngel &amp; V\u00f6lkers Commercial: Often underestimated and Engel &amp; V\u00f6lkers Commercial: International inheritance law<\/li>\n\n\n\n<li>08\/2012 Private Wealth: The emergency plan (with Dirk W. Kolvenbach)<\/li>\n<\/ul>\n\n\n\n<div class=\"wp-block-buttons is-layout-flex wp-block-buttons-is-layout-flex\">\n<div class=\"wp-block-button zurueck\"><a class=\"wp-block-button__link wp-element-button\" href=\"https:\/\/www.fo-gamapa.de\/kontakt-family-office\/\">back<\/a><\/div>\n<\/div>\n","protected":false},"excerpt":{"rendered":"<p>Main fields of activity Career 2002-2007 Studied law at the University of Konstanz 2008-2008 Intern at UBS Investment Bank, Zurich 2009-2011&nbsp; Legal clerkship at the Higher Regional Court of Frankfurt am Main 2011-2016 Lawyer and salaried partner at Heuking K\u00fchn L\u00fcer Wojtek, Zurich 2016-2021 Lawyer and partner at Pontinova AG, Zurich since 2020 Certified mediator <a href=\"https:\/\/www.fo-gamapa.de\/en\/vera-niedermeyer-lawyer-mediator\/\">[\u2026]<\/a><\/p>\n","protected":false},"author":1,"featured_media":14623,"parent":0,"menu_order":25,"comment_status":"closed","ping_status":"closed","template":"templates\/template-Profil.php","meta":{"_acf_changed":false,"_uag_custom_page_level_css":"","footnotes":""},"class_list":["post-14924","page","type-page","status-publish","has-post-thumbnail","hentry"],"acf":[],"yoast_head":"<!-- This site is optimized with the Yoast SEO plugin v27.2 - https:\/\/yoast.com\/product\/yoast-seo-wordpress\/ -->\n<title>Vera Niedermeyer - GANTEF\u00dcHRER Family Office<\/title>\n<meta name=\"robots\" content=\"index, follow, max-snippet:-1, max-image-preview:large, max-video-preview:-1\" \/>\n<link rel=\"canonical\" href=\"https:\/\/www.fo-gamapa.de\/en\/vera-niedermeyer-lawyer-mediator\/\" \/>\n<meta property=\"og:locale\" content=\"en_US\" \/>\n<meta property=\"og:type\" content=\"article\" \/>\n<meta property=\"og:title\" content=\"Vera Niedermeyer - GANTEF\u00dcHRER Family Office\" \/>\n<meta property=\"og:description\" content=\"Main fields of activity Career 2002-2007 Studied law at the University of Konstanz 2008-2008 Intern at UBS Investment Bank, Zurich 2009-2011&nbsp; Legal clerkship at the Higher Regional Court of Frankfurt am Main 2011-2016 Lawyer and salaried partner at Heuking K\u00fchn L\u00fcer Wojtek, Zurich 2016-2021 Lawyer and partner at Pontinova AG, Zurich since 2020 Certified mediator [\u2026]\" \/>\n<meta property=\"og:url\" content=\"https:\/\/www.fo-gamapa.de\/en\/vera-niedermeyer-lawyer-mediator\/\" \/>\n<meta property=\"og:site_name\" content=\"GANTEF\u00dcHRER Family Office\" \/>\n<meta property=\"article:modified_time\" content=\"2026-01-22T13:13:42+00:00\" \/>\n<meta property=\"og:image\" content=\"https:\/\/www.fo-gamapa.de\/wp-content\/uploads\/2023\/04\/Niedermeyer-big.jpg\" \/>\n\t<meta property=\"og:image:width\" content=\"1440\" \/>\n\t<meta property=\"og:image:height\" content=\"859\" \/>\n\t<meta property=\"og:image:type\" content=\"image\/jpeg\" \/>\n<meta name=\"twitter:card\" content=\"summary_large_image\" \/>\n<meta name=\"twitter:label1\" content=\"Est. reading time\" \/>\n\t<meta name=\"twitter:data1\" content=\"2 minutes\" \/>\n<script type=\"application\/ld+json\" class=\"yoast-schema-graph\">{\"@context\":\"https:\/\/schema.org\",\"@graph\":[{\"@type\":\"WebPage\",\"@id\":\"https:\/\/www.fo-gamapa.de\/en\/vera-niedermeyer-lawyer-mediator\/\",\"url\":\"https:\/\/www.fo-gamapa.de\/en\/vera-niedermeyer-lawyer-mediator\/\",\"name\":\"Vera Niedermeyer - GANTEF\u00dcHRER Family Office\",\"isPartOf\":{\"@id\":\"https:\/\/www.fo-gamapa.de\/en\/#website\"},\"primaryImageOfPage\":{\"@id\":\"https:\/\/www.fo-gamapa.de\/en\/vera-niedermeyer-lawyer-mediator\/#primaryimage\"},\"image\":{\"@id\":\"https:\/\/www.fo-gamapa.de\/en\/vera-niedermeyer-lawyer-mediator\/#primaryimage\"},\"thumbnailUrl\":\"https:\/\/www.fo-gamapa.de\/wp-content\/uploads\/2023\/04\/Niedermeyer-big.jpg\",\"datePublished\":\"2023-04-11T19:46:01+00:00\",\"dateModified\":\"2026-01-22T13:13:42+00:00\",\"inLanguage\":\"en-US\",\"potentialAction\":[{\"@type\":\"ReadAction\",\"target\":[\"https:\/\/www.fo-gamapa.de\/en\/vera-niedermeyer-lawyer-mediator\/\"]}]},{\"@type\":\"ImageObject\",\"inLanguage\":\"en-US\",\"@id\":\"https:\/\/www.fo-gamapa.de\/en\/vera-niedermeyer-lawyer-mediator\/#primaryimage\",\"url\":\"https:\/\/www.fo-gamapa.de\/wp-content\/uploads\/2023\/04\/Niedermeyer-big.jpg\",\"contentUrl\":\"https:\/\/www.fo-gamapa.de\/wp-content\/uploads\/2023\/04\/Niedermeyer-big.jpg\",\"width\":1440,\"height\":859},{\"@type\":\"WebSite\",\"@id\":\"https:\/\/www.fo-gamapa.de\/en\/#website\",\"url\":\"https:\/\/www.fo-gamapa.de\/en\/\",\"name\":\"GANTEF\u00dcHRER Family Office\",\"description\":\"unabh\u00e4ngiges Multi-Family Office in D\u00fcsseldorf\",\"publisher\":{\"@id\":\"https:\/\/www.fo-gamapa.de\/en\/#organization\"},\"potentialAction\":[{\"@type\":\"SearchAction\",\"target\":{\"@type\":\"EntryPoint\",\"urlTemplate\":\"https:\/\/www.fo-gamapa.de\/en\/?s={search_term_string}\"},\"query-input\":{\"@type\":\"PropertyValueSpecification\",\"valueRequired\":true,\"valueName\":\"search_term_string\"}}],\"inLanguage\":\"en-US\"},{\"@type\":\"Organization\",\"@id\":\"https:\/\/www.fo-gamapa.de\/en\/#organization\",\"name\":\"GANTEF\u00dcHRER Family Office\",\"url\":\"https:\/\/www.fo-gamapa.de\/en\/\",\"logo\":{\"@type\":\"ImageObject\",\"inLanguage\":\"en-US\",\"@id\":\"https:\/\/www.fo-gamapa.de\/en\/#\/schema\/logo\/image\/\",\"url\":\"https:\/\/www.fo-gamapa.de\/wp-content\/uploads\/2023\/04\/Logo-Gantefuehrer-Famiy-Offices.png\",\"contentUrl\":\"https:\/\/www.fo-gamapa.de\/wp-content\/uploads\/2023\/04\/Logo-Gantefuehrer-Famiy-Offices.png\",\"width\":767,\"height\":156,\"caption\":\"GANTEF\u00dcHRER Family Office\"},\"image\":{\"@id\":\"https:\/\/www.fo-gamapa.de\/en\/#\/schema\/logo\/image\/\"}}]}<\/script>\n<!-- \/ Yoast SEO plugin. -->","yoast_head_json":{"title":"Vera Niedermeyer - GANTEF\u00dcHRER Family Office","robots":{"index":"index","follow":"follow","max-snippet":"max-snippet:-1","max-image-preview":"max-image-preview:large","max-video-preview":"max-video-preview:-1"},"canonical":"https:\/\/www.fo-gamapa.de\/en\/vera-niedermeyer-lawyer-mediator\/","og_locale":"en_US","og_type":"article","og_title":"Vera Niedermeyer - GANTEF\u00dcHRER Family Office","og_description":"Main fields of activity Career 2002-2007 Studied law at the University of Konstanz 2008-2008 Intern at UBS Investment Bank, Zurich 2009-2011&nbsp; Legal clerkship at the Higher Regional Court of Frankfurt am Main 2011-2016 Lawyer and salaried partner at Heuking K\u00fchn L\u00fcer Wojtek, Zurich 2016-2021 Lawyer and partner at Pontinova AG, Zurich since 2020 Certified mediator [\u2026]","og_url":"https:\/\/www.fo-gamapa.de\/en\/vera-niedermeyer-lawyer-mediator\/","og_site_name":"GANTEF\u00dcHRER Family Office","article_modified_time":"2026-01-22T13:13:42+00:00","og_image":[{"width":1440,"height":859,"url":"https:\/\/www.fo-gamapa.de\/wp-content\/uploads\/2023\/04\/Niedermeyer-big.jpg","type":"image\/jpeg"}],"twitter_card":"summary_large_image","twitter_misc":{"Est. reading time":"2 minutes"},"schema":{"@context":"https:\/\/schema.org","@graph":[{"@type":"WebPage","@id":"https:\/\/www.fo-gamapa.de\/en\/vera-niedermeyer-lawyer-mediator\/","url":"https:\/\/www.fo-gamapa.de\/en\/vera-niedermeyer-lawyer-mediator\/","name":"Vera Niedermeyer - GANTEF\u00dcHRER Family Office","isPartOf":{"@id":"https:\/\/www.fo-gamapa.de\/en\/#website"},"primaryImageOfPage":{"@id":"https:\/\/www.fo-gamapa.de\/en\/vera-niedermeyer-lawyer-mediator\/#primaryimage"},"image":{"@id":"https:\/\/www.fo-gamapa.de\/en\/vera-niedermeyer-lawyer-mediator\/#primaryimage"},"thumbnailUrl":"https:\/\/www.fo-gamapa.de\/wp-content\/uploads\/2023\/04\/Niedermeyer-big.jpg","datePublished":"2023-04-11T19:46:01+00:00","dateModified":"2026-01-22T13:13:42+00:00","inLanguage":"en-US","potentialAction":[{"@type":"ReadAction","target":["https:\/\/www.fo-gamapa.de\/en\/vera-niedermeyer-lawyer-mediator\/"]}]},{"@type":"ImageObject","inLanguage":"en-US","@id":"https:\/\/www.fo-gamapa.de\/en\/vera-niedermeyer-lawyer-mediator\/#primaryimage","url":"https:\/\/www.fo-gamapa.de\/wp-content\/uploads\/2023\/04\/Niedermeyer-big.jpg","contentUrl":"https:\/\/www.fo-gamapa.de\/wp-content\/uploads\/2023\/04\/Niedermeyer-big.jpg","width":1440,"height":859},{"@type":"WebSite","@id":"https:\/\/www.fo-gamapa.de\/en\/#website","url":"https:\/\/www.fo-gamapa.de\/en\/","name":"GANTEF\u00dcHRER Family Office","description":"unabh\u00e4ngiges Multi-Family Office in D\u00fcsseldorf","publisher":{"@id":"https:\/\/www.fo-gamapa.de\/en\/#organization"},"potentialAction":[{"@type":"SearchAction","target":{"@type":"EntryPoint","urlTemplate":"https:\/\/www.fo-gamapa.de\/en\/?s={search_term_string}"},"query-input":{"@type":"PropertyValueSpecification","valueRequired":true,"valueName":"search_term_string"}}],"inLanguage":"en-US"},{"@type":"Organization","@id":"https:\/\/www.fo-gamapa.de\/en\/#organization","name":"GANTEF\u00dcHRER Family Office","url":"https:\/\/www.fo-gamapa.de\/en\/","logo":{"@type":"ImageObject","inLanguage":"en-US","@id":"https:\/\/www.fo-gamapa.de\/en\/#\/schema\/logo\/image\/","url":"https:\/\/www.fo-gamapa.de\/wp-content\/uploads\/2023\/04\/Logo-Gantefuehrer-Famiy-Offices.png","contentUrl":"https:\/\/www.fo-gamapa.de\/wp-content\/uploads\/2023\/04\/Logo-Gantefuehrer-Famiy-Offices.png","width":767,"height":156,"caption":"GANTEF\u00dcHRER Family Office"},"image":{"@id":"https:\/\/www.fo-gamapa.de\/en\/#\/schema\/logo\/image\/"}}]}},"uagb_featured_image_src":{"full":["https:\/\/www.fo-gamapa.de\/wp-content\/uploads\/2023\/04\/Niedermeyer-big.jpg",1440,859,false],"thumbnail":["https:\/\/www.fo-gamapa.de\/wp-content\/uploads\/2023\/04\/Niedermeyer-big-150x150.jpg",150,150,true],"medium":["https:\/\/www.fo-gamapa.de\/wp-content\/uploads\/2023\/04\/Niedermeyer-big-600x358.jpg",600,358,true],"medium_large":["https:\/\/www.fo-gamapa.de\/wp-content\/uploads\/2023\/04\/Niedermeyer-big-768x458.jpg",580,346,true],"large":["https:\/\/www.fo-gamapa.de\/wp-content\/uploads\/2023\/04\/Niedermeyer-big.jpg",580,346,false],"1536x1536":["https:\/\/www.fo-gamapa.de\/wp-content\/uploads\/2023\/04\/Niedermeyer-big.jpg",1440,859,false],"2048x2048":["https:\/\/www.fo-gamapa.de\/wp-content\/uploads\/2023\/04\/Niedermeyer-big.jpg",1440,859,false],"post-thumbnail":["https:\/\/www.fo-gamapa.de\/wp-content\/uploads\/2023\/04\/Niedermeyer-big.jpg",1440,859,false],"twentytwenty-fullscreen":["https:\/\/www.fo-gamapa.de\/wp-content\/uploads\/2023\/04\/Niedermeyer-big.jpg",1440,859,false],"theme-slug-single-post":["https:\/\/www.fo-gamapa.de\/wp-content\/uploads\/2023\/04\/Niedermeyer-big-1440x400.jpg",1440,400,true]},"uagb_author_info":{"display_name":"linda","author_link":"https:\/\/www.fo-gamapa.de\/en\/author\/linda\/"},"uagb_comment_info":0,"uagb_excerpt":"Main fields of activity Career 2002-2007 Studied law at the University of Konstanz 2008-2008 Intern at UBS Investment Bank, Zurich 2009-2011&nbsp; Legal clerkship at the Higher Regional Court of Frankfurt am Main 2011-2016 Lawyer and salaried partner at Heuking K\u00fchn L\u00fcer Wojtek, Zurich 2016-2021 Lawyer and partner at Pontinova AG, Zurich since 2020 Certified mediator&hellip;","_links":{"self":[{"href":"https:\/\/www.fo-gamapa.de\/en\/wp-json\/wp\/v2\/pages\/14924","targetHints":{"allow":["GET"]}}],"collection":[{"href":"https:\/\/www.fo-gamapa.de\/en\/wp-json\/wp\/v2\/pages"}],"about":[{"href":"https:\/\/www.fo-gamapa.de\/en\/wp-json\/wp\/v2\/types\/page"}],"author":[{"embeddable":true,"href":"https:\/\/www.fo-gamapa.de\/en\/wp-json\/wp\/v2\/users\/1"}],"replies":[{"embeddable":true,"href":"https:\/\/www.fo-gamapa.de\/en\/wp-json\/wp\/v2\/comments?post=14924"}],"version-history":[{"count":3,"href":"https:\/\/www.fo-gamapa.de\/en\/wp-json\/wp\/v2\/pages\/14924\/revisions"}],"predecessor-version":[{"id":15477,"href":"https:\/\/www.fo-gamapa.de\/en\/wp-json\/wp\/v2\/pages\/14924\/revisions\/15477"}],"wp:featuredmedia":[{"embeddable":true,"href":"https:\/\/www.fo-gamapa.de\/en\/wp-json\/wp\/v2\/media\/14623"}],"wp:attachment":[{"href":"https:\/\/www.fo-gamapa.de\/en\/wp-json\/wp\/v2\/media?parent=14924"}],"curies":[{"name":"wp","href":"https:\/\/api.w.org\/{rel}","templated":true}]}}