

{"id":15067,"date":"2025-04-07T12:22:15","date_gmt":"2025-04-07T10:22:15","guid":{"rendered":"https:\/\/www.fo-gamapa.de\/?page_id=15067"},"modified":"2026-01-22T14:13:41","modified_gmt":"2026-01-22T13:13:41","slug":"anja-scheren-picken","status":"publish","type":"page","link":"https:\/\/www.fo-gamapa.de\/en\/anja-scheren-picken\/","title":{"rendered":"Anja Scheren-Picken"},"content":{"rendered":"\n<h3 class=\"wp-block-heading\">Main fields of activity<\/h3>\n\n\n\n<ul class=\"wp-block-list\">\n<li>Accounting<\/li>\n\n\n\n<li>Private secretarial services<\/li>\n<\/ul>\n\n\n\n<h3 class=\"wp-block-heading\">Career<\/h3>\n\n\n\n<figure class=\"wp-block-table tablist\"><table><tbody><tr><td>1994-1997<\/td><td>Training as an office administrator<\/td><\/tr><tr><td>since 2003<\/td><td>State-certified business economist<\/td><\/tr><tr><td>1997-2023<\/td><td>Accounting in medium-sized companies<\/td><\/tr><tr><td>since 2024<\/td><td>Gantef\u00fchrer Family Office<\/td><\/tr><\/tbody><\/table><\/figure>\n\n\n\n<h3 class=\"wp-block-heading\">Industries<\/h3>\n\n\n\n<ul class=\"wp-block-list\">\n<li>Wealthy individuals<\/li>\n\n\n\n<li>Medium-sized companies<\/li>\n<\/ul>\n\n\n\n<div style=\"height:50px\" aria-hidden=\"true\" class=\"wp-block-spacer\"><\/div>\n\n\n\n<div class=\"wp-block-buttons is-layout-flex wp-block-buttons-is-layout-flex\">\n<div class=\"wp-block-button zurueck\"><a class=\"wp-block-button__link wp-element-button\" href=\"https:\/\/www.fo-gamapa.de\/kontakt-family-office\/\">back<\/a><\/div>\n<\/div>\n\n\n\n<p><\/p>\n","protected":false},"excerpt":{"rendered":"<p>Main fields of activity Career 1994-1997 Training as an office administrator since 2003 State-certified business economist 1997-2023 Accounting in medium-sized companies since 2024 Gantef\u00fchrer Family Office Industries<\/p>\n","protected":false},"author":12,"featured_media":15071,"parent":0,"menu_order":13,"comment_status":"closed","ping_status":"closed","template":"templates\/template-Profil.php","meta":{"_acf_changed":false,"_uag_custom_page_level_css":"","footnotes":""},"class_list":["post-15067","page","type-page","status-publish","has-post-thumbnail","hentry"],"acf":[],"yoast_head":"<!-- This site is optimized with the Yoast SEO plugin v27.2 - https:\/\/yoast.com\/product\/yoast-seo-wordpress\/ -->\n<title>Anja Scheren-Picken - GANTEF\u00dcHRER Family Office<\/title>\n<meta name=\"description\" content=\"Anja Scheren-Picken, Accountant\" \/>\n<meta name=\"robots\" content=\"index, follow, max-snippet:-1, max-image-preview:large, max-video-preview:-1\" \/>\n<link rel=\"canonical\" href=\"https:\/\/www.fo-gamapa.de\/en\/anja-scheren-picken\/\" \/>\n<meta property=\"og:locale\" content=\"en_US\" \/>\n<meta property=\"og:type\" content=\"article\" \/>\n<meta property=\"og:title\" content=\"Anja Scheren-Picken - GANTEF\u00dcHRER Family Office\" \/>\n<meta property=\"og:description\" content=\"Anja Scheren-Picken, Accountant\" \/>\n<meta property=\"og:url\" content=\"https:\/\/www.fo-gamapa.de\/en\/anja-scheren-picken\/\" \/>\n<meta property=\"og:site_name\" content=\"GANTEF\u00dcHRER Family Office\" \/>\n<meta property=\"article:modified_time\" content=\"2026-01-22T13:13:41+00:00\" \/>\n<meta property=\"og:image\" content=\"https:\/\/www.fo-gamapa.de\/wp-content\/uploads\/2024\/09\/HW_0219-fin.jpg\" \/>\n\t<meta property=\"og:image:width\" content=\"580\" \/>\n\t<meta property=\"og:image:height\" content=\"387\" \/>\n\t<meta property=\"og:image:type\" content=\"image\/jpeg\" \/>\n<meta name=\"twitter:card\" content=\"summary_large_image\" \/>\n<meta name=\"twitter:label1\" content=\"Est. reading time\" \/>\n\t<meta name=\"twitter:data1\" content=\"1 minute\" \/>\n<script type=\"application\/ld+json\" class=\"yoast-schema-graph\">{\"@context\":\"https:\/\/schema.org\",\"@graph\":[{\"@type\":\"WebPage\",\"@id\":\"https:\/\/www.fo-gamapa.de\/en\/anja-scheren-picken\/\",\"url\":\"https:\/\/www.fo-gamapa.de\/en\/anja-scheren-picken\/\",\"name\":\"Anja Scheren-Picken - GANTEF\u00dcHRER Family Office\",\"isPartOf\":{\"@id\":\"https:\/\/www.fo-gamapa.de\/en\/#website\"},\"primaryImageOfPage\":{\"@id\":\"https:\/\/www.fo-gamapa.de\/en\/anja-scheren-picken\/#primaryimage\"},\"image\":{\"@id\":\"https:\/\/www.fo-gamapa.de\/en\/anja-scheren-picken\/#primaryimage\"},\"thumbnailUrl\":\"https:\/\/www.fo-gamapa.de\/wp-content\/uploads\/2024\/09\/HW_0219-fin.jpg\",\"datePublished\":\"2025-04-07T10:22:15+00:00\",\"dateModified\":\"2026-01-22T13:13:41+00:00\",\"description\":\"Anja Scheren-Picken, Accountant\",\"inLanguage\":\"en-US\",\"potentialAction\":[{\"@type\":\"ReadAction\",\"target\":[\"https:\/\/www.fo-gamapa.de\/en\/anja-scheren-picken\/\"]}]},{\"@type\":\"ImageObject\",\"inLanguage\":\"en-US\",\"@id\":\"https:\/\/www.fo-gamapa.de\/en\/anja-scheren-picken\/#primaryimage\",\"url\":\"https:\/\/www.fo-gamapa.de\/wp-content\/uploads\/2024\/09\/HW_0219-fin.jpg\",\"contentUrl\":\"https:\/\/www.fo-gamapa.de\/wp-content\/uploads\/2024\/09\/HW_0219-fin.jpg\",\"width\":8192,\"height\":5464},{\"@type\":\"WebSite\",\"@id\":\"https:\/\/www.fo-gamapa.de\/en\/#website\",\"url\":\"https:\/\/www.fo-gamapa.de\/en\/\",\"name\":\"GANTEF\u00dcHRER Family Office\",\"description\":\"unabh\u00e4ngiges Multi-Family Office in D\u00fcsseldorf\",\"publisher\":{\"@id\":\"https:\/\/www.fo-gamapa.de\/en\/#organization\"},\"potentialAction\":[{\"@type\":\"SearchAction\",\"target\":{\"@type\":\"EntryPoint\",\"urlTemplate\":\"https:\/\/www.fo-gamapa.de\/en\/?s={search_term_string}\"},\"query-input\":{\"@type\":\"PropertyValueSpecification\",\"valueRequired\":true,\"valueName\":\"search_term_string\"}}],\"inLanguage\":\"en-US\"},{\"@type\":\"Organization\",\"@id\":\"https:\/\/www.fo-gamapa.de\/en\/#organization\",\"name\":\"GANTEF\u00dcHRER Family Office\",\"url\":\"https:\/\/www.fo-gamapa.de\/en\/\",\"logo\":{\"@type\":\"ImageObject\",\"inLanguage\":\"en-US\",\"@id\":\"https:\/\/www.fo-gamapa.de\/en\/#\/schema\/logo\/image\/\",\"url\":\"https:\/\/www.fo-gamapa.de\/wp-content\/uploads\/2023\/04\/Logo-Gantefuehrer-Famiy-Offices.png\",\"contentUrl\":\"https:\/\/www.fo-gamapa.de\/wp-content\/uploads\/2023\/04\/Logo-Gantefuehrer-Famiy-Offices.png\",\"width\":767,\"height\":156,\"caption\":\"GANTEF\u00dcHRER Family Office\"},\"image\":{\"@id\":\"https:\/\/www.fo-gamapa.de\/en\/#\/schema\/logo\/image\/\"}}]}<\/script>\n<!-- \/ Yoast SEO plugin. -->","yoast_head_json":{"title":"Anja Scheren-Picken - GANTEF\u00dcHRER Family Office","description":"Anja Scheren-Picken, Accountant","robots":{"index":"index","follow":"follow","max-snippet":"max-snippet:-1","max-image-preview":"max-image-preview:large","max-video-preview":"max-video-preview:-1"},"canonical":"https:\/\/www.fo-gamapa.de\/en\/anja-scheren-picken\/","og_locale":"en_US","og_type":"article","og_title":"Anja Scheren-Picken - GANTEF\u00dcHRER Family Office","og_description":"Anja Scheren-Picken, Accountant","og_url":"https:\/\/www.fo-gamapa.de\/en\/anja-scheren-picken\/","og_site_name":"GANTEF\u00dcHRER Family Office","article_modified_time":"2026-01-22T13:13:41+00:00","og_image":[{"url":"https:\/\/www.fo-gamapa.de\/wp-content\/uploads\/2024\/09\/HW_0219-fin.jpg","width":580,"height":387,"type":"image\/jpeg"}],"twitter_card":"summary_large_image","twitter_misc":{"Est. reading time":"1 minute"},"schema":{"@context":"https:\/\/schema.org","@graph":[{"@type":"WebPage","@id":"https:\/\/www.fo-gamapa.de\/en\/anja-scheren-picken\/","url":"https:\/\/www.fo-gamapa.de\/en\/anja-scheren-picken\/","name":"Anja Scheren-Picken - GANTEF\u00dcHRER Family Office","isPartOf":{"@id":"https:\/\/www.fo-gamapa.de\/en\/#website"},"primaryImageOfPage":{"@id":"https:\/\/www.fo-gamapa.de\/en\/anja-scheren-picken\/#primaryimage"},"image":{"@id":"https:\/\/www.fo-gamapa.de\/en\/anja-scheren-picken\/#primaryimage"},"thumbnailUrl":"https:\/\/www.fo-gamapa.de\/wp-content\/uploads\/2024\/09\/HW_0219-fin.jpg","datePublished":"2025-04-07T10:22:15+00:00","dateModified":"2026-01-22T13:13:41+00:00","description":"Anja Scheren-Picken, Accountant","inLanguage":"en-US","potentialAction":[{"@type":"ReadAction","target":["https:\/\/www.fo-gamapa.de\/en\/anja-scheren-picken\/"]}]},{"@type":"ImageObject","inLanguage":"en-US","@id":"https:\/\/www.fo-gamapa.de\/en\/anja-scheren-picken\/#primaryimage","url":"https:\/\/www.fo-gamapa.de\/wp-content\/uploads\/2024\/09\/HW_0219-fin.jpg","contentUrl":"https:\/\/www.fo-gamapa.de\/wp-content\/uploads\/2024\/09\/HW_0219-fin.jpg","width":8192,"height":5464},{"@type":"WebSite","@id":"https:\/\/www.fo-gamapa.de\/en\/#website","url":"https:\/\/www.fo-gamapa.de\/en\/","name":"GANTEF\u00dcHRER Family Office","description":"unabh\u00e4ngiges Multi-Family Office in D\u00fcsseldorf","publisher":{"@id":"https:\/\/www.fo-gamapa.de\/en\/#organization"},"potentialAction":[{"@type":"SearchAction","target":{"@type":"EntryPoint","urlTemplate":"https:\/\/www.fo-gamapa.de\/en\/?s={search_term_string}"},"query-input":{"@type":"PropertyValueSpecification","valueRequired":true,"valueName":"search_term_string"}}],"inLanguage":"en-US"},{"@type":"Organization","@id":"https:\/\/www.fo-gamapa.de\/en\/#organization","name":"GANTEF\u00dcHRER Family Office","url":"https:\/\/www.fo-gamapa.de\/en\/","logo":{"@type":"ImageObject","inLanguage":"en-US","@id":"https:\/\/www.fo-gamapa.de\/en\/#\/schema\/logo\/image\/","url":"https:\/\/www.fo-gamapa.de\/wp-content\/uploads\/2023\/04\/Logo-Gantefuehrer-Famiy-Offices.png","contentUrl":"https:\/\/www.fo-gamapa.de\/wp-content\/uploads\/2023\/04\/Logo-Gantefuehrer-Famiy-Offices.png","width":767,"height":156,"caption":"GANTEF\u00dcHRER Family Office"},"image":{"@id":"https:\/\/www.fo-gamapa.de\/en\/#\/schema\/logo\/image\/"}}]}},"uagb_featured_image_src":{"full":["https:\/\/www.fo-gamapa.de\/wp-content\/uploads\/2024\/09\/HW_0219-fin.jpg",8192,5464,false],"thumbnail":["https:\/\/www.fo-gamapa.de\/wp-content\/uploads\/2024\/09\/HW_0219-fin-150x150.jpg",150,150,true],"medium":["https:\/\/www.fo-gamapa.de\/wp-content\/uploads\/2024\/09\/HW_0219-fin-600x400.jpg",600,400,true],"medium_large":["https:\/\/www.fo-gamapa.de\/wp-content\/uploads\/2024\/09\/HW_0219-fin-768x512.jpg",580,387,true],"large":["https:\/\/www.fo-gamapa.de\/wp-content\/uploads\/2024\/09\/HW_0219-fin.jpg",580,387,false],"1536x1536":["https:\/\/www.fo-gamapa.de\/wp-content\/uploads\/2024\/09\/HW_0219-fin-1536x1025.jpg",1536,1025,true],"2048x2048":["https:\/\/www.fo-gamapa.de\/wp-content\/uploads\/2024\/09\/HW_0219-fin.jpg",2048,1366,false],"post-thumbnail":["https:\/\/www.fo-gamapa.de\/wp-content\/uploads\/2024\/09\/HW_0219-fin.jpg",2699,1800,false],"twentytwenty-fullscreen":["https:\/\/www.fo-gamapa.de\/wp-content\/uploads\/2024\/09\/HW_0219-fin-2880x1921.jpg",2880,1921,true],"theme-slug-single-post":["https:\/\/www.fo-gamapa.de\/wp-content\/uploads\/2024\/09\/HW_0219-fin-1600x400.jpg",1600,400,true]},"uagb_author_info":{"display_name":"ninasenft","author_link":"https:\/\/www.fo-gamapa.de\/en\/author\/ninasenft\/"},"uagb_comment_info":0,"uagb_excerpt":"Main fields of activity Career 1994-1997 Training as an office administrator since 2003 State-certified business economist 1997-2023 Accounting in medium-sized companies since 2024 Gantef\u00fchrer Family Office Industries","_links":{"self":[{"href":"https:\/\/www.fo-gamapa.de\/en\/wp-json\/wp\/v2\/pages\/15067","targetHints":{"allow":["GET"]}}],"collection":[{"href":"https:\/\/www.fo-gamapa.de\/en\/wp-json\/wp\/v2\/pages"}],"about":[{"href":"https:\/\/www.fo-gamapa.de\/en\/wp-json\/wp\/v2\/types\/page"}],"author":[{"embeddable":true,"href":"https:\/\/www.fo-gamapa.de\/en\/wp-json\/wp\/v2\/users\/12"}],"replies":[{"embeddable":true,"href":"https:\/\/www.fo-gamapa.de\/en\/wp-json\/wp\/v2\/comments?post=15067"}],"version-history":[{"count":5,"href":"https:\/\/www.fo-gamapa.de\/en\/wp-json\/wp\/v2\/pages\/15067\/revisions"}],"predecessor-version":[{"id":15470,"href":"https:\/\/www.fo-gamapa.de\/en\/wp-json\/wp\/v2\/pages\/15067\/revisions\/15470"}],"wp:featuredmedia":[{"embeddable":true,"href":"https:\/\/www.fo-gamapa.de\/en\/wp-json\/wp\/v2\/media\/15071"}],"wp:attachment":[{"href":"https:\/\/www.fo-gamapa.de\/en\/wp-json\/wp\/v2\/media?parent=15067"}],"curies":[{"name":"wp","href":"https:\/\/api.w.org\/{rel}","templated":true}]}}