

{"id":15254,"date":"2023-04-11T21:13:46","date_gmt":"2023-04-11T19:13:46","guid":{"rendered":"https:\/\/www.fo-gamapa.de\/bernd-ruehland\/"},"modified":"2026-01-22T13:42:29","modified_gmt":"2026-01-22T12:42:29","slug":"bernd-ruehland","status":"publish","type":"page","link":"https:\/\/www.fo-gamapa.de\/en\/bernd-ruehland\/","title":{"rendered":"Bernd R\u00fchland, LL.M."},"content":{"rendered":"\n<h3 class=\"wp-block-heading\">Main fields of activity<\/h3>\n\n\n\n<ul class=\"wp-block-list\">\n<li>Interdisciplinary consulting for medium-sized companies<\/li>\n\n\n\n<li>Tax structuring advice<\/li>\n\n\n\n<li>Restructuring advice<\/li>\n\n\n\n<li>Succession planning advice<\/li>\n\n\n\n<li>Non-profit status<\/li>\n\n\n\n<li>Consulting for the public sector<\/li>\n<\/ul>\n\n\n\n<h3 class=\"wp-block-heading\">Career<\/h3>\n\n\n\n<figure class=\"wp-block-table tablist\"><table><tbody><tr><td>1993-1998 <\/td><td>Studied law at the Universities of M\u00fcnster and Konstanz<\/td><\/tr><tr><td>1999-2000<\/td><td>Legal clerkship in Osnabr\u00fcck<\/td><\/tr><tr><td>2001<\/td><td>LL.M. \u2013 Studies in Buckingham (England)<\/td><\/tr><tr><td>2001-2005<\/td><td>Lawyer at White &amp; Case in Frankfurt and Hamburg<\/td><\/tr><tr><td>2004 <\/td><td>Appointed as tax advisor<\/td><\/tr><tr><td>2006-2009<\/td><td>Partner at Dr. Gantef\u00fchrer, Marquardt und Partner<\/td><\/tr><tr><td>2010-2013<\/td><td>Partner at Dr. Steffen &amp; Partner, M\u00fcnster<\/td><\/tr><tr><td>since 2014<\/td><td>Partner at Dr. Gantef\u00fchrer, Marquardt &amp; Partner<\/td><\/tr><\/tbody><\/table><\/figure>\n\n\n\n<h3 class=\"wp-block-heading\">Industries<\/h3>\n\n\n\n<ul class=\"wp-block-list\">\n<li>Medium-sized companies in various industries<\/li>\n\n\n\n<li>Companies in the healthcare sector<\/li>\n\n\n\n<li>Local authorities\/public sector companies<\/li>\n\n\n\n<li>Foundations and non-profit legal entities<\/li>\n\n\n\n<li>High net worth individuals<\/li>\n<\/ul>\n\n\n\n\n\n<div class=\"wp-block-button zurueck\"><a class=\"wp-block-button__link wp-element-button\" href=\"https:\/\/www.fo-gamapa.de\/kontakt-family-office\/\">back<\/a><\/div>\n\n\n\n<p><\/p>\n","protected":false},"excerpt":{"rendered":"<p>Main fields of activity Career 1993-1998 Studied law at the Universities of M\u00fcnster and Konstanz 1999-2000 Legal clerkship in Osnabr\u00fcck 2001 LL.M. \u2013 Studies in Buckingham (England) 2001-2005 Lawyer at White &amp; Case in Frankfurt and Hamburg 2004 Appointed as tax advisor 2006-2009 Partner at Dr. Gantef\u00fchrer, Marquardt und Partner 2010-2013 Partner at Dr. Steffen <a href=\"https:\/\/www.fo-gamapa.de\/en\/bernd-ruehland\/\">[\u2026]<\/a><\/p>\n","protected":false},"author":1,"featured_media":14593,"parent":0,"menu_order":14,"comment_status":"closed","ping_status":"closed","template":"templates\/template-Profil.php","meta":{"_acf_changed":false,"_uag_custom_page_level_css":"","footnotes":""},"class_list":["post-15254","page","type-page","status-publish","has-post-thumbnail","hentry"],"acf":[],"yoast_head":"<!-- This site is optimized with the Yoast SEO plugin v27.2 - https:\/\/yoast.com\/product\/yoast-seo-wordpress\/ -->\n<title>Bernd R\u00fchland, LL.M. - GANTEF\u00dcHRER Family Office<\/title>\n<meta name=\"robots\" content=\"index, follow, max-snippet:-1, max-image-preview:large, max-video-preview:-1\" \/>\n<link rel=\"canonical\" href=\"https:\/\/www.fo-gamapa.de\/en\/bernd-ruehland\/\" \/>\n<meta property=\"og:locale\" content=\"en_US\" \/>\n<meta property=\"og:type\" content=\"article\" \/>\n<meta property=\"og:title\" content=\"Bernd R\u00fchland, LL.M. - GANTEF\u00dcHRER Family Office\" \/>\n<meta property=\"og:description\" content=\"Main fields of activity Career 1993-1998 Studied law at the Universities of M\u00fcnster and Konstanz 1999-2000 Legal clerkship in Osnabr\u00fcck 2001 LL.M. \u2013 Studies in Buckingham (England) 2001-2005 Lawyer at White &amp; Case in Frankfurt and Hamburg 2004 Appointed as tax advisor 2006-2009 Partner at Dr. Gantef\u00fchrer, Marquardt und Partner 2010-2013 Partner at Dr. Steffen [\u2026]\" \/>\n<meta property=\"og:url\" content=\"https:\/\/www.fo-gamapa.de\/en\/bernd-ruehland\/\" \/>\n<meta property=\"og:site_name\" content=\"GANTEF\u00dcHRER Family Office\" \/>\n<meta property=\"article:modified_time\" content=\"2026-01-22T12:42:29+00:00\" \/>\n<meta property=\"og:image\" content=\"https:\/\/www.fo-gamapa.de\/wp-content\/uploads\/2023\/04\/Ruehland-big.jpg\" \/>\n\t<meta property=\"og:image:width\" content=\"1440\" \/>\n\t<meta property=\"og:image:height\" content=\"859\" \/>\n\t<meta property=\"og:image:type\" content=\"image\/jpeg\" \/>\n<meta name=\"twitter:card\" content=\"summary_large_image\" \/>\n<meta name=\"twitter:label1\" content=\"Est. reading time\" \/>\n\t<meta name=\"twitter:data1\" content=\"1 minute\" \/>\n<script type=\"application\/ld+json\" class=\"yoast-schema-graph\">{\"@context\":\"https:\/\/schema.org\",\"@graph\":[{\"@type\":\"WebPage\",\"@id\":\"https:\/\/www.fo-gamapa.de\/en\/bernd-ruehland\/\",\"url\":\"https:\/\/www.fo-gamapa.de\/en\/bernd-ruehland\/\",\"name\":\"Bernd R\u00fchland, LL.M. - GANTEF\u00dcHRER Family Office\",\"isPartOf\":{\"@id\":\"https:\/\/www.fo-gamapa.de\/en\/#website\"},\"primaryImageOfPage\":{\"@id\":\"https:\/\/www.fo-gamapa.de\/en\/bernd-ruehland\/#primaryimage\"},\"image\":{\"@id\":\"https:\/\/www.fo-gamapa.de\/en\/bernd-ruehland\/#primaryimage\"},\"thumbnailUrl\":\"https:\/\/www.fo-gamapa.de\/wp-content\/uploads\/2023\/04\/Ruehland-big.jpg\",\"datePublished\":\"2023-04-11T19:13:46+00:00\",\"dateModified\":\"2026-01-22T12:42:29+00:00\",\"inLanguage\":\"en-US\",\"potentialAction\":[{\"@type\":\"ReadAction\",\"target\":[\"https:\/\/www.fo-gamapa.de\/en\/bernd-ruehland\/\"]}]},{\"@type\":\"ImageObject\",\"inLanguage\":\"en-US\",\"@id\":\"https:\/\/www.fo-gamapa.de\/en\/bernd-ruehland\/#primaryimage\",\"url\":\"https:\/\/www.fo-gamapa.de\/wp-content\/uploads\/2023\/04\/Ruehland-big.jpg\",\"contentUrl\":\"https:\/\/www.fo-gamapa.de\/wp-content\/uploads\/2023\/04\/Ruehland-big.jpg\",\"width\":1440,\"height\":859,\"caption\":\"Bernd R\u00fchland\"},{\"@type\":\"WebSite\",\"@id\":\"https:\/\/www.fo-gamapa.de\/en\/#website\",\"url\":\"https:\/\/www.fo-gamapa.de\/en\/\",\"name\":\"GANTEF\u00dcHRER Family Office\",\"description\":\"unabh\u00e4ngiges Multi-Family Office in D\u00fcsseldorf\",\"publisher\":{\"@id\":\"https:\/\/www.fo-gamapa.de\/en\/#organization\"},\"potentialAction\":[{\"@type\":\"SearchAction\",\"target\":{\"@type\":\"EntryPoint\",\"urlTemplate\":\"https:\/\/www.fo-gamapa.de\/en\/?s={search_term_string}\"},\"query-input\":{\"@type\":\"PropertyValueSpecification\",\"valueRequired\":true,\"valueName\":\"search_term_string\"}}],\"inLanguage\":\"en-US\"},{\"@type\":\"Organization\",\"@id\":\"https:\/\/www.fo-gamapa.de\/en\/#organization\",\"name\":\"GANTEF\u00dcHRER Family Office\",\"url\":\"https:\/\/www.fo-gamapa.de\/en\/\",\"logo\":{\"@type\":\"ImageObject\",\"inLanguage\":\"en-US\",\"@id\":\"https:\/\/www.fo-gamapa.de\/en\/#\/schema\/logo\/image\/\",\"url\":\"https:\/\/www.fo-gamapa.de\/wp-content\/uploads\/2023\/04\/Logo-Gantefuehrer-Famiy-Offices.png\",\"contentUrl\":\"https:\/\/www.fo-gamapa.de\/wp-content\/uploads\/2023\/04\/Logo-Gantefuehrer-Famiy-Offices.png\",\"width\":767,\"height\":156,\"caption\":\"GANTEF\u00dcHRER Family Office\"},\"image\":{\"@id\":\"https:\/\/www.fo-gamapa.de\/en\/#\/schema\/logo\/image\/\"}}]}<\/script>\n<!-- \/ Yoast SEO plugin. -->","yoast_head_json":{"title":"Bernd R\u00fchland, LL.M. - GANTEF\u00dcHRER Family Office","robots":{"index":"index","follow":"follow","max-snippet":"max-snippet:-1","max-image-preview":"max-image-preview:large","max-video-preview":"max-video-preview:-1"},"canonical":"https:\/\/www.fo-gamapa.de\/en\/bernd-ruehland\/","og_locale":"en_US","og_type":"article","og_title":"Bernd R\u00fchland, LL.M. - GANTEF\u00dcHRER Family Office","og_description":"Main fields of activity Career 1993-1998 Studied law at the Universities of M\u00fcnster and Konstanz 1999-2000 Legal clerkship in Osnabr\u00fcck 2001 LL.M. \u2013 Studies in Buckingham (England) 2001-2005 Lawyer at White &amp; Case in Frankfurt and Hamburg 2004 Appointed as tax advisor 2006-2009 Partner at Dr. Gantef\u00fchrer, Marquardt und Partner 2010-2013 Partner at Dr. Steffen [\u2026]","og_url":"https:\/\/www.fo-gamapa.de\/en\/bernd-ruehland\/","og_site_name":"GANTEF\u00dcHRER Family Office","article_modified_time":"2026-01-22T12:42:29+00:00","og_image":[{"width":1440,"height":859,"url":"https:\/\/www.fo-gamapa.de\/wp-content\/uploads\/2023\/04\/Ruehland-big.jpg","type":"image\/jpeg"}],"twitter_card":"summary_large_image","twitter_misc":{"Est. reading time":"1 minute"},"schema":{"@context":"https:\/\/schema.org","@graph":[{"@type":"WebPage","@id":"https:\/\/www.fo-gamapa.de\/en\/bernd-ruehland\/","url":"https:\/\/www.fo-gamapa.de\/en\/bernd-ruehland\/","name":"Bernd R\u00fchland, LL.M. - GANTEF\u00dcHRER Family Office","isPartOf":{"@id":"https:\/\/www.fo-gamapa.de\/en\/#website"},"primaryImageOfPage":{"@id":"https:\/\/www.fo-gamapa.de\/en\/bernd-ruehland\/#primaryimage"},"image":{"@id":"https:\/\/www.fo-gamapa.de\/en\/bernd-ruehland\/#primaryimage"},"thumbnailUrl":"https:\/\/www.fo-gamapa.de\/wp-content\/uploads\/2023\/04\/Ruehland-big.jpg","datePublished":"2023-04-11T19:13:46+00:00","dateModified":"2026-01-22T12:42:29+00:00","inLanguage":"en-US","potentialAction":[{"@type":"ReadAction","target":["https:\/\/www.fo-gamapa.de\/en\/bernd-ruehland\/"]}]},{"@type":"ImageObject","inLanguage":"en-US","@id":"https:\/\/www.fo-gamapa.de\/en\/bernd-ruehland\/#primaryimage","url":"https:\/\/www.fo-gamapa.de\/wp-content\/uploads\/2023\/04\/Ruehland-big.jpg","contentUrl":"https:\/\/www.fo-gamapa.de\/wp-content\/uploads\/2023\/04\/Ruehland-big.jpg","width":1440,"height":859,"caption":"Bernd R\u00fchland"},{"@type":"WebSite","@id":"https:\/\/www.fo-gamapa.de\/en\/#website","url":"https:\/\/www.fo-gamapa.de\/en\/","name":"GANTEF\u00dcHRER Family Office","description":"unabh\u00e4ngiges Multi-Family Office in D\u00fcsseldorf","publisher":{"@id":"https:\/\/www.fo-gamapa.de\/en\/#organization"},"potentialAction":[{"@type":"SearchAction","target":{"@type":"EntryPoint","urlTemplate":"https:\/\/www.fo-gamapa.de\/en\/?s={search_term_string}"},"query-input":{"@type":"PropertyValueSpecification","valueRequired":true,"valueName":"search_term_string"}}],"inLanguage":"en-US"},{"@type":"Organization","@id":"https:\/\/www.fo-gamapa.de\/en\/#organization","name":"GANTEF\u00dcHRER Family Office","url":"https:\/\/www.fo-gamapa.de\/en\/","logo":{"@type":"ImageObject","inLanguage":"en-US","@id":"https:\/\/www.fo-gamapa.de\/en\/#\/schema\/logo\/image\/","url":"https:\/\/www.fo-gamapa.de\/wp-content\/uploads\/2023\/04\/Logo-Gantefuehrer-Famiy-Offices.png","contentUrl":"https:\/\/www.fo-gamapa.de\/wp-content\/uploads\/2023\/04\/Logo-Gantefuehrer-Famiy-Offices.png","width":767,"height":156,"caption":"GANTEF\u00dcHRER Family Office"},"image":{"@id":"https:\/\/www.fo-gamapa.de\/en\/#\/schema\/logo\/image\/"}}]}},"uagb_featured_image_src":{"full":["https:\/\/www.fo-gamapa.de\/wp-content\/uploads\/2023\/04\/Ruehland-big.jpg",1440,859,false],"thumbnail":["https:\/\/www.fo-gamapa.de\/wp-content\/uploads\/2023\/04\/Ruehland-big-150x150.jpg",150,150,true],"medium":["https:\/\/www.fo-gamapa.de\/wp-content\/uploads\/2023\/04\/Ruehland-big-600x358.jpg",600,358,true],"medium_large":["https:\/\/www.fo-gamapa.de\/wp-content\/uploads\/2023\/04\/Ruehland-big-768x458.jpg",580,346,true],"large":["https:\/\/www.fo-gamapa.de\/wp-content\/uploads\/2023\/04\/Ruehland-big.jpg",580,346,false],"1536x1536":["https:\/\/www.fo-gamapa.de\/wp-content\/uploads\/2023\/04\/Ruehland-big.jpg",1440,859,false],"2048x2048":["https:\/\/www.fo-gamapa.de\/wp-content\/uploads\/2023\/04\/Ruehland-big.jpg",1440,859,false],"post-thumbnail":["https:\/\/www.fo-gamapa.de\/wp-content\/uploads\/2023\/04\/Ruehland-big.jpg",1440,859,false],"twentytwenty-fullscreen":["https:\/\/www.fo-gamapa.de\/wp-content\/uploads\/2023\/04\/Ruehland-big.jpg",1440,859,false],"theme-slug-single-post":["https:\/\/www.fo-gamapa.de\/wp-content\/uploads\/2023\/04\/Ruehland-big-1440x400.jpg",1440,400,true]},"uagb_author_info":{"display_name":"linda","author_link":"https:\/\/www.fo-gamapa.de\/en\/author\/linda\/"},"uagb_comment_info":0,"uagb_excerpt":"Main fields of activity Career 1993-1998 Studied law at the Universities of M\u00fcnster and Konstanz 1999-2000 Legal clerkship in Osnabr\u00fcck 2001 LL.M. \u2013 Studies in Buckingham (England) 2001-2005 Lawyer at White &amp; Case in Frankfurt and Hamburg 2004 Appointed as tax advisor 2006-2009 Partner at Dr. Gantef\u00fchrer, Marquardt und Partner 2010-2013 Partner at Dr. Steffen&hellip;","_links":{"self":[{"href":"https:\/\/www.fo-gamapa.de\/en\/wp-json\/wp\/v2\/pages\/15254","targetHints":{"allow":["GET"]}}],"collection":[{"href":"https:\/\/www.fo-gamapa.de\/en\/wp-json\/wp\/v2\/pages"}],"about":[{"href":"https:\/\/www.fo-gamapa.de\/en\/wp-json\/wp\/v2\/types\/page"}],"author":[{"embeddable":true,"href":"https:\/\/www.fo-gamapa.de\/en\/wp-json\/wp\/v2\/users\/1"}],"replies":[{"embeddable":true,"href":"https:\/\/www.fo-gamapa.de\/en\/wp-json\/wp\/v2\/comments?post=15254"}],"version-history":[{"count":3,"href":"https:\/\/www.fo-gamapa.de\/en\/wp-json\/wp\/v2\/pages\/15254\/revisions"}],"predecessor-version":[{"id":15476,"href":"https:\/\/www.fo-gamapa.de\/en\/wp-json\/wp\/v2\/pages\/15254\/revisions\/15476"}],"wp:featuredmedia":[{"embeddable":true,"href":"https:\/\/www.fo-gamapa.de\/en\/wp-json\/wp\/v2\/media\/14593"}],"wp:attachment":[{"href":"https:\/\/www.fo-gamapa.de\/en\/wp-json\/wp\/v2\/media?parent=15254"}],"curies":[{"name":"wp","href":"https:\/\/api.w.org\/{rel}","templated":true}]}}