

{"id":15257,"date":"2020-09-02T16:06:42","date_gmt":"2020-09-02T14:06:42","guid":{"rendered":"https:\/\/www.fo-gamapa.de\/sarah-nellessen\/"},"modified":"2026-01-22T14:13:42","modified_gmt":"2026-01-22T13:13:42","slug":"sarah-nellessen","status":"publish","type":"page","link":"https:\/\/www.fo-gamapa.de\/en\/sarah-nellessen\/","title":{"rendered":"Sarah Nellessen"},"content":{"rendered":"\n<h3 class=\"wp-block-heading\">Main fields of activity<\/h3>\n\n\n\n<ul class=\"wp-block-list\">\n<li>Coordination<\/li>\n\n\n\n<li>Private secretarial services<\/li>\n\n\n\n<li>Debt management<\/li>\n<\/ul>\n\n\n\n<h3 class=\"wp-block-heading\">Career<\/h3>\n\n\n\n<figure class=\"wp-block-table tablist\"><table><tbody><tr><td>1992-1995<\/td><td>Training as a legal assistant<\/td><\/tr><tr><td>2007-2017<\/td><td>Management of several legal secretariats<\/td><\/tr><tr><td>since 2018<\/td><td>Head of Enforcement and Fee Law<\/td><\/tr><tr><td>since 2022<\/td><td>Office Manager at Gantef\u00fchrer Family Office<\/td><\/tr><\/tbody><\/table><\/figure>\n\n\n\n\n\n<div class=\"wp-block-button zurueck\"><a class=\"wp-block-button__link wp-element-button\" href=\"https:\/\/www.fo-gamapa.de\/kontakt-family-office\/\">back<\/a><\/div>\n\n\n\n<p><\/p>\n","protected":false},"excerpt":{"rendered":"<p>Main fields of activity Career 1992-1995 Training as a legal assistant 2007-2017 Management of several legal secretariats since 2018 Head of Enforcement and Fee Law since 2022 Office Manager at Gantef\u00fchrer Family Office<\/p>\n","protected":false},"author":1,"featured_media":14382,"parent":0,"menu_order":24,"comment_status":"closed","ping_status":"closed","template":"templates\/template-Profil.php","meta":{"_acf_changed":false,"_uag_custom_page_level_css":"","footnotes":""},"class_list":["post-15257","page","type-page","status-publish","has-post-thumbnail","hentry"],"acf":[],"yoast_head":"<!-- This site is optimized with the Yoast SEO plugin v27.2 - https:\/\/yoast.com\/product\/yoast-seo-wordpress\/ -->\n<title>Sarah Nellessen | Gantef\u00fchrer Family Office<\/title>\n<meta name=\"description\" content=\"Sarah Nellessen, Office Manager at Gantef\u00fchrer Family Office - Coordination, Private secretarial services, Debt management\" \/>\n<meta name=\"robots\" content=\"index, follow, max-snippet:-1, max-image-preview:large, max-video-preview:-1\" \/>\n<link rel=\"canonical\" href=\"https:\/\/www.fo-gamapa.de\/en\/sarah-nellessen\/\" \/>\n<meta property=\"og:locale\" content=\"en_US\" \/>\n<meta property=\"og:type\" content=\"article\" \/>\n<meta property=\"og:title\" content=\"Sarah Nellessen | Gantef\u00fchrer Family Office\" \/>\n<meta property=\"og:description\" content=\"Sarah Nellessen, Office Manager at Gantef\u00fchrer Family Office - Coordination, Private secretarial services, Debt management\" \/>\n<meta property=\"og:url\" content=\"https:\/\/www.fo-gamapa.de\/en\/sarah-nellessen\/\" \/>\n<meta property=\"og:site_name\" content=\"GANTEF\u00dcHRER Family Office\" \/>\n<meta property=\"article:modified_time\" content=\"2026-01-22T13:13:42+00:00\" \/>\n<meta property=\"og:image\" content=\"https:\/\/www.fo-gamapa.de\/wp-content\/uploads\/2023\/03\/Nellessen_2.jpg\" \/>\n\t<meta property=\"og:image:width\" content=\"1440\" \/>\n\t<meta property=\"og:image:height\" content=\"859\" \/>\n\t<meta property=\"og:image:type\" content=\"image\/jpeg\" \/>\n<meta name=\"twitter:card\" content=\"summary_large_image\" \/>\n<meta name=\"twitter:label1\" content=\"Est. reading time\" \/>\n\t<meta name=\"twitter:data1\" content=\"1 minute\" \/>\n<script type=\"application\/ld+json\" class=\"yoast-schema-graph\">{\"@context\":\"https:\/\/schema.org\",\"@graph\":[{\"@type\":\"WebPage\",\"@id\":\"https:\/\/www.fo-gamapa.de\/en\/sarah-nellessen\/\",\"url\":\"https:\/\/www.fo-gamapa.de\/en\/sarah-nellessen\/\",\"name\":\"Sarah Nellessen | Gantef\u00fchrer Family Office\",\"isPartOf\":{\"@id\":\"https:\/\/www.fo-gamapa.de\/en\/#website\"},\"primaryImageOfPage\":{\"@id\":\"https:\/\/www.fo-gamapa.de\/en\/sarah-nellessen\/#primaryimage\"},\"image\":{\"@id\":\"https:\/\/www.fo-gamapa.de\/en\/sarah-nellessen\/#primaryimage\"},\"thumbnailUrl\":\"https:\/\/www.fo-gamapa.de\/wp-content\/uploads\/2023\/03\/Nellessen_2.jpg\",\"datePublished\":\"2020-09-02T14:06:42+00:00\",\"dateModified\":\"2026-01-22T13:13:42+00:00\",\"description\":\"Sarah Nellessen, Office Manager at Gantef\u00fchrer Family Office - Coordination, Private secretarial services, Debt management\",\"inLanguage\":\"en-US\",\"potentialAction\":[{\"@type\":\"ReadAction\",\"target\":[\"https:\/\/www.fo-gamapa.de\/en\/sarah-nellessen\/\"]}]},{\"@type\":\"ImageObject\",\"inLanguage\":\"en-US\",\"@id\":\"https:\/\/www.fo-gamapa.de\/en\/sarah-nellessen\/#primaryimage\",\"url\":\"https:\/\/www.fo-gamapa.de\/wp-content\/uploads\/2023\/03\/Nellessen_2.jpg\",\"contentUrl\":\"https:\/\/www.fo-gamapa.de\/wp-content\/uploads\/2023\/03\/Nellessen_2.jpg\",\"width\":1440,\"height\":859,\"caption\":\"Sarah Nellessen\"},{\"@type\":\"WebSite\",\"@id\":\"https:\/\/www.fo-gamapa.de\/en\/#website\",\"url\":\"https:\/\/www.fo-gamapa.de\/en\/\",\"name\":\"GANTEF\u00dcHRER Family Office\",\"description\":\"unabh\u00e4ngiges Multi-Family Office in D\u00fcsseldorf\",\"publisher\":{\"@id\":\"https:\/\/www.fo-gamapa.de\/en\/#organization\"},\"potentialAction\":[{\"@type\":\"SearchAction\",\"target\":{\"@type\":\"EntryPoint\",\"urlTemplate\":\"https:\/\/www.fo-gamapa.de\/en\/?s={search_term_string}\"},\"query-input\":{\"@type\":\"PropertyValueSpecification\",\"valueRequired\":true,\"valueName\":\"search_term_string\"}}],\"inLanguage\":\"en-US\"},{\"@type\":\"Organization\",\"@id\":\"https:\/\/www.fo-gamapa.de\/en\/#organization\",\"name\":\"GANTEF\u00dcHRER Family Office\",\"url\":\"https:\/\/www.fo-gamapa.de\/en\/\",\"logo\":{\"@type\":\"ImageObject\",\"inLanguage\":\"en-US\",\"@id\":\"https:\/\/www.fo-gamapa.de\/en\/#\/schema\/logo\/image\/\",\"url\":\"https:\/\/www.fo-gamapa.de\/wp-content\/uploads\/2023\/04\/Logo-Gantefuehrer-Famiy-Offices.png\",\"contentUrl\":\"https:\/\/www.fo-gamapa.de\/wp-content\/uploads\/2023\/04\/Logo-Gantefuehrer-Famiy-Offices.png\",\"width\":767,\"height\":156,\"caption\":\"GANTEF\u00dcHRER Family Office\"},\"image\":{\"@id\":\"https:\/\/www.fo-gamapa.de\/en\/#\/schema\/logo\/image\/\"}}]}<\/script>\n<!-- \/ Yoast SEO plugin. -->","yoast_head_json":{"title":"Sarah Nellessen | Gantef\u00fchrer Family Office","description":"Sarah Nellessen, Office Manager at Gantef\u00fchrer Family Office - Coordination, Private secretarial services, Debt management","robots":{"index":"index","follow":"follow","max-snippet":"max-snippet:-1","max-image-preview":"max-image-preview:large","max-video-preview":"max-video-preview:-1"},"canonical":"https:\/\/www.fo-gamapa.de\/en\/sarah-nellessen\/","og_locale":"en_US","og_type":"article","og_title":"Sarah Nellessen | Gantef\u00fchrer Family Office","og_description":"Sarah Nellessen, Office Manager at Gantef\u00fchrer Family Office - Coordination, Private secretarial services, Debt management","og_url":"https:\/\/www.fo-gamapa.de\/en\/sarah-nellessen\/","og_site_name":"GANTEF\u00dcHRER Family Office","article_modified_time":"2026-01-22T13:13:42+00:00","og_image":[{"width":1440,"height":859,"url":"https:\/\/www.fo-gamapa.de\/wp-content\/uploads\/2023\/03\/Nellessen_2.jpg","type":"image\/jpeg"}],"twitter_card":"summary_large_image","twitter_misc":{"Est. reading time":"1 minute"},"schema":{"@context":"https:\/\/schema.org","@graph":[{"@type":"WebPage","@id":"https:\/\/www.fo-gamapa.de\/en\/sarah-nellessen\/","url":"https:\/\/www.fo-gamapa.de\/en\/sarah-nellessen\/","name":"Sarah Nellessen | Gantef\u00fchrer Family Office","isPartOf":{"@id":"https:\/\/www.fo-gamapa.de\/en\/#website"},"primaryImageOfPage":{"@id":"https:\/\/www.fo-gamapa.de\/en\/sarah-nellessen\/#primaryimage"},"image":{"@id":"https:\/\/www.fo-gamapa.de\/en\/sarah-nellessen\/#primaryimage"},"thumbnailUrl":"https:\/\/www.fo-gamapa.de\/wp-content\/uploads\/2023\/03\/Nellessen_2.jpg","datePublished":"2020-09-02T14:06:42+00:00","dateModified":"2026-01-22T13:13:42+00:00","description":"Sarah Nellessen, Office Manager at Gantef\u00fchrer Family Office - Coordination, Private secretarial services, Debt management","inLanguage":"en-US","potentialAction":[{"@type":"ReadAction","target":["https:\/\/www.fo-gamapa.de\/en\/sarah-nellessen\/"]}]},{"@type":"ImageObject","inLanguage":"en-US","@id":"https:\/\/www.fo-gamapa.de\/en\/sarah-nellessen\/#primaryimage","url":"https:\/\/www.fo-gamapa.de\/wp-content\/uploads\/2023\/03\/Nellessen_2.jpg","contentUrl":"https:\/\/www.fo-gamapa.de\/wp-content\/uploads\/2023\/03\/Nellessen_2.jpg","width":1440,"height":859,"caption":"Sarah Nellessen"},{"@type":"WebSite","@id":"https:\/\/www.fo-gamapa.de\/en\/#website","url":"https:\/\/www.fo-gamapa.de\/en\/","name":"GANTEF\u00dcHRER Family Office","description":"unabh\u00e4ngiges Multi-Family Office in D\u00fcsseldorf","publisher":{"@id":"https:\/\/www.fo-gamapa.de\/en\/#organization"},"potentialAction":[{"@type":"SearchAction","target":{"@type":"EntryPoint","urlTemplate":"https:\/\/www.fo-gamapa.de\/en\/?s={search_term_string}"},"query-input":{"@type":"PropertyValueSpecification","valueRequired":true,"valueName":"search_term_string"}}],"inLanguage":"en-US"},{"@type":"Organization","@id":"https:\/\/www.fo-gamapa.de\/en\/#organization","name":"GANTEF\u00dcHRER Family Office","url":"https:\/\/www.fo-gamapa.de\/en\/","logo":{"@type":"ImageObject","inLanguage":"en-US","@id":"https:\/\/www.fo-gamapa.de\/en\/#\/schema\/logo\/image\/","url":"https:\/\/www.fo-gamapa.de\/wp-content\/uploads\/2023\/04\/Logo-Gantefuehrer-Famiy-Offices.png","contentUrl":"https:\/\/www.fo-gamapa.de\/wp-content\/uploads\/2023\/04\/Logo-Gantefuehrer-Famiy-Offices.png","width":767,"height":156,"caption":"GANTEF\u00dcHRER Family Office"},"image":{"@id":"https:\/\/www.fo-gamapa.de\/en\/#\/schema\/logo\/image\/"}}]}},"uagb_featured_image_src":{"full":["https:\/\/www.fo-gamapa.de\/wp-content\/uploads\/2023\/03\/Nellessen_2.jpg",1440,859,false],"thumbnail":["https:\/\/www.fo-gamapa.de\/wp-content\/uploads\/2023\/03\/Nellessen_2-150x150.jpg",150,150,true],"medium":["https:\/\/www.fo-gamapa.de\/wp-content\/uploads\/2023\/03\/Nellessen_2-600x358.jpg",600,358,true],"medium_large":["https:\/\/www.fo-gamapa.de\/wp-content\/uploads\/2023\/03\/Nellessen_2-768x458.jpg",580,346,true],"large":["https:\/\/www.fo-gamapa.de\/wp-content\/uploads\/2023\/03\/Nellessen_2.jpg",580,346,false],"1536x1536":["https:\/\/www.fo-gamapa.de\/wp-content\/uploads\/2023\/03\/Nellessen_2.jpg",1440,859,false],"2048x2048":["https:\/\/www.fo-gamapa.de\/wp-content\/uploads\/2023\/03\/Nellessen_2.jpg",1440,859,false],"post-thumbnail":["https:\/\/www.fo-gamapa.de\/wp-content\/uploads\/2023\/03\/Nellessen_2.jpg",1440,859,false],"twentytwenty-fullscreen":["https:\/\/www.fo-gamapa.de\/wp-content\/uploads\/2023\/03\/Nellessen_2.jpg",1440,859,false],"theme-slug-single-post":["https:\/\/www.fo-gamapa.de\/wp-content\/uploads\/2023\/03\/Nellessen_2-1440x400.jpg",1440,400,true]},"uagb_author_info":{"display_name":"linda","author_link":"https:\/\/www.fo-gamapa.de\/en\/author\/linda\/"},"uagb_comment_info":0,"uagb_excerpt":"Main fields of activity Career 1992-1995 Training as a legal assistant 2007-2017 Management of several legal secretariats since 2018 Head of Enforcement and Fee Law since 2022 Office Manager at Gantef\u00fchrer Family Office","_links":{"self":[{"href":"https:\/\/www.fo-gamapa.de\/en\/wp-json\/wp\/v2\/pages\/15257","targetHints":{"allow":["GET"]}}],"collection":[{"href":"https:\/\/www.fo-gamapa.de\/en\/wp-json\/wp\/v2\/pages"}],"about":[{"href":"https:\/\/www.fo-gamapa.de\/en\/wp-json\/wp\/v2\/types\/page"}],"author":[{"embeddable":true,"href":"https:\/\/www.fo-gamapa.de\/en\/wp-json\/wp\/v2\/users\/1"}],"replies":[{"embeddable":true,"href":"https:\/\/www.fo-gamapa.de\/en\/wp-json\/wp\/v2\/comments?post=15257"}],"version-history":[{"count":6,"href":"https:\/\/www.fo-gamapa.de\/en\/wp-json\/wp\/v2\/pages\/15257\/revisions"}],"predecessor-version":[{"id":15464,"href":"https:\/\/www.fo-gamapa.de\/en\/wp-json\/wp\/v2\/pages\/15257\/revisions\/15464"}],"wp:featuredmedia":[{"embeddable":true,"href":"https:\/\/www.fo-gamapa.de\/en\/wp-json\/wp\/v2\/media\/14382"}],"wp:attachment":[{"href":"https:\/\/www.fo-gamapa.de\/en\/wp-json\/wp\/v2\/media?parent=15257"}],"curies":[{"name":"wp","href":"https:\/\/api.w.org\/{rel}","templated":true}]}}