

{"id":15434,"date":"2026-01-22T12:42:27","date_gmt":"2026-01-22T11:42:27","guid":{"rendered":"https:\/\/www.fo-gamapa.de\/?page_id=15434"},"modified":"2026-01-22T14:19:20","modified_gmt":"2026-01-22T13:19:20","slug":"martin-vennedey","status":"publish","type":"page","link":"https:\/\/www.fo-gamapa.de\/en\/martin-vennedey\/","title":{"rendered":"Martin Vennedey"},"content":{"rendered":"\n<h3 class=\"wp-block-heading\">Main fields of activity<\/h3>\n\n\n\n<ul class=\"wp-block-list\">\n<li>Strategic asset allocation<\/li>\n\n\n\n<li>Reporting and controlling<\/li>\n\n\n\n<li>Manager selection<\/li>\n\n\n\n<li>Property management<\/li>\n\n\n\n<li>Administrative support<\/li>\n\n\n\n<li>Project management<\/li>\n<\/ul>\n\n\n\n<h3 class=\"wp-block-heading\">Career<\/h3>\n\n\n\n<figure class=\"wp-block-table tablist\"><table><tbody><tr><td>2006-2009<\/td><td>Training as a bank clerk<\/td><\/tr><tr><td>since 2011<\/td><td>Banking specialist<\/td><\/tr><tr><td>since 2013<\/td><td>Banking economist<\/td><\/tr><tr><td>since 2015<\/td><td>Certified Financial Modeler<\/td><\/tr><tr><td>since 2025<\/td><td>Senior Family Officer at Gantef\u00fchrer Family Office<\/td><\/tr><\/tbody><\/table><\/figure>\n\n\n\n<h3 class=\"wp-block-heading\">Industries<\/h3>\n\n\n\n<ul class=\"wp-block-list\">\n<li>High net worth individuals<\/li>\n\n\n\n<li>Foundations<\/li>\n\n\n\n<li>Entrepreneurs<\/li>\n\n\n\n<li>Alternative investments<\/li>\n<\/ul>\n\n\n\n<div style=\"height:50px\" aria-hidden=\"true\" class=\"wp-block-spacer\"><\/div>\n\n\n\n<div class=\"wp-block-buttons is-layout-flex wp-block-buttons-is-layout-flex\">\n<div class=\"wp-block-button zurueck\"><a class=\"wp-block-button__link wp-element-button\" href=\"https:\/\/www.fo-gamapa.de\/kontakt-family-office\/\">back<\/a><\/div>\n<\/div>\n\n\n\n<p><\/p>\n","protected":false},"excerpt":{"rendered":"<p>Main fields of activity Career 2006-2009 Training as a bank clerk since 2011 Banking specialist since 2013 Banking economist since 2015 Certified Financial Modeler since 2025 Senior Family Officer at Gantef\u00fchrer Family Office Industries<\/p>\n","protected":false},"author":12,"featured_media":15436,"parent":0,"menu_order":15,"comment_status":"closed","ping_status":"closed","template":"templates\/template-Profil.php","meta":{"_acf_changed":false,"_uag_custom_page_level_css":"","footnotes":""},"class_list":["post-15434","page","type-page","status-publish","has-post-thumbnail","hentry"],"acf":[],"yoast_head":"<!-- This site is optimized with the Yoast SEO plugin v27.2 - https:\/\/yoast.com\/product\/yoast-seo-wordpress\/ -->\n<title>Martin Vennedey - GANTEF\u00dcHRER Family Office<\/title>\n<meta name=\"robots\" content=\"index, follow, max-snippet:-1, max-image-preview:large, max-video-preview:-1\" \/>\n<link rel=\"canonical\" href=\"https:\/\/www.fo-gamapa.de\/en\/martin-vennedey\/\" \/>\n<meta property=\"og:locale\" content=\"en_US\" \/>\n<meta property=\"og:type\" content=\"article\" \/>\n<meta property=\"og:title\" content=\"Martin Vennedey - GANTEF\u00dcHRER Family Office\" \/>\n<meta property=\"og:description\" content=\"Main fields of activity Career 2006-2009 Training as a bank clerk since 2011 Banking specialist since 2013 Banking economist since 2015 Certified Financial Modeler since 2025 Senior Family Officer at Gantef\u00fchrer Family Office Industries\" \/>\n<meta property=\"og:url\" content=\"https:\/\/www.fo-gamapa.de\/en\/martin-vennedey\/\" \/>\n<meta property=\"og:site_name\" content=\"GANTEF\u00dcHRER Family Office\" \/>\n<meta property=\"article:modified_time\" content=\"2026-01-22T13:19:20+00:00\" \/>\n<meta property=\"og:image\" content=\"https:\/\/www.fo-gamapa.de\/wp-content\/uploads\/2026\/01\/Vennedey-Arbeitssituation-FO.jpg\" \/>\n\t<meta property=\"og:image:width\" content=\"1440\" \/>\n\t<meta property=\"og:image:height\" content=\"859\" \/>\n\t<meta property=\"og:image:type\" content=\"image\/jpeg\" \/>\n<meta name=\"twitter:card\" content=\"summary_large_image\" \/>\n<meta name=\"twitter:label1\" content=\"Est. reading time\" \/>\n\t<meta name=\"twitter:data1\" content=\"1 minute\" \/>\n<script type=\"application\/ld+json\" class=\"yoast-schema-graph\">{\"@context\":\"https:\/\/schema.org\",\"@graph\":[{\"@type\":\"WebPage\",\"@id\":\"https:\/\/www.fo-gamapa.de\/en\/martin-vennedey\/\",\"url\":\"https:\/\/www.fo-gamapa.de\/en\/martin-vennedey\/\",\"name\":\"Martin Vennedey - GANTEF\u00dcHRER Family Office\",\"isPartOf\":{\"@id\":\"https:\/\/www.fo-gamapa.de\/en\/#website\"},\"primaryImageOfPage\":{\"@id\":\"https:\/\/www.fo-gamapa.de\/en\/martin-vennedey\/#primaryimage\"},\"image\":{\"@id\":\"https:\/\/www.fo-gamapa.de\/en\/martin-vennedey\/#primaryimage\"},\"thumbnailUrl\":\"https:\/\/www.fo-gamapa.de\/wp-content\/uploads\/2026\/01\/Vennedey-Arbeitssituation-FO.jpg\",\"datePublished\":\"2026-01-22T11:42:27+00:00\",\"dateModified\":\"2026-01-22T13:19:20+00:00\",\"inLanguage\":\"en-US\",\"potentialAction\":[{\"@type\":\"ReadAction\",\"target\":[\"https:\/\/www.fo-gamapa.de\/en\/martin-vennedey\/\"]}]},{\"@type\":\"ImageObject\",\"inLanguage\":\"en-US\",\"@id\":\"https:\/\/www.fo-gamapa.de\/en\/martin-vennedey\/#primaryimage\",\"url\":\"https:\/\/www.fo-gamapa.de\/wp-content\/uploads\/2026\/01\/Vennedey-Arbeitssituation-FO.jpg\",\"contentUrl\":\"https:\/\/www.fo-gamapa.de\/wp-content\/uploads\/2026\/01\/Vennedey-Arbeitssituation-FO.jpg\",\"width\":1440,\"height\":859,\"caption\":\"Martin Vennedey am Rechner\"},{\"@type\":\"WebSite\",\"@id\":\"https:\/\/www.fo-gamapa.de\/en\/#website\",\"url\":\"https:\/\/www.fo-gamapa.de\/en\/\",\"name\":\"GANTEF\u00dcHRER Family Office\",\"description\":\"unabh\u00e4ngiges Multi-Family Office in D\u00fcsseldorf\",\"publisher\":{\"@id\":\"https:\/\/www.fo-gamapa.de\/en\/#organization\"},\"potentialAction\":[{\"@type\":\"SearchAction\",\"target\":{\"@type\":\"EntryPoint\",\"urlTemplate\":\"https:\/\/www.fo-gamapa.de\/en\/?s={search_term_string}\"},\"query-input\":{\"@type\":\"PropertyValueSpecification\",\"valueRequired\":true,\"valueName\":\"search_term_string\"}}],\"inLanguage\":\"en-US\"},{\"@type\":\"Organization\",\"@id\":\"https:\/\/www.fo-gamapa.de\/en\/#organization\",\"name\":\"GANTEF\u00dcHRER Family Office\",\"url\":\"https:\/\/www.fo-gamapa.de\/en\/\",\"logo\":{\"@type\":\"ImageObject\",\"inLanguage\":\"en-US\",\"@id\":\"https:\/\/www.fo-gamapa.de\/en\/#\/schema\/logo\/image\/\",\"url\":\"https:\/\/www.fo-gamapa.de\/wp-content\/uploads\/2023\/04\/Logo-Gantefuehrer-Famiy-Offices.png\",\"contentUrl\":\"https:\/\/www.fo-gamapa.de\/wp-content\/uploads\/2023\/04\/Logo-Gantefuehrer-Famiy-Offices.png\",\"width\":767,\"height\":156,\"caption\":\"GANTEF\u00dcHRER Family Office\"},\"image\":{\"@id\":\"https:\/\/www.fo-gamapa.de\/en\/#\/schema\/logo\/image\/\"}}]}<\/script>\n<!-- \/ Yoast SEO plugin. -->","yoast_head_json":{"title":"Martin Vennedey - GANTEF\u00dcHRER Family Office","robots":{"index":"index","follow":"follow","max-snippet":"max-snippet:-1","max-image-preview":"max-image-preview:large","max-video-preview":"max-video-preview:-1"},"canonical":"https:\/\/www.fo-gamapa.de\/en\/martin-vennedey\/","og_locale":"en_US","og_type":"article","og_title":"Martin Vennedey - GANTEF\u00dcHRER Family Office","og_description":"Main fields of activity Career 2006-2009 Training as a bank clerk since 2011 Banking specialist since 2013 Banking economist since 2015 Certified Financial Modeler since 2025 Senior Family Officer at Gantef\u00fchrer Family Office Industries","og_url":"https:\/\/www.fo-gamapa.de\/en\/martin-vennedey\/","og_site_name":"GANTEF\u00dcHRER Family Office","article_modified_time":"2026-01-22T13:19:20+00:00","og_image":[{"width":1440,"height":859,"url":"https:\/\/www.fo-gamapa.de\/wp-content\/uploads\/2026\/01\/Vennedey-Arbeitssituation-FO.jpg","type":"image\/jpeg"}],"twitter_card":"summary_large_image","twitter_misc":{"Est. reading time":"1 minute"},"schema":{"@context":"https:\/\/schema.org","@graph":[{"@type":"WebPage","@id":"https:\/\/www.fo-gamapa.de\/en\/martin-vennedey\/","url":"https:\/\/www.fo-gamapa.de\/en\/martin-vennedey\/","name":"Martin Vennedey - GANTEF\u00dcHRER Family Office","isPartOf":{"@id":"https:\/\/www.fo-gamapa.de\/en\/#website"},"primaryImageOfPage":{"@id":"https:\/\/www.fo-gamapa.de\/en\/martin-vennedey\/#primaryimage"},"image":{"@id":"https:\/\/www.fo-gamapa.de\/en\/martin-vennedey\/#primaryimage"},"thumbnailUrl":"https:\/\/www.fo-gamapa.de\/wp-content\/uploads\/2026\/01\/Vennedey-Arbeitssituation-FO.jpg","datePublished":"2026-01-22T11:42:27+00:00","dateModified":"2026-01-22T13:19:20+00:00","inLanguage":"en-US","potentialAction":[{"@type":"ReadAction","target":["https:\/\/www.fo-gamapa.de\/en\/martin-vennedey\/"]}]},{"@type":"ImageObject","inLanguage":"en-US","@id":"https:\/\/www.fo-gamapa.de\/en\/martin-vennedey\/#primaryimage","url":"https:\/\/www.fo-gamapa.de\/wp-content\/uploads\/2026\/01\/Vennedey-Arbeitssituation-FO.jpg","contentUrl":"https:\/\/www.fo-gamapa.de\/wp-content\/uploads\/2026\/01\/Vennedey-Arbeitssituation-FO.jpg","width":1440,"height":859,"caption":"Martin Vennedey am Rechner"},{"@type":"WebSite","@id":"https:\/\/www.fo-gamapa.de\/en\/#website","url":"https:\/\/www.fo-gamapa.de\/en\/","name":"GANTEF\u00dcHRER Family Office","description":"unabh\u00e4ngiges Multi-Family Office in D\u00fcsseldorf","publisher":{"@id":"https:\/\/www.fo-gamapa.de\/en\/#organization"},"potentialAction":[{"@type":"SearchAction","target":{"@type":"EntryPoint","urlTemplate":"https:\/\/www.fo-gamapa.de\/en\/?s={search_term_string}"},"query-input":{"@type":"PropertyValueSpecification","valueRequired":true,"valueName":"search_term_string"}}],"inLanguage":"en-US"},{"@type":"Organization","@id":"https:\/\/www.fo-gamapa.de\/en\/#organization","name":"GANTEF\u00dcHRER Family Office","url":"https:\/\/www.fo-gamapa.de\/en\/","logo":{"@type":"ImageObject","inLanguage":"en-US","@id":"https:\/\/www.fo-gamapa.de\/en\/#\/schema\/logo\/image\/","url":"https:\/\/www.fo-gamapa.de\/wp-content\/uploads\/2023\/04\/Logo-Gantefuehrer-Famiy-Offices.png","contentUrl":"https:\/\/www.fo-gamapa.de\/wp-content\/uploads\/2023\/04\/Logo-Gantefuehrer-Famiy-Offices.png","width":767,"height":156,"caption":"GANTEF\u00dcHRER Family Office"},"image":{"@id":"https:\/\/www.fo-gamapa.de\/en\/#\/schema\/logo\/image\/"}}]}},"uagb_featured_image_src":{"full":["https:\/\/www.fo-gamapa.de\/wp-content\/uploads\/2026\/01\/Vennedey-Arbeitssituation-FO.jpg",1440,859,false],"thumbnail":["https:\/\/www.fo-gamapa.de\/wp-content\/uploads\/2026\/01\/Vennedey-Arbeitssituation-FO-150x150.jpg",150,150,true],"medium":["https:\/\/www.fo-gamapa.de\/wp-content\/uploads\/2026\/01\/Vennedey-Arbeitssituation-FO-600x358.jpg",600,358,true],"medium_large":["https:\/\/www.fo-gamapa.de\/wp-content\/uploads\/2026\/01\/Vennedey-Arbeitssituation-FO-768x458.jpg",580,346,true],"large":["https:\/\/www.fo-gamapa.de\/wp-content\/uploads\/2026\/01\/Vennedey-Arbeitssituation-FO.jpg",580,346,false],"1536x1536":["https:\/\/www.fo-gamapa.de\/wp-content\/uploads\/2026\/01\/Vennedey-Arbeitssituation-FO.jpg",1440,859,false],"2048x2048":["https:\/\/www.fo-gamapa.de\/wp-content\/uploads\/2026\/01\/Vennedey-Arbeitssituation-FO.jpg",1440,859,false],"post-thumbnail":["https:\/\/www.fo-gamapa.de\/wp-content\/uploads\/2026\/01\/Vennedey-Arbeitssituation-FO.jpg",1440,859,false],"twentytwenty-fullscreen":["https:\/\/www.fo-gamapa.de\/wp-content\/uploads\/2026\/01\/Vennedey-Arbeitssituation-FO.jpg",1440,859,false],"theme-slug-single-post":["https:\/\/www.fo-gamapa.de\/wp-content\/uploads\/2026\/01\/Vennedey-Arbeitssituation-FO-1440x400.jpg",1440,400,true]},"uagb_author_info":{"display_name":"ninasenft","author_link":"https:\/\/www.fo-gamapa.de\/en\/author\/ninasenft\/"},"uagb_comment_info":0,"uagb_excerpt":"Main fields of activity Career 2006-2009 Training as a bank clerk since 2011 Banking specialist since 2013 Banking economist since 2015 Certified Financial Modeler since 2025 Senior Family Officer at Gantef\u00fchrer Family Office Industries","_links":{"self":[{"href":"https:\/\/www.fo-gamapa.de\/en\/wp-json\/wp\/v2\/pages\/15434","targetHints":{"allow":["GET"]}}],"collection":[{"href":"https:\/\/www.fo-gamapa.de\/en\/wp-json\/wp\/v2\/pages"}],"about":[{"href":"https:\/\/www.fo-gamapa.de\/en\/wp-json\/wp\/v2\/types\/page"}],"author":[{"embeddable":true,"href":"https:\/\/www.fo-gamapa.de\/en\/wp-json\/wp\/v2\/users\/12"}],"replies":[{"embeddable":true,"href":"https:\/\/www.fo-gamapa.de\/en\/wp-json\/wp\/v2\/comments?post=15434"}],"version-history":[{"count":3,"href":"https:\/\/www.fo-gamapa.de\/en\/wp-json\/wp\/v2\/pages\/15434\/revisions"}],"predecessor-version":[{"id":15481,"href":"https:\/\/www.fo-gamapa.de\/en\/wp-json\/wp\/v2\/pages\/15434\/revisions\/15481"}],"wp:featuredmedia":[{"embeddable":true,"href":"https:\/\/www.fo-gamapa.de\/en\/wp-json\/wp\/v2\/media\/15436"}],"wp:attachment":[{"href":"https:\/\/www.fo-gamapa.de\/en\/wp-json\/wp\/v2\/media?parent=15434"}],"curies":[{"name":"wp","href":"https:\/\/api.w.org\/{rel}","templated":true}]}}