

{"id":4990,"date":"2020-09-02T22:00:07","date_gmt":"2020-09-02T20:00:07","guid":{"rendered":"https:\/\/www.fo-gamapa.de\/datenschutzinformationen\/"},"modified":"2026-01-22T12:52:00","modified_gmt":"2026-01-22T11:52:00","slug":"information-on-data-protection-when-using-the-website","status":"publish","type":"page","link":"https:\/\/www.fo-gamapa.de\/en\/data-protection\/information-on-data-protection-when-using-the-website\/","title":{"rendered":"Information on data protection when using the website"},"content":{"rendered":"\n<p>This Privacy Policy provides information about which data is collected, processed and used when accessing the website of the law firm Dr. Gantef\u00fchrer, Marquardt &amp; Partner mbB (in short: Gantef\u00fchrer) and for which purposes.<\/p>\n\n\n\n<p><strong>1. Responsibility for data processing and data protection officer<\/strong><\/p>\n\n\n\n<p>The responsibility for the lawful collection, processing and use of user data lies with<\/p>\n\n\n\n<p>Dr. Gantef\u00fchrer, Marquardt &amp; Partner mbB<br>Certified Auditors \u2013 Tax Consultants \u2013 Lawyers<br>Poststra\u00dfe 1-3<br>40213 D\u00fcsseldorf<br>Phone: 0211 \/ 89 89 0<br>Telefax: 0211 \/ 89 89 150<br>E-Mail: info@gamapa.de<\/p>\n\n\n\n<p>Managing Partners (each with sole power of representation): Kersten M. Winter, Bernd R\u00fchland, Roland Moskat, Claudia Stork, Norbert Pull, Thomas Kozik, Michael Baum, Axel Kleinschmidt, Dr. J\u00f6rg Wacker, Dr. Lutz Starek, Dr. Jochen Kissling, Dirk am Brunnen<\/p>\n\n\n\n<p>Data protection officer at Gantef\u00fchrer Law Firm is<\/p>\n\n\n\n<p>Dr. Imke Aulbert, attorney-at-law<br>Dr. Gantef\u00fchrer, Marquardt &amp; Partner mbB<br>Poststra\u00dfe 1-3<br>40213 D\u00fcsseldorf<br>Phone: 0211 \/ 89 89 125<br>Telefax: 0211 \/ 89 89 150<br>E-Mail: <a href=\"mailto:aulbert@gamapa.de\">aulbert@gamapa.de<\/a><\/p>\n\n\n\n<p><strong>2. Processed data and processing purposes<\/strong><\/p>\n\n\n\n<p>When you access the website of Gantef\u00fchrer , various data about the accessing system is automatically stored. This includes the type of browser used, the browser version, the operating system used, the website from which the website of Gantef\u00fchrer is accessed, the sub-pages of Gantef\u00fchrer\u2019s website that are accessed, the date and time of access, the anonymised Internet Protocol address (IP address), the Internet service provider and any data comparable to the above.<\/p>\n\n\n\n<p>Apart from the aforementioned access data, no data is collected or stored when the website of Gantef\u00fchrer Law Firm is accessed.<\/p>\n\n\n\n<p>Gantef\u00fchrer Law Firm uses the access data to make the website accessible, to detect and correct any technical problems that may occur and to prevent and, if necessary, prosecute any misuse of the services offered by Gantef\u00fchrer.<\/p>\n\n\n\n<p>The legal basis for processing of this data is Article 6 (1) sentence 1 letter f) of the General Data Protection Regulation (EU) 2016\/679 (in short: GDPR). The legitimate interest arises from the above-mentioned purposes of data collection.<\/p>\n\n\n\n<p><strong>3. Cookie Consent Tool Real Cookie Banner<\/strong><\/p>\n\n\n\n<p>To manage the cookies and similar technologies used on our website (tracking pixels, web beacons, etc.) as well as the related consents, we use the consent tool \u201cReal Cookie Banner\u201d. You can find details about how \u201cReal Cookie Banner\u201d works at<br>https:\/\/devowl.io\/de\/rcb\/datenverarbeitung\/.<\/p>\n\n\n\n<p>The legal bases for processing personal data in this context are Art. 6 para. 1 lit. c GDPR and Art. 6 para. 1 lit. f GDPR. Our legitimate interest lies in the administration of the cookies and similar technologies used, and in managing the consents associated with them.<\/p>\n\n\n\n<p>The provision of personal data is neither contractually required nor necessary for the conclusion of a contract. You are not obliged to provide the personal data. If you do not provide the personal data, we will not be able to manage your consents.<\/p>\n\n\n\n<p><em>Legal basis and possibility of revocation<\/em><br>Your consent is required for this data processing, Article 6 Paragraph 1 Sentence 1 Letter a GDPR. You can revoke your consent at any time with effect for the future by calling up the cookie settings and changing your selection <a href=\"#\" class=\"borlabs-cookie-preference\">HERE<\/a>.<\/p>\n\n\n\n<p>You can find more information about the terms of use of Google Analytics and data protection at Google at https:\/\/marketingplatform.google.com\/about\/analytics\/terms\/en\/ and at <a href=\"https:\/\/policies.google.com\/?hl=en\">https:\/\/policies.google.com\/?hl=en<\/a>.<\/p>\n\n\n\n<p><strong>4. Transfer of data to third parties<\/strong><\/p>\n\n\n\n<p>Without the express consent of the user, Gantef\u00fchrer will only pass on the data collected to third parties if it is obliged to do so by law or an official or court order.<\/p>\n\n\n\n<p><strong>5. Place of data storage<\/strong><\/p>\n\n\n\n<p>The data is processed exclusively in computer centres that fall within the scope of the GDPR.<\/p>\n\n\n\n<p><strong>6. Storage duration<\/strong><\/p>\n\n\n\n<p>The collected data will be deleted when it is no longer required for the purposes described in this privacy policy, unless legal provisions require longer storage.<\/p>\n\n\n\n<p><strong>7. Rights of users<\/strong><\/p>\n\n\n\n<p>Users of the Gantef\u00fchrer\u2019s website and all other persons who may be affected by the use of data by Gantef\u00fchrer are entitled to information about their personal data stored by Gantef\u00fchrer &nbsp;and, if the respective legal requirements are met, to correction, deletion, restriction of processing, objection to processing and data transferability.<\/p>\n\n\n\n<p>In order to exercise these rights and in the event of questions and complaints regarding the use of their personal data, users of the Gantef\u00fchrer\u2019 s website and all other persons who may be affected by the use of data by Gantef\u00fchrer &nbsp;may contact Gantef\u00fchrerss data protection officer, attorney-at-law Dr. Imke Aulbert (for contact details, see 1. above). Complaints about the use of data by Gantef\u00fchrer may also be submitted to the competent supervisory authority by users and any other persons who may be affected by the use of data by Gantef\u00fchrer.<\/p>\n\n\n\n<p>Stand: May 2018<\/p>\n\n\n\n<p><em><u><a href=\"https:\/\/www.fo-gamapa.de\/en\/general-information-on-the-processing-of-personal-data-by-gantefuehrer\/\">General information on the processing of personal data by Gantef\u00fchrer<\/a><\/u><\/em><\/p>\n","protected":false},"excerpt":{"rendered":"<p>This Privacy Policy provides information about which data is collected, processed and used when accessing the website of the law firm Dr. Gantef\u00fchrer, Marquardt &amp; Partner mbB (in short: Gantef\u00fchrer) and for which purposes. 1. Responsibility for data processing and data protection officer The responsibility for the lawful collection, processing and use of user data <a href=\"https:\/\/www.fo-gamapa.de\/en\/data-protection\/information-on-data-protection-when-using-the-website\/\">[\u2026]<\/a><\/p>\n","protected":false},"author":1,"featured_media":4299,"parent":4979,"menu_order":0,"comment_status":"closed","ping_status":"closed","template":"","meta":{"_acf_changed":false,"_uag_custom_page_level_css":"","footnotes":""},"class_list":["post-4990","page","type-page","status-publish","has-post-thumbnail","hentry"],"acf":[],"yoast_head":"<!-- This site is optimized with the Yoast SEO plugin v27.2 - https:\/\/yoast.com\/product\/yoast-seo-wordpress\/ -->\n<title>Information on data protection when using the website - GANTEF\u00dcHRER Family Office<\/title>\n<meta name=\"robots\" content=\"index, follow, max-snippet:-1, max-image-preview:large, max-video-preview:-1\" \/>\n<link rel=\"canonical\" href=\"https:\/\/www.fo-gamapa.de\/en\/data-protection\/information-on-data-protection-when-using-the-website\/\" \/>\n<meta property=\"og:locale\" content=\"en_US\" \/>\n<meta property=\"og:type\" content=\"article\" \/>\n<meta property=\"og:title\" content=\"Information on data protection when using the website - GANTEF\u00dcHRER Family Office\" \/>\n<meta property=\"og:description\" content=\"This Privacy Policy provides information about which data is collected, processed and used when accessing the website of the law firm Dr. Gantef\u00fchrer, Marquardt &amp; Partner mbB (in short: Gantef\u00fchrer) and for which purposes. 1. Responsibility for data processing and data protection officer The responsibility for the lawful collection, processing and use of user data [\u2026]\" \/>\n<meta property=\"og:url\" content=\"https:\/\/www.fo-gamapa.de\/en\/data-protection\/information-on-data-protection-when-using-the-website\/\" \/>\n<meta property=\"og:site_name\" content=\"GANTEF\u00dcHRER Family Office\" \/>\n<meta property=\"article:modified_time\" content=\"2026-01-22T11:52:00+00:00\" \/>\n<meta property=\"og:image\" content=\"https:\/\/www.fo-gamapa.de\/wp-content\/uploads\/2020\/09\/Header-Kontakt-11-scaled.jpg\" \/>\n\t<meta property=\"og:image:width\" content=\"2560\" \/>\n\t<meta property=\"og:image:height\" content=\"764\" \/>\n\t<meta property=\"og:image:type\" content=\"image\/jpeg\" \/>\n<meta name=\"twitter:card\" content=\"summary_large_image\" \/>\n<meta name=\"twitter:label1\" content=\"Est. reading time\" \/>\n\t<meta name=\"twitter:data1\" content=\"5 minutes\" \/>\n<script type=\"application\/ld+json\" class=\"yoast-schema-graph\">{\"@context\":\"https:\/\/schema.org\",\"@graph\":[{\"@type\":\"WebPage\",\"@id\":\"https:\/\/www.fo-gamapa.de\/en\/data-protection\/information-on-data-protection-when-using-the-website\/\",\"url\":\"https:\/\/www.fo-gamapa.de\/en\/data-protection\/information-on-data-protection-when-using-the-website\/\",\"name\":\"Information on data protection when using the website - GANTEF\u00dcHRER Family Office\",\"isPartOf\":{\"@id\":\"https:\/\/www.fo-gamapa.de\/en\/#website\"},\"primaryImageOfPage\":{\"@id\":\"https:\/\/www.fo-gamapa.de\/en\/data-protection\/information-on-data-protection-when-using-the-website\/#primaryimage\"},\"image\":{\"@id\":\"https:\/\/www.fo-gamapa.de\/en\/data-protection\/information-on-data-protection-when-using-the-website\/#primaryimage\"},\"thumbnailUrl\":\"https:\/\/www.fo-gamapa.de\/wp-content\/uploads\/2020\/09\/Header-Kontakt-11-scaled.jpg\",\"datePublished\":\"2020-09-02T20:00:07+00:00\",\"dateModified\":\"2026-01-22T11:52:00+00:00\",\"inLanguage\":\"en-US\",\"potentialAction\":[{\"@type\":\"ReadAction\",\"target\":[\"https:\/\/www.fo-gamapa.de\/en\/data-protection\/information-on-data-protection-when-using-the-website\/\"]}]},{\"@type\":\"ImageObject\",\"inLanguage\":\"en-US\",\"@id\":\"https:\/\/www.fo-gamapa.de\/en\/data-protection\/information-on-data-protection-when-using-the-website\/#primaryimage\",\"url\":\"https:\/\/www.fo-gamapa.de\/wp-content\/uploads\/2020\/09\/Header-Kontakt-11-scaled.jpg\",\"contentUrl\":\"https:\/\/www.fo-gamapa.de\/wp-content\/uploads\/2020\/09\/Header-Kontakt-11-scaled.jpg\",\"width\":2560,\"height\":764,\"caption\":\"Kontakt\"},{\"@type\":\"WebSite\",\"@id\":\"https:\/\/www.fo-gamapa.de\/en\/#website\",\"url\":\"https:\/\/www.fo-gamapa.de\/en\/\",\"name\":\"GANTEF\u00dcHRER Family Office\",\"description\":\"unabh\u00e4ngiges Multi-Family Office in D\u00fcsseldorf\",\"publisher\":{\"@id\":\"https:\/\/www.fo-gamapa.de\/en\/#organization\"},\"potentialAction\":[{\"@type\":\"SearchAction\",\"target\":{\"@type\":\"EntryPoint\",\"urlTemplate\":\"https:\/\/www.fo-gamapa.de\/en\/?s={search_term_string}\"},\"query-input\":{\"@type\":\"PropertyValueSpecification\",\"valueRequired\":true,\"valueName\":\"search_term_string\"}}],\"inLanguage\":\"en-US\"},{\"@type\":\"Organization\",\"@id\":\"https:\/\/www.fo-gamapa.de\/en\/#organization\",\"name\":\"GANTEF\u00dcHRER Family Office\",\"url\":\"https:\/\/www.fo-gamapa.de\/en\/\",\"logo\":{\"@type\":\"ImageObject\",\"inLanguage\":\"en-US\",\"@id\":\"https:\/\/www.fo-gamapa.de\/en\/#\/schema\/logo\/image\/\",\"url\":\"https:\/\/www.fo-gamapa.de\/wp-content\/uploads\/2023\/04\/Logo-Gantefuehrer-Famiy-Offices.png\",\"contentUrl\":\"https:\/\/www.fo-gamapa.de\/wp-content\/uploads\/2023\/04\/Logo-Gantefuehrer-Famiy-Offices.png\",\"width\":767,\"height\":156,\"caption\":\"GANTEF\u00dcHRER Family Office\"},\"image\":{\"@id\":\"https:\/\/www.fo-gamapa.de\/en\/#\/schema\/logo\/image\/\"}}]}<\/script>\n<!-- \/ Yoast SEO plugin. -->","yoast_head_json":{"title":"Information on data protection when using the website - GANTEF\u00dcHRER Family Office","robots":{"index":"index","follow":"follow","max-snippet":"max-snippet:-1","max-image-preview":"max-image-preview:large","max-video-preview":"max-video-preview:-1"},"canonical":"https:\/\/www.fo-gamapa.de\/en\/data-protection\/information-on-data-protection-when-using-the-website\/","og_locale":"en_US","og_type":"article","og_title":"Information on data protection when using the website - GANTEF\u00dcHRER Family Office","og_description":"This Privacy Policy provides information about which data is collected, processed and used when accessing the website of the law firm Dr. Gantef\u00fchrer, Marquardt &amp; Partner mbB (in short: Gantef\u00fchrer) and for which purposes. 1. Responsibility for data processing and data protection officer The responsibility for the lawful collection, processing and use of user data [\u2026]","og_url":"https:\/\/www.fo-gamapa.de\/en\/data-protection\/information-on-data-protection-when-using-the-website\/","og_site_name":"GANTEF\u00dcHRER Family Office","article_modified_time":"2026-01-22T11:52:00+00:00","og_image":[{"width":2560,"height":764,"url":"https:\/\/www.fo-gamapa.de\/wp-content\/uploads\/2020\/09\/Header-Kontakt-11-scaled.jpg","type":"image\/jpeg"}],"twitter_card":"summary_large_image","twitter_misc":{"Est. reading time":"5 minutes"},"schema":{"@context":"https:\/\/schema.org","@graph":[{"@type":"WebPage","@id":"https:\/\/www.fo-gamapa.de\/en\/data-protection\/information-on-data-protection-when-using-the-website\/","url":"https:\/\/www.fo-gamapa.de\/en\/data-protection\/information-on-data-protection-when-using-the-website\/","name":"Information on data protection when using the website - GANTEF\u00dcHRER Family Office","isPartOf":{"@id":"https:\/\/www.fo-gamapa.de\/en\/#website"},"primaryImageOfPage":{"@id":"https:\/\/www.fo-gamapa.de\/en\/data-protection\/information-on-data-protection-when-using-the-website\/#primaryimage"},"image":{"@id":"https:\/\/www.fo-gamapa.de\/en\/data-protection\/information-on-data-protection-when-using-the-website\/#primaryimage"},"thumbnailUrl":"https:\/\/www.fo-gamapa.de\/wp-content\/uploads\/2020\/09\/Header-Kontakt-11-scaled.jpg","datePublished":"2020-09-02T20:00:07+00:00","dateModified":"2026-01-22T11:52:00+00:00","inLanguage":"en-US","potentialAction":[{"@type":"ReadAction","target":["https:\/\/www.fo-gamapa.de\/en\/data-protection\/information-on-data-protection-when-using-the-website\/"]}]},{"@type":"ImageObject","inLanguage":"en-US","@id":"https:\/\/www.fo-gamapa.de\/en\/data-protection\/information-on-data-protection-when-using-the-website\/#primaryimage","url":"https:\/\/www.fo-gamapa.de\/wp-content\/uploads\/2020\/09\/Header-Kontakt-11-scaled.jpg","contentUrl":"https:\/\/www.fo-gamapa.de\/wp-content\/uploads\/2020\/09\/Header-Kontakt-11-scaled.jpg","width":2560,"height":764,"caption":"Kontakt"},{"@type":"WebSite","@id":"https:\/\/www.fo-gamapa.de\/en\/#website","url":"https:\/\/www.fo-gamapa.de\/en\/","name":"GANTEF\u00dcHRER Family Office","description":"unabh\u00e4ngiges Multi-Family Office in D\u00fcsseldorf","publisher":{"@id":"https:\/\/www.fo-gamapa.de\/en\/#organization"},"potentialAction":[{"@type":"SearchAction","target":{"@type":"EntryPoint","urlTemplate":"https:\/\/www.fo-gamapa.de\/en\/?s={search_term_string}"},"query-input":{"@type":"PropertyValueSpecification","valueRequired":true,"valueName":"search_term_string"}}],"inLanguage":"en-US"},{"@type":"Organization","@id":"https:\/\/www.fo-gamapa.de\/en\/#organization","name":"GANTEF\u00dcHRER Family Office","url":"https:\/\/www.fo-gamapa.de\/en\/","logo":{"@type":"ImageObject","inLanguage":"en-US","@id":"https:\/\/www.fo-gamapa.de\/en\/#\/schema\/logo\/image\/","url":"https:\/\/www.fo-gamapa.de\/wp-content\/uploads\/2023\/04\/Logo-Gantefuehrer-Famiy-Offices.png","contentUrl":"https:\/\/www.fo-gamapa.de\/wp-content\/uploads\/2023\/04\/Logo-Gantefuehrer-Famiy-Offices.png","width":767,"height":156,"caption":"GANTEF\u00dcHRER Family Office"},"image":{"@id":"https:\/\/www.fo-gamapa.de\/en\/#\/schema\/logo\/image\/"}}]}},"uagb_featured_image_src":{"full":["https:\/\/www.fo-gamapa.de\/wp-content\/uploads\/2020\/09\/Header-Kontakt-11-scaled.jpg",2560,764,false],"thumbnail":["https:\/\/www.fo-gamapa.de\/wp-content\/uploads\/2020\/09\/Header-Kontakt-11-150x150.jpg",150,150,true],"medium":["https:\/\/www.fo-gamapa.de\/wp-content\/uploads\/2020\/09\/Header-Kontakt-11-600x179.jpg",600,179,true],"medium_large":["https:\/\/www.fo-gamapa.de\/wp-content\/uploads\/2020\/09\/Header-Kontakt-11-768x229.jpg",580,173,true],"large":["https:\/\/www.fo-gamapa.de\/wp-content\/uploads\/2020\/09\/Header-Kontakt-11-scaled.jpg",580,173,false],"1536x1536":["https:\/\/www.fo-gamapa.de\/wp-content\/uploads\/2020\/09\/Header-Kontakt-11-1536x458.jpg",1536,458,true],"2048x2048":["https:\/\/www.fo-gamapa.de\/wp-content\/uploads\/2020\/09\/Header-Kontakt-11-2048x611.jpg",2048,611,true],"post-thumbnail":["https:\/\/www.fo-gamapa.de\/wp-content\/uploads\/2020\/09\/Header-Kontakt-11-scaled.jpg",2560,764,false],"twentytwenty-fullscreen":["https:\/\/www.fo-gamapa.de\/wp-content\/uploads\/2020\/09\/Header-Kontakt-11-scaled.jpg",2560,764,false],"theme-slug-single-post":["https:\/\/www.fo-gamapa.de\/wp-content\/uploads\/2020\/09\/Header-Kontakt-11-1600x400.jpg",1600,400,true]},"uagb_author_info":{"display_name":"linda","author_link":"https:\/\/www.fo-gamapa.de\/en\/author\/linda\/"},"uagb_comment_info":0,"uagb_excerpt":"This Privacy Policy provides information about which data is collected, processed and used when accessing the website of the law firm Dr. Gantef\u00fchrer, Marquardt &amp; Partner mbB (in short: Gantef\u00fchrer) and for which purposes. 1. Responsibility for data processing and data protection officer The responsibility for the lawful collection, processing and use of user data&hellip;","_links":{"self":[{"href":"https:\/\/www.fo-gamapa.de\/en\/wp-json\/wp\/v2\/pages\/4990","targetHints":{"allow":["GET"]}}],"collection":[{"href":"https:\/\/www.fo-gamapa.de\/en\/wp-json\/wp\/v2\/pages"}],"about":[{"href":"https:\/\/www.fo-gamapa.de\/en\/wp-json\/wp\/v2\/types\/page"}],"author":[{"embeddable":true,"href":"https:\/\/www.fo-gamapa.de\/en\/wp-json\/wp\/v2\/users\/1"}],"replies":[{"embeddable":true,"href":"https:\/\/www.fo-gamapa.de\/en\/wp-json\/wp\/v2\/comments?post=4990"}],"version-history":[{"count":6,"href":"https:\/\/www.fo-gamapa.de\/en\/wp-json\/wp\/v2\/pages\/4990\/revisions"}],"predecessor-version":[{"id":15396,"href":"https:\/\/www.fo-gamapa.de\/en\/wp-json\/wp\/v2\/pages\/4990\/revisions\/15396"}],"up":[{"embeddable":true,"href":"https:\/\/www.fo-gamapa.de\/en\/wp-json\/wp\/v2\/pages\/4979"}],"wp:featuredmedia":[{"embeddable":true,"href":"https:\/\/www.fo-gamapa.de\/en\/wp-json\/wp\/v2\/media\/4299"}],"wp:attachment":[{"href":"https:\/\/www.fo-gamapa.de\/en\/wp-json\/wp\/v2\/media?parent=4990"}],"curies":[{"name":"wp","href":"https:\/\/api.w.org\/{rel}","templated":true}]}}